{"id":16799,"date":"2026-02-27T00:32:16","date_gmt":"2026-02-27T00:32:16","guid":{"rendered":"https:\/\/nordicmart.andreevmaster.com\/product\/masterkidz-fonstermalningsstaffli-med-dubbelsidig-tavla\/"},"modified":"2026-02-27T08:22:26","modified_gmt":"2026-02-27T08:22:26","slug":"masterkidz-fonstermalningsstaffli-med-dubbelsidig-tavla","status":"publish","type":"product","link":"https:\/\/nordicmart.andreevmaster.com\/sv\/produkt\/masterkidz-fonstermalningsstaffli-med-dubbelsidig-tavla\/","title":{"rendered":"MASTERKIDZ F\u00f6nsterm\u00e5lningsstaffli med dubbelsidig tavla"},"content":{"rendered":"<p>En dubbelsidig m\u00e5larstaffli \u00e4r ett utm\u00e4rkt val som inte bara ger timmar av n\u00f6je, utan ocks\u00e5 hj\u00e4lper till att utveckla fantasi, kreativitet och manuell skicklighet! V\u00e5r staffli sticker ut tack vare sin transparenta akrylyta, som g\u00f6r att barn inte bara kan m\u00e5la det som deras fantasi s\u00e4ger dem, utan ocks\u00e5 inspireras av sin omgivning och m\u00e5la f\u00f6rem\u00e5l och m\u00e4nniskor p\u00e5 andra sidan. Det \u00e4r den perfekta l\u00f6sningen f\u00f6r att leka ensam, i par eller till och med i en liten grupp!<\/p>\n<p>KOPPSETET ME32287 \u00c4R KOMPATIBELT MED TAVLAN.<\/p>\n<p>Egenskaper:<\/p>\n<p>&#8211; Inkluderar en stor transparent akrylyta f\u00f6r m\u00e5lning. &#8211; N\u00e5r \u00e4nda ner till golvet, s\u00e5 att barn i alla \u00e5ldrar kan arbeta bekv\u00e4mt &#8211; Staffliet \u00e4r l\u00e4tt att flytta och kan st\u00e4llas upp var som helst &#8211; Torka bara av ytan med en fuktig trasa s\u00e5 \u00e4r du redo att b\u00f6rja om igen!<\/p>\n<p>Leksaken utvecklar:<\/p>\n<p>&#8211; Kreativitet och fantasi &#8211; Experimenterande med f\u00e4rger och m\u00e5lningstekniker &#8211; Visuell perception och motorisk koordination &#8211; Samarbete och lek tillsammans<\/p>\n","protected":false},"excerpt":{"rendered":"<p>En dubbelsidig m\u00e5larstaffli \u00e4r ett utm\u00e4rkt val som inte bara ger timmar av n\u00f6je, utan ocks\u00e5 hj\u00e4lper till att utveckla fantasi, kreativitet och manuell skicklighet! V\u00e5r staffli sticker ut tack vare sin transparenta akrylyta, som g\u00f6r att barn inte bara kan m\u00e5la det som deras fantasi s\u00e4ger dem, utan ocks\u00e5 inspireras av sin omgivning och [&hellip;]<\/p>\n","protected":false},"featured_media":0,"comment_status":"open","ping_status":"closed","template":"","meta":[],"product_brand":[],"product_cat":[33],"product_tag":[],"class_list":{"0":"post-16799","1":"product","2":"type-product","3":"status-publish","5":"product_cat-okategoriserad","7":"first","8":"instock","9":"shipping-taxable","10":"purchasable","11":"product-type-simple"},"_links":{"self":[{"href":"https:\/\/nordicmart.andreevmaster.com\/sv\/wp-json\/wp\/v2\/product\/16799","targetHints":{"allow":["GET"]}}],"collection":[{"href":"https:\/\/nordicmart.andreevmaster.com\/sv\/wp-json\/wp\/v2\/product"}],"about":[{"href":"https:\/\/nordicmart.andreevmaster.com\/sv\/wp-json\/wp\/v2\/types\/product"}],"replies":[{"embeddable":true,"href":"https:\/\/nordicmart.andreevmaster.com\/sv\/wp-json\/wp\/v2\/comments?post=16799"}],"wp:attachment":[{"href":"https:\/\/nordicmart.andreevmaster.com\/sv\/wp-json\/wp\/v2\/media?parent=16799"}],"wp:term":[{"taxonomy":"product_brand","embeddable":true,"href":"https:\/\/nordicmart.andreevmaster.com\/sv\/wp-json\/wp\/v2\/product_brand?post=16799"},{"taxonomy":"product_cat","embeddable":true,"href":"https:\/\/nordicmart.andreevmaster.com\/sv\/wp-json\/wp\/v2\/product_cat?post=16799"},{"taxonomy":"product_tag","embeddable":true,"href":"https:\/\/nordicmart.andreevmaster.com\/sv\/wp-json\/wp\/v2\/product_tag?post=16799"}],"curies":[{"name":"wp","href":"https:\/\/api.w.org\/{rel}","templated":true}]}}