{"id":16798,"date":"2026-02-27T00:32:16","date_gmt":"2026-02-27T00:32:16","guid":{"rendered":"https:\/\/nordicmart.andreevmaster.com\/product\/masterkidz-touch-and-guess-shape-recognition-set-12-pieces-2\/"},"modified":"2026-02-27T08:22:26","modified_gmt":"2026-02-27T08:22:26","slug":"masterkidz-touch-and-guess-shape-recognition-set-12-pieces-2","status":"publish","type":"product","link":"https:\/\/nordicmart.andreevmaster.com\/sv\/produkt\/masterkidz-touch-and-guess-shape-recognition-set-12-pieces-2\/","title":{"rendered":"MASTERKIDZ Touch and Guess Shape Recognition Set, 12 Pieces"},"content":{"rendered":"<p>Masterkidz Wooden Sensory Set \u00e4r ett pedagogiskt leksak som hj\u00e4lper barn att utveckla sin k\u00e4nsel och f\u00f6rst\u00e4rka sina kunskaper om geometriska former. Setet best\u00e5r av 12 tr\u00e4klossar i olika former. Barnets uppgift \u00e4r att gissa vilken form de h\u00e5ller i handen med hj\u00e4lp av sin k\u00e4nsel, utan att titta p\u00e5 den. Det \u00e4r ett utm\u00e4rkt s\u00e4tt att \u00f6va formigenk\u00e4nning och l\u00e4ra sig genom lek. Leksaken \u00e4r f\u00f6rpackad i en praktisk tr\u00e4l\u00e5da f\u00f6r enkel f\u00f6rvaring. Setet fungerar b\u00e4st i kombination med spelboxen Guess by Touch (ME04055).<\/p>\n<p>\u2705 Egenskaper:<\/p>\n<p>\u2714\ufe0f Setet inneh\u00e5ller 12 geometriska former i tr\u00e4.<\/p>\n<p>\u2714\ufe0f Tillverkad av h\u00f6gkvalitativt tr\u00e4.<\/p>\n<p>\u2714\ufe0f Levereras med en praktisk f\u00f6rvaringsl\u00e5da i tr\u00e4.<\/p>\n<p>\u2705 Leksaken utvecklar:<\/p>\n<p>\u2714\ufe0f Manuell skicklighet och motorisk koordination<\/p>\n<p>\u2714\ufe0f Kunskap om geometriska former<\/p>\n<p>\u2714\ufe0f Logiskt t\u00e4nkande och koncentrationsf\u00f6rm\u00e5ga<\/p>\n<p>[img-47173-left-thickbox_default]<\/p>\n","protected":false},"excerpt":{"rendered":"<p>Masterkidz Wooden Sensory Set \u00e4r ett pedagogiskt leksak som hj\u00e4lper barn att utveckla sin k\u00e4nsel och f\u00f6rst\u00e4rka sina kunskaper om geometriska former. Setet best\u00e5r av 12 tr\u00e4klossar i olika former. Barnets uppgift \u00e4r att gissa vilken form de h\u00e5ller i handen med hj\u00e4lp av sin k\u00e4nsel, utan att titta p\u00e5 den. Det \u00e4r ett utm\u00e4rkt [&hellip;]<\/p>\n","protected":false},"featured_media":0,"comment_status":"open","ping_status":"closed","template":"","meta":[],"product_brand":[],"product_cat":[33],"product_tag":[],"class_list":{"0":"post-16798","1":"product","2":"type-product","3":"status-publish","5":"product_cat-okategoriserad","7":"first","8":"instock","9":"shipping-taxable","10":"purchasable","11":"product-type-simple"},"_links":{"self":[{"href":"https:\/\/nordicmart.andreevmaster.com\/sv\/wp-json\/wp\/v2\/product\/16798","targetHints":{"allow":["GET"]}}],"collection":[{"href":"https:\/\/nordicmart.andreevmaster.com\/sv\/wp-json\/wp\/v2\/product"}],"about":[{"href":"https:\/\/nordicmart.andreevmaster.com\/sv\/wp-json\/wp\/v2\/types\/product"}],"replies":[{"embeddable":true,"href":"https:\/\/nordicmart.andreevmaster.com\/sv\/wp-json\/wp\/v2\/comments?post=16798"}],"wp:attachment":[{"href":"https:\/\/nordicmart.andreevmaster.com\/sv\/wp-json\/wp\/v2\/media?parent=16798"}],"wp:term":[{"taxonomy":"product_brand","embeddable":true,"href":"https:\/\/nordicmart.andreevmaster.com\/sv\/wp-json\/wp\/v2\/product_brand?post=16798"},{"taxonomy":"product_cat","embeddable":true,"href":"https:\/\/nordicmart.andreevmaster.com\/sv\/wp-json\/wp\/v2\/product_cat?post=16798"},{"taxonomy":"product_tag","embeddable":true,"href":"https:\/\/nordicmart.andreevmaster.com\/sv\/wp-json\/wp\/v2\/product_tag?post=16798"}],"curies":[{"name":"wp","href":"https:\/\/api.w.org\/{rel}","templated":true}]}}