{"id":16797,"date":"2026-02-27T00:32:15","date_gmt":"2026-02-27T00:32:15","guid":{"rendered":"https:\/\/nordicmart.andreevmaster.com\/product\/masterkidz-timglas-set-lar-dig-om-tid\/"},"modified":"2026-02-27T08:22:26","modified_gmt":"2026-02-27T08:22:26","slug":"masterkidz-timglas-set-lar-dig-om-tid","status":"publish","type":"product","link":"https:\/\/nordicmart.andreevmaster.com\/sv\/produkt\/masterkidz-timglas-set-lar-dig-om-tid\/","title":{"rendered":"MASTERKIDZ Timglas-set \u2013 L\u00e4r dig om tid"},"content":{"rendered":"<p>Att l\u00e4ra sig om tid \u00e4r fascinerande! Timglas v\u00e4cker ocks\u00e5 otroliga k\u00e4nslor hos barn, s\u00e5 att kombinera l\u00e4rande och lek \u00e4r den b\u00e4sta l\u00f6sningen.<\/p>\n<p>Setet best\u00e5r av 4 timglas. Varje timglas har sand i olika f\u00e4rger och r\u00e4knar ner olika l\u00e5ng tid.<\/p>\n<p>Timglas kan anv\u00e4ndas f\u00f6r att l\u00e4ra barn hur tiden g\u00e5r och vad tidsenheter \u00e4r, samt f\u00f6r att utf\u00f6ra tidsbaserade aktiviteter. De g\u00f6r inl\u00e4rningen mycket roligare.<\/p>\n","protected":false},"excerpt":{"rendered":"<p>Att l\u00e4ra sig om tid \u00e4r fascinerande! Timglas v\u00e4cker ocks\u00e5 otroliga k\u00e4nslor hos barn, s\u00e5 att kombinera l\u00e4rande och lek \u00e4r den b\u00e4sta l\u00f6sningen. Setet best\u00e5r av 4 timglas. Varje timglas har sand i olika f\u00e4rger och r\u00e4knar ner olika l\u00e5ng tid. Timglas kan anv\u00e4ndas f\u00f6r att l\u00e4ra barn hur tiden g\u00e5r och vad tidsenheter [&hellip;]<\/p>\n","protected":false},"featured_media":0,"comment_status":"open","ping_status":"closed","template":"","meta":[],"product_brand":[],"product_cat":[33],"product_tag":[],"class_list":{"0":"post-16797","1":"product","2":"type-product","3":"status-publish","5":"product_cat-okategoriserad","7":"first","8":"instock","9":"shipping-taxable","10":"purchasable","11":"product-type-simple"},"_links":{"self":[{"href":"https:\/\/nordicmart.andreevmaster.com\/sv\/wp-json\/wp\/v2\/product\/16797","targetHints":{"allow":["GET"]}}],"collection":[{"href":"https:\/\/nordicmart.andreevmaster.com\/sv\/wp-json\/wp\/v2\/product"}],"about":[{"href":"https:\/\/nordicmart.andreevmaster.com\/sv\/wp-json\/wp\/v2\/types\/product"}],"replies":[{"embeddable":true,"href":"https:\/\/nordicmart.andreevmaster.com\/sv\/wp-json\/wp\/v2\/comments?post=16797"}],"wp:attachment":[{"href":"https:\/\/nordicmart.andreevmaster.com\/sv\/wp-json\/wp\/v2\/media?parent=16797"}],"wp:term":[{"taxonomy":"product_brand","embeddable":true,"href":"https:\/\/nordicmart.andreevmaster.com\/sv\/wp-json\/wp\/v2\/product_brand?post=16797"},{"taxonomy":"product_cat","embeddable":true,"href":"https:\/\/nordicmart.andreevmaster.com\/sv\/wp-json\/wp\/v2\/product_cat?post=16797"},{"taxonomy":"product_tag","embeddable":true,"href":"https:\/\/nordicmart.andreevmaster.com\/sv\/wp-json\/wp\/v2\/product_tag?post=16797"}],"curies":[{"name":"wp","href":"https:\/\/api.w.org\/{rel}","templated":true}]}}