{"id":16796,"date":"2026-02-27T00:32:15","date_gmt":"2026-02-27T00:32:15","guid":{"rendered":"https:\/\/nordicmart.andreevmaster.com\/product\/masterkidz-stor-trastaffli-for-malning\/"},"modified":"2026-02-27T08:22:26","modified_gmt":"2026-02-27T08:22:26","slug":"masterkidz-stor-trastaffli-for-malning","status":"publish","type":"product","link":"https:\/\/nordicmart.andreevmaster.com\/sv\/produkt\/masterkidz-stor-trastaffli-for-malning\/","title":{"rendered":"MASTERKIDZ Stor tr\u00e4staffli f\u00f6r m\u00e5lning"},"content":{"rendered":"<p>Masterkidz m\u00e5larf\u00f6nster \u00e4r en fantastisk kreativ leksak som hj\u00e4lper ditt barn att utveckla sina konstn\u00e4rliga f\u00e4rdigheter. Staffliet har plats f\u00f6r f\u00f6rvaring av favoritf\u00e4rger, pennor och penslar s\u00e5 att de alltid finns till hands. F\u00f6nstret kan m\u00e5las p\u00e5 b\u00e5da sidor, s\u00e5 att tv\u00e5 barn kan leka samtidigt. Akrylglaset \u00e4r mycket l\u00e4tt att reng\u00f6ra, s\u00e5 barnen kan b\u00f6rja om och m\u00e5la olika motiv n\u00e4r de vill.F\u00f6nstret kan f\u00f6rses med en pappersrulle, s\u00e5 att ditt barn kan leka genom att m\u00e5la p\u00e5 papper eller glas, precis som det vill. F\u00f6nstret \u00e4r tillr\u00e4ckligt stort f\u00f6r att upp till fyra barn ska kunna leka samtidigt. Leksaken \u00e4r tillverkad av tr\u00e4. Genom att v\u00e4lja Masterkidz tr\u00e4leksaker tar du hand om milj\u00f6n och minskar plastavfallet.<\/p>\n<p>Masterkidz leksaker \u00e4r h\u00f6gkvalitativa, h\u00e5llbara och s\u00e4kra pedagogiska leksaker av tr\u00e4. Designade och anpassade f\u00f6r olika stadier av barns utveckling. Kreativt, \u00e4ventyrligt och pedagogiskt lekande \u00e4r de st\u00f6rsta f\u00f6rdelarna med detta m\u00e4rkes leksaker. Ov\u00e4rderligt st\u00f6d f\u00f6r Montessori-metoden. Det b\u00e4sta valet f\u00f6r ditt hem, dagis, hotell eller restaurang. Skapa den perfekta lekh\u00f6rnan eller en stor pedagogisk v\u00e4gg. Erbjudandet inkluderar v\u00e4ggmonterade och mobila tavlor, upplysta bord och paneler f\u00f6r att leka med f\u00e4rger. Tematiska pedagogiska moduler och mycket mer. Ett otroligt stort antal tillbeh\u00f6r och o\u00e4ndliga m\u00f6jligheter f\u00f6r kreativt lekande.<\/p>\n","protected":false},"excerpt":{"rendered":"<p>Masterkidz m\u00e5larf\u00f6nster \u00e4r en fantastisk kreativ leksak som hj\u00e4lper ditt barn att utveckla sina konstn\u00e4rliga f\u00e4rdigheter. Staffliet har plats f\u00f6r f\u00f6rvaring av favoritf\u00e4rger, pennor och penslar s\u00e5 att de alltid finns till hands. F\u00f6nstret kan m\u00e5las p\u00e5 b\u00e5da sidor, s\u00e5 att tv\u00e5 barn kan leka samtidigt. Akrylglaset \u00e4r mycket l\u00e4tt att reng\u00f6ra, s\u00e5 barnen kan [&hellip;]<\/p>\n","protected":false},"featured_media":0,"comment_status":"open","ping_status":"closed","template":"","meta":[],"product_brand":[],"product_cat":[33],"product_tag":[],"class_list":{"0":"post-16796","1":"product","2":"type-product","3":"status-publish","5":"product_cat-okategoriserad","7":"first","8":"instock","9":"shipping-taxable","10":"purchasable","11":"product-type-simple"},"_links":{"self":[{"href":"https:\/\/nordicmart.andreevmaster.com\/sv\/wp-json\/wp\/v2\/product\/16796","targetHints":{"allow":["GET"]}}],"collection":[{"href":"https:\/\/nordicmart.andreevmaster.com\/sv\/wp-json\/wp\/v2\/product"}],"about":[{"href":"https:\/\/nordicmart.andreevmaster.com\/sv\/wp-json\/wp\/v2\/types\/product"}],"replies":[{"embeddable":true,"href":"https:\/\/nordicmart.andreevmaster.com\/sv\/wp-json\/wp\/v2\/comments?post=16796"}],"wp:attachment":[{"href":"https:\/\/nordicmart.andreevmaster.com\/sv\/wp-json\/wp\/v2\/media?parent=16796"}],"wp:term":[{"taxonomy":"product_brand","embeddable":true,"href":"https:\/\/nordicmart.andreevmaster.com\/sv\/wp-json\/wp\/v2\/product_brand?post=16796"},{"taxonomy":"product_cat","embeddable":true,"href":"https:\/\/nordicmart.andreevmaster.com\/sv\/wp-json\/wp\/v2\/product_cat?post=16796"},{"taxonomy":"product_tag","embeddable":true,"href":"https:\/\/nordicmart.andreevmaster.com\/sv\/wp-json\/wp\/v2\/product_tag?post=16796"}],"curies":[{"name":"wp","href":"https:\/\/api.w.org\/{rel}","templated":true}]}}