{"id":16795,"date":"2026-02-27T00:32:15","date_gmt":"2026-02-27T00:32:15","guid":{"rendered":"https:\/\/nordicmart.andreevmaster.com\/product\/masterkidz-2-i-1-skrivbordsmalningsfonsterstativ-for-tavlor\/"},"modified":"2026-02-27T08:22:26","modified_gmt":"2026-02-27T08:22:26","slug":"masterkidz-2-i-1-skrivbordsmalningsfonsterstativ-for-tavlor","status":"publish","type":"product","link":"https:\/\/nordicmart.andreevmaster.com\/sv\/produkt\/masterkidz-2-i-1-skrivbordsmalningsfonsterstativ-for-tavlor\/","title":{"rendered":"MASTERKIDZ 2-i-1 skrivbordsm\u00e5lningsf\u00f6nsterstativ f\u00f6r tavlor"},"content":{"rendered":"<p>Masterkidz f\u00f6nsterstaffli \u00e4r en unik leksak som kommer att v\u00e4cka dina sm\u00e5 barns kreativitet. F\u00f6nstrets dubbelsidiga glasytor g\u00f6r att tv\u00e5 barn kan m\u00e5la samtidigt. Akrylglaset \u00e4r tv\u00e4ttbart, s\u00e5 leken kan p\u00e5g\u00e5 i timmar och barnen kan skapa nya bilder i o\u00e4ndlighet. M\u00e5lning \u00e4r ett viktigt steg i utvecklingen f\u00f6r alla barn, s\u00e4rskilt barn med autism, Aspergers syndrom och SI-st\u00f6rningar. Det g\u00f6r det l\u00e4ttare f\u00f6r dem att kommunicera med sin omgivning. <\/p>\n<p>Staffliet \u00e4r monterat p\u00e5 ett kort stativ som kan f\u00e4stas p\u00e5 ett skrivbord. Det \u00e4r en praktisk l\u00f6sning som g\u00f6r att barnet har alla sina m\u00e5larredskap inom r\u00e4ckh\u00e5ll. Stativet har ocks\u00e5 en speciell plats f\u00f6r f\u00f6rvaring av f\u00e4rger och penslar, s\u00e5 att allt har sin plats och det \u00e4r l\u00e4ttare att h\u00e5lla ordning. <\/p>\n<p>F\u00f6nsterstaffliets andra funktion \u00e4r som stativ f\u00f6r Masterkidz v\u00e4ggtavlor. Detta \u00e4r en utm\u00e4rkt l\u00f6sning som g\u00f6r tavlorna mer mobila och inneb\u00e4r att de inte beh\u00f6ver monteras p\u00e5 v\u00e4ggen. Tack vare denna l\u00f6sning kan barnen ta med sig sina favorittavlor utomhus f\u00f6r att leka i friska luften.<\/p>\n<p>Leksaken \u00e4r tillverkad av tr\u00e4. Genom att v\u00e4lja Masterkidz pedagogiska tr\u00e4leksaker f\u00f6r barn tar du hand om milj\u00f6n och minskar plastavfallet.<\/p>\n<p>Erbjudandet inkluderar ett f\u00f6nsterstaffli och ett Masterkidz Flex 2-i-1 skrivbordsstativ.<\/p>\n<p>Masterkidz leksaker \u00e4r h\u00f6gkvalitativa, h\u00e5llbara och s\u00e4kra pedagogiska tr\u00e4leksaker. Designade och anpassade f\u00f6r olika stadier av barns utveckling. Kreativt, \u00e4ventyrligt och pedagogiskt lekande \u00e4r de st\u00f6rsta f\u00f6rdelarna med detta m\u00e4rkes leksaker. Ov\u00e4rderligt st\u00f6d f\u00f6r Montessori-metoden. Det b\u00e4sta valet f\u00f6r ditt hem, dagis, hotell eller restaurang. Skapa den perfekta lekh\u00f6rnan eller en stor pedagogisk v\u00e4gg. Erbjudandet inkluderar v\u00e4ggmonterade och mobila tavlor, upplysta bord och paneler f\u00f6r att leka med f\u00e4rger. Tematiska pedagogiska moduler och mycket mer. Ett otroligt stort antal tillbeh\u00f6r och o\u00e4ndliga m\u00f6jligheter f\u00f6r kreativt lekande.<\/p>\n","protected":false},"excerpt":{"rendered":"<p>Masterkidz f\u00f6nsterstaffli \u00e4r en unik leksak som kommer att v\u00e4cka dina sm\u00e5 barns kreativitet. F\u00f6nstrets dubbelsidiga glasytor g\u00f6r att tv\u00e5 barn kan m\u00e5la samtidigt. Akrylglaset \u00e4r tv\u00e4ttbart, s\u00e5 leken kan p\u00e5g\u00e5 i timmar och barnen kan skapa nya bilder i o\u00e4ndlighet. M\u00e5lning \u00e4r ett viktigt steg i utvecklingen f\u00f6r alla barn, s\u00e4rskilt barn med autism, [&hellip;]<\/p>\n","protected":false},"featured_media":0,"comment_status":"open","ping_status":"closed","template":"","meta":[],"product_brand":[],"product_cat":[33],"product_tag":[],"class_list":{"0":"post-16795","1":"product","2":"type-product","3":"status-publish","5":"product_cat-okategoriserad","7":"first","8":"instock","9":"shipping-taxable","10":"purchasable","11":"product-type-simple"},"_links":{"self":[{"href":"https:\/\/nordicmart.andreevmaster.com\/sv\/wp-json\/wp\/v2\/product\/16795","targetHints":{"allow":["GET"]}}],"collection":[{"href":"https:\/\/nordicmart.andreevmaster.com\/sv\/wp-json\/wp\/v2\/product"}],"about":[{"href":"https:\/\/nordicmart.andreevmaster.com\/sv\/wp-json\/wp\/v2\/types\/product"}],"replies":[{"embeddable":true,"href":"https:\/\/nordicmart.andreevmaster.com\/sv\/wp-json\/wp\/v2\/comments?post=16795"}],"wp:attachment":[{"href":"https:\/\/nordicmart.andreevmaster.com\/sv\/wp-json\/wp\/v2\/media?parent=16795"}],"wp:term":[{"taxonomy":"product_brand","embeddable":true,"href":"https:\/\/nordicmart.andreevmaster.com\/sv\/wp-json\/wp\/v2\/product_brand?post=16795"},{"taxonomy":"product_cat","embeddable":true,"href":"https:\/\/nordicmart.andreevmaster.com\/sv\/wp-json\/wp\/v2\/product_cat?post=16795"},{"taxonomy":"product_tag","embeddable":true,"href":"https:\/\/nordicmart.andreevmaster.com\/sv\/wp-json\/wp\/v2\/product_tag?post=16795"}],"curies":[{"name":"wp","href":"https:\/\/api.w.org\/{rel}","templated":true}]}}