{"id":16794,"date":"2026-02-27T00:32:14","date_gmt":"2026-02-27T00:32:14","guid":{"rendered":"https:\/\/nordicmart.andreevmaster.com\/product\/masterkidz-sensorisk-led-panelbox\/"},"modified":"2026-02-27T08:22:25","modified_gmt":"2026-02-27T08:22:25","slug":"masterkidz-sensorisk-led-panelbox","status":"publish","type":"product","link":"https:\/\/nordicmart.andreevmaster.com\/sv\/produkt\/masterkidz-sensorisk-led-panelbox\/","title":{"rendered":"MASTERKIDZ Sensorisk LED-panelbox"},"content":{"rendered":"<p>MASTERKIDZ LED-sensorisk panelbox. En robust LED-l\u00e5da i tr\u00e4 med vitt ljus fr\u00e5n det v\u00e4lk\u00e4nda f\u00f6retaget Masterkidz. Den m\u00f6jligg\u00f6r olika typer av aktiviteter som st\u00f6der utvecklingen av kreativitet, t.ex. att blanda f\u00e4rger och andra STEM-inl\u00e4rningsmetoder. Vackra effekter kan uppn\u00e5s n\u00e4r ljuset lyser genom olika material, s\u00e5som l\u00f6v, papper, en bricka med sand etc. Fungerar perfekt med Masterkidz fyrkantiga sandbricka eller Masterkidz transparenta vattenbricka.Ljusl\u00e5dan \u00e4r INTE vattent\u00e4t. Tillverkad av europeiskt boktr\u00e4 och rysk bj\u00f6rkplywood. Kabell\u00e4ngden \u00e4r 1,5 m. Masterkidz-leksaker \u00e4r h\u00f6gkvalitativa, h\u00e5llbara och s\u00e4kra pedagogiska leksaker av tr\u00e4. Designade och anpassade f\u00f6r olika stadier av barns utveckling. Kreativt, \u00e4ventyrligt och pedagogiskt lekande \u00e4r de fr\u00e4msta f\u00f6rdelarna med detta varum\u00e4rkes leksaker. Ov\u00e4rderligt st\u00f6d f\u00f6r Montessori-metoden. Det b\u00e4sta valet f\u00f6r ditt hem, dagis, hotell eller restaurang. Skapa den perfekta lekh\u00f6rnan eller en stor pedagogisk v\u00e4gg. Erbjudandet inkluderar v\u00e4ggmonterade och mobila tavlor, upplysta bord och paneler f\u00f6r att leka med f\u00e4rger. Tematiska pedagogiska moduler och mycket mer. Ett otroligt stort antal tillbeh\u00f6r och o\u00e4ndliga m\u00f6jligheter f\u00f6r kreativt lekande.<\/p>\n","protected":false},"excerpt":{"rendered":"<p>MASTERKIDZ LED-sensorisk panelbox. En robust LED-l\u00e5da i tr\u00e4 med vitt ljus fr\u00e5n det v\u00e4lk\u00e4nda f\u00f6retaget Masterkidz. Den m\u00f6jligg\u00f6r olika typer av aktiviteter som st\u00f6der utvecklingen av kreativitet, t.ex. att blanda f\u00e4rger och andra STEM-inl\u00e4rningsmetoder. Vackra effekter kan uppn\u00e5s n\u00e4r ljuset lyser genom olika material, s\u00e5som l\u00f6v, papper, en bricka med sand etc. Fungerar perfekt med [&hellip;]<\/p>\n","protected":false},"featured_media":0,"comment_status":"open","ping_status":"closed","template":"","meta":[],"product_brand":[],"product_cat":[33],"product_tag":[],"class_list":{"0":"post-16794","1":"product","2":"type-product","3":"status-publish","5":"product_cat-okategoriserad","7":"first","8":"instock","9":"shipping-taxable","10":"purchasable","11":"product-type-simple"},"_links":{"self":[{"href":"https:\/\/nordicmart.andreevmaster.com\/sv\/wp-json\/wp\/v2\/product\/16794","targetHints":{"allow":["GET"]}}],"collection":[{"href":"https:\/\/nordicmart.andreevmaster.com\/sv\/wp-json\/wp\/v2\/product"}],"about":[{"href":"https:\/\/nordicmart.andreevmaster.com\/sv\/wp-json\/wp\/v2\/types\/product"}],"replies":[{"embeddable":true,"href":"https:\/\/nordicmart.andreevmaster.com\/sv\/wp-json\/wp\/v2\/comments?post=16794"}],"wp:attachment":[{"href":"https:\/\/nordicmart.andreevmaster.com\/sv\/wp-json\/wp\/v2\/media?parent=16794"}],"wp:term":[{"taxonomy":"product_brand","embeddable":true,"href":"https:\/\/nordicmart.andreevmaster.com\/sv\/wp-json\/wp\/v2\/product_brand?post=16794"},{"taxonomy":"product_cat","embeddable":true,"href":"https:\/\/nordicmart.andreevmaster.com\/sv\/wp-json\/wp\/v2\/product_cat?post=16794"},{"taxonomy":"product_tag","embeddable":true,"href":"https:\/\/nordicmart.andreevmaster.com\/sv\/wp-json\/wp\/v2\/product_tag?post=16794"}],"curies":[{"name":"wp","href":"https:\/\/api.w.org\/{rel}","templated":true}]}}