{"id":16793,"date":"2026-02-27T00:32:14","date_gmt":"2026-02-27T00:32:14","guid":{"rendered":"https:\/\/nordicmart.andreevmaster.com\/product\/masterkidz-sensoriskt-leksak-kanna-igen-bokstaver-siffror-och-former-genom-beroring-montessori\/"},"modified":"2026-02-27T08:22:25","modified_gmt":"2026-02-27T08:22:25","slug":"masterkidz-sensoriskt-leksak-kanna-igen-bokstaver-siffror-och-former-genom-beroring-montessori","status":"publish","type":"product","link":"https:\/\/nordicmart.andreevmaster.com\/sv\/produkt\/masterkidz-sensoriskt-leksak-kanna-igen-bokstaver-siffror-och-former-genom-beroring-montessori\/","title":{"rendered":"MASTERKIDZ Sensoriskt leksak K\u00e4nna igen bokst\u00e4ver, siffror och former genom ber\u00f6ring Montessori"},"content":{"rendered":"<p>Masterkidz Wooden Sensory Set \u00e4r ett pedagogiskt leksak som hj\u00e4lper barn att utveckla sin k\u00e4nsel och f\u00f6rst\u00e4rka sina kunskaper om bokst\u00e4ver, siffror och former. Setet best\u00e5r av 40 tr\u00e4plattor med ingraverade symboler. Barnets uppgift \u00e4r att gissa vad som finns p\u00e5 plattan med hj\u00e4lp av sin k\u00e4nsel, utan att titta p\u00e5 den. Det \u00e4r ett utm\u00e4rkt s\u00e4tt att \u00f6va formigenk\u00e4nning och l\u00e4ra sig genom lek. Leksaken \u00e4r f\u00f6rpackad i en praktisk tr\u00e4l\u00e5da f\u00f6r enkel f\u00f6rvaring. Setet fungerar b\u00e4st i kombination med spelboxen Guess by Touch (ME04055)<\/p>\n<p>\u2705 Egenskaper:<\/p>\n<p>\u2714\ufe0f Setet inneh\u00e5ller 40 tr\u00e4plattor med ingraverade bokst\u00e4ver, siffror och symboler<br \/>\n\u2714\ufe0f Tillverkad av h\u00f6gkvalitativt tr\u00e4<br \/>\n\u2714\ufe0f Tillverkad av h\u00f6gkvalitativt tr\u00e4<\/p>\n<p>\u2714\ufe0f Levereras med en praktisk f\u00f6rvaringsl\u00e5da i tr\u00e4<\/p>\n<p>\u2705 Leksaken utvecklar:<\/p>\n<p>\u2714\ufe0f Manuell skicklighet och motorisk koordination<\/p>\n<p>\u2714\ufe0f Kunskap om bokst\u00e4ver, siffror och grundl\u00e4ggande geometriska former<\/p>\n<p>\u2714\ufe0f Logiskt t\u00e4nkande och koncentrationsf\u00f6rm\u00e5ga<\/p>\n","protected":false},"excerpt":{"rendered":"<p>Masterkidz Wooden Sensory Set \u00e4r ett pedagogiskt leksak som hj\u00e4lper barn att utveckla sin k\u00e4nsel och f\u00f6rst\u00e4rka sina kunskaper om bokst\u00e4ver, siffror och former. Setet best\u00e5r av 40 tr\u00e4plattor med ingraverade symboler. Barnets uppgift \u00e4r att gissa vad som finns p\u00e5 plattan med hj\u00e4lp av sin k\u00e4nsel, utan att titta p\u00e5 den. Det \u00e4r ett [&hellip;]<\/p>\n","protected":false},"featured_media":0,"comment_status":"open","ping_status":"closed","template":"","meta":[],"product_brand":[],"product_cat":[33],"product_tag":[],"class_list":{"0":"post-16793","1":"product","2":"type-product","3":"status-publish","5":"product_cat-okategoriserad","7":"first","8":"instock","9":"shipping-taxable","10":"purchasable","11":"product-type-simple"},"_links":{"self":[{"href":"https:\/\/nordicmart.andreevmaster.com\/sv\/wp-json\/wp\/v2\/product\/16793","targetHints":{"allow":["GET"]}}],"collection":[{"href":"https:\/\/nordicmart.andreevmaster.com\/sv\/wp-json\/wp\/v2\/product"}],"about":[{"href":"https:\/\/nordicmart.andreevmaster.com\/sv\/wp-json\/wp\/v2\/types\/product"}],"replies":[{"embeddable":true,"href":"https:\/\/nordicmart.andreevmaster.com\/sv\/wp-json\/wp\/v2\/comments?post=16793"}],"wp:attachment":[{"href":"https:\/\/nordicmart.andreevmaster.com\/sv\/wp-json\/wp\/v2\/media?parent=16793"}],"wp:term":[{"taxonomy":"product_brand","embeddable":true,"href":"https:\/\/nordicmart.andreevmaster.com\/sv\/wp-json\/wp\/v2\/product_brand?post=16793"},{"taxonomy":"product_cat","embeddable":true,"href":"https:\/\/nordicmart.andreevmaster.com\/sv\/wp-json\/wp\/v2\/product_cat?post=16793"},{"taxonomy":"product_tag","embeddable":true,"href":"https:\/\/nordicmart.andreevmaster.com\/sv\/wp-json\/wp\/v2\/product_tag?post=16793"}],"curies":[{"name":"wp","href":"https:\/\/api.w.org\/{rel}","templated":true}]}}