{"id":16792,"date":"2026-02-27T00:32:14","date_gmt":"2026-02-27T00:32:14","guid":{"rendered":"https:\/\/nordicmart.andreevmaster.com\/product\/masterkidz-skap-for-forvaring-av-pedagogiska-tavlor-och-spel-10-stycken-hjul\/"},"modified":"2026-02-27T08:22:25","modified_gmt":"2026-02-27T08:22:25","slug":"masterkidz-skap-for-forvaring-av-pedagogiska-tavlor-och-spel-10-stycken-hjul","status":"publish","type":"product","link":"https:\/\/nordicmart.andreevmaster.com\/sv\/produkt\/masterkidz-skap-for-forvaring-av-pedagogiska-tavlor-och-spel-10-stycken-hjul\/","title":{"rendered":"MASTERKIDZ Sk\u00e5p f\u00f6r f\u00f6rvaring av pedagogiska tavlor och spel 10 stycken hjul"},"content":{"rendered":"<p>F\u00f6rvaring av pedagogiska tavlor och spel f\u00f6r Masterkidz-barn kan vara problematiskt. Lyckligtvis finns det sk\u00e5p som \u00e4r specialdesignade f\u00f6r detta \u00e4ndam\u00e5l och som g\u00f6r det enklare att h\u00e5lla ordning och reda. <\/p>\n<p>Det speciella sk\u00e5pet rymmer upp till 10 tavlor som m\u00e4ter 38 x 28 cm, som alltid finns till hands. Setet inneh\u00e5ller \u00e4ven ett stativ p\u00e5 hjul, vilket g\u00f6r det enkelt att flytta alla tavlor. Det \u00e4r ocks\u00e5 v\u00e4rt att notera att sk\u00e5pets ovansida \u00e4r en speciell plats d\u00e4r en av tavlorna kan placeras. Detta g\u00f6r det bekv\u00e4mt att anv\u00e4nda.<\/p>\n<p>Det \u00e4r mycket enkelt att montera sk\u00e5pet \u2013 instruktioner medf\u00f6ljer i f\u00f6rpackningen.<\/p>\n<p>Tillverkat av rysk bj\u00f6rk. <\/p>\n<p>Masterkidz leksaker \u00e4r h\u00f6gkvalitativa, h\u00e5llbara och s\u00e4kra pedagogiska leksaker av tr\u00e4. Designade och anpassade f\u00f6r olika stadier i barns utveckling. Kreativt, \u00e4ventyrligt och pedagogiskt lekande \u2013 det \u00e4r de st\u00f6rsta f\u00f6rdelarna med detta m\u00e4rkes leksaker. Ov\u00e4rderligt st\u00f6d f\u00f6r Montessori-metoden. Det b\u00e4sta valet f\u00f6r ditt hem, dagis, hotell eller restaurang. Skapa den perfekta lekh\u00f6rnan eller en stor pedagogisk v\u00e4gg. Erbjudandet inkluderar v\u00e4ggmonterade och mobila tavlor, upplysta bord och paneler f\u00f6r att leka med f\u00e4rger. Tematiska pedagogiska moduler och mycket mer. Ett otroligt stort antal tillbeh\u00f6r och o\u00e4ndliga m\u00f6jligheter f\u00f6r kreativt lekande.<\/p>\n","protected":false},"excerpt":{"rendered":"<p>F\u00f6rvaring av pedagogiska tavlor och spel f\u00f6r Masterkidz-barn kan vara problematiskt. Lyckligtvis finns det sk\u00e5p som \u00e4r specialdesignade f\u00f6r detta \u00e4ndam\u00e5l och som g\u00f6r det enklare att h\u00e5lla ordning och reda. Det speciella sk\u00e5pet rymmer upp till 10 tavlor som m\u00e4ter 38 x 28 cm, som alltid finns till hands. Setet inneh\u00e5ller \u00e4ven ett stativ [&hellip;]<\/p>\n","protected":false},"featured_media":0,"comment_status":"open","ping_status":"closed","template":"","meta":[],"product_brand":[],"product_cat":[33],"product_tag":[],"class_list":{"0":"post-16792","1":"product","2":"type-product","3":"status-publish","5":"product_cat-okategoriserad","7":"first","8":"instock","9":"shipping-taxable","10":"purchasable","11":"product-type-simple"},"_links":{"self":[{"href":"https:\/\/nordicmart.andreevmaster.com\/sv\/wp-json\/wp\/v2\/product\/16792","targetHints":{"allow":["GET"]}}],"collection":[{"href":"https:\/\/nordicmart.andreevmaster.com\/sv\/wp-json\/wp\/v2\/product"}],"about":[{"href":"https:\/\/nordicmart.andreevmaster.com\/sv\/wp-json\/wp\/v2\/types\/product"}],"replies":[{"embeddable":true,"href":"https:\/\/nordicmart.andreevmaster.com\/sv\/wp-json\/wp\/v2\/comments?post=16792"}],"wp:attachment":[{"href":"https:\/\/nordicmart.andreevmaster.com\/sv\/wp-json\/wp\/v2\/media?parent=16792"}],"wp:term":[{"taxonomy":"product_brand","embeddable":true,"href":"https:\/\/nordicmart.andreevmaster.com\/sv\/wp-json\/wp\/v2\/product_brand?post=16792"},{"taxonomy":"product_cat","embeddable":true,"href":"https:\/\/nordicmart.andreevmaster.com\/sv\/wp-json\/wp\/v2\/product_cat?post=16792"},{"taxonomy":"product_tag","embeddable":true,"href":"https:\/\/nordicmart.andreevmaster.com\/sv\/wp-json\/wp\/v2\/product_tag?post=16792"}],"curies":[{"name":"wp","href":"https:\/\/api.w.org\/{rel}","templated":true}]}}