{"id":16791,"date":"2026-02-27T00:32:14","date_gmt":"2026-02-27T00:32:14","guid":{"rendered":"https:\/\/nordicmart.andreevmaster.com\/product\/masterkidz-pedagogisk-tavla-for-form-och-fargmatchning\/"},"modified":"2026-02-27T08:22:25","modified_gmt":"2026-02-27T08:22:25","slug":"masterkidz-pedagogisk-tavla-for-form-och-fargmatchning","status":"publish","type":"product","link":"https:\/\/nordicmart.andreevmaster.com\/sv\/produkt\/masterkidz-pedagogisk-tavla-for-form-och-fargmatchning\/","title":{"rendered":"MASTERKIDZ Pedagogisk tavla f\u00f6r form- och f\u00e4rgmatchning"},"content":{"rendered":"<p>Form- och f\u00e4rgsorteraren fr\u00e5n Masterkidz \u00e4r ett fantastiskt leksak som hj\u00e4lper barn att utveckla sitt logiska t\u00e4nkande i tidig \u00e5lder. Setet inneh\u00e5ller en tr\u00e4br\u00e4da och 6 par block i olika f\u00e4rger och former, vilket g\u00f6r br\u00e4dan extra anv\u00e4ndbar f\u00f6r att l\u00e4ra sig k\u00e4nna igen former och f\u00e4rger. Leksaken \u00e4r tillverkad av tr\u00e4.<\/p>\n<p>Egenskaper:<\/p>\n<p>* &#8211; leksak f\u00f6r barn fr\u00e5n 2 \u00e5r<br \/>\n* &#8211; 6 par klossar i olika f\u00e4rger och former<br \/>\n* &#8211; bas med passande f\u00f6rdjupningar f\u00f6r klossarna<br \/>\n* &#8211; br\u00e4da tillverkad av tr\u00e4<\/p>\n<p>Leksaken utvecklar:<\/p>\n<p>* &#8211; logiskt t\u00e4nkande<br \/>\n* &#8211; motoriska f\u00e4rdigheter<br \/>\n* &#8211; form- och f\u00e4rgigenk\u00e4nning<\/p>\n","protected":false},"excerpt":{"rendered":"<p>Form- och f\u00e4rgsorteraren fr\u00e5n Masterkidz \u00e4r ett fantastiskt leksak som hj\u00e4lper barn att utveckla sitt logiska t\u00e4nkande i tidig \u00e5lder. Setet inneh\u00e5ller en tr\u00e4br\u00e4da och 6 par block i olika f\u00e4rger och former, vilket g\u00f6r br\u00e4dan extra anv\u00e4ndbar f\u00f6r att l\u00e4ra sig k\u00e4nna igen former och f\u00e4rger. Leksaken \u00e4r tillverkad av tr\u00e4. Egenskaper: * &#8211; [&hellip;]<\/p>\n","protected":false},"featured_media":0,"comment_status":"open","ping_status":"closed","template":"","meta":[],"product_brand":[],"product_cat":[33],"product_tag":[],"class_list":{"0":"post-16791","1":"product","2":"type-product","3":"status-publish","5":"product_cat-okategoriserad","7":"first","8":"instock","9":"shipping-taxable","10":"purchasable","11":"product-type-simple"},"_links":{"self":[{"href":"https:\/\/nordicmart.andreevmaster.com\/sv\/wp-json\/wp\/v2\/product\/16791","targetHints":{"allow":["GET"]}}],"collection":[{"href":"https:\/\/nordicmart.andreevmaster.com\/sv\/wp-json\/wp\/v2\/product"}],"about":[{"href":"https:\/\/nordicmart.andreevmaster.com\/sv\/wp-json\/wp\/v2\/types\/product"}],"replies":[{"embeddable":true,"href":"https:\/\/nordicmart.andreevmaster.com\/sv\/wp-json\/wp\/v2\/comments?post=16791"}],"wp:attachment":[{"href":"https:\/\/nordicmart.andreevmaster.com\/sv\/wp-json\/wp\/v2\/media?parent=16791"}],"wp:term":[{"taxonomy":"product_brand","embeddable":true,"href":"https:\/\/nordicmart.andreevmaster.com\/sv\/wp-json\/wp\/v2\/product_brand?post=16791"},{"taxonomy":"product_cat","embeddable":true,"href":"https:\/\/nordicmart.andreevmaster.com\/sv\/wp-json\/wp\/v2\/product_cat?post=16791"},{"taxonomy":"product_tag","embeddable":true,"href":"https:\/\/nordicmart.andreevmaster.com\/sv\/wp-json\/wp\/v2\/product_tag?post=16791"}],"curies":[{"name":"wp","href":"https:\/\/api.w.org\/{rel}","templated":true}]}}