{"id":16790,"date":"2026-02-27T00:32:14","date_gmt":"2026-02-27T00:32:14","guid":{"rendered":"https:\/\/nordicmart.andreevmaster.com\/product\/masterkidz-sliding-board-spiral-montessori-maze-2\/"},"modified":"2026-02-27T08:22:25","modified_gmt":"2026-02-27T08:22:25","slug":"masterkidz-sliding-board-spiral-montessori-maze-2","status":"publish","type":"product","link":"https:\/\/nordicmart.andreevmaster.com\/sv\/produkt\/masterkidz-sliding-board-spiral-montessori-maze-2\/","title":{"rendered":"MASTERKIDZ Sliding Board Spiral Montessori Maze"},"content":{"rendered":"<p>Pedagogiska tavlor fr\u00e5n Masterkidz g\u00f6r det m\u00f6jligt f\u00f6r barn att utveckla m\u00e5nga f\u00e4rdigheter samtidigt. Varje tavla l\u00e4r barn genom olika intressanta \u00e4mnen hur man fungerar i samh\u00e4llet och g\u00f6r det m\u00f6jligt f\u00f6r dem att l\u00e4ra sig om v\u00e4rlden omkring oss. Vi kan ha flera tavlor och enkelt byta mellan dem, och specialramar h\u00e5ller tavlan perfekt mot v\u00e4ggen. <\/p>\n<p>Egenskaper: <\/p>\n<p>* &#8211; Du kan ha flera tavlor och enkelt byta mellan dem, och specialramarna h\u00e5ller tavlan perfekt mot v\u00e4ggen.<br \/>\n* &#8211; Tavlan kan ocks\u00e5 anv\u00e4ndas utan ramar, t.ex. p\u00e5 ett bord eller p\u00e5 golvet.<br \/>\n* &#8211; Den glidande labyrinten utvecklar motoriska f\u00e4rdigheter och formigenk\u00e4nning.* &#8211; Tack vare de f\u00e4rgglada handtagen kan barnen ocks\u00e5 l\u00e4ra sig f\u00e4rger. Leksaken utvecklar:* &#8211; motorik* &#8211; sensoriska f\u00e4rdigheter* &#8211; hand-\u00f6ga-koordination* &#8211; fantasi* &#8211; koncentration* &#8211; nyfikenhet<\/p>\n","protected":false},"excerpt":{"rendered":"<p>Pedagogiska tavlor fr\u00e5n Masterkidz g\u00f6r det m\u00f6jligt f\u00f6r barn att utveckla m\u00e5nga f\u00e4rdigheter samtidigt. Varje tavla l\u00e4r barn genom olika intressanta \u00e4mnen hur man fungerar i samh\u00e4llet och g\u00f6r det m\u00f6jligt f\u00f6r dem att l\u00e4ra sig om v\u00e4rlden omkring oss. Vi kan ha flera tavlor och enkelt byta mellan dem, och specialramar h\u00e5ller tavlan perfekt [&hellip;]<\/p>\n","protected":false},"featured_media":0,"comment_status":"open","ping_status":"closed","template":"","meta":[],"product_brand":[],"product_cat":[33],"product_tag":[],"class_list":{"0":"post-16790","1":"product","2":"type-product","3":"status-publish","5":"product_cat-okategoriserad","7":"first","8":"instock","9":"shipping-taxable","10":"purchasable","11":"product-type-simple"},"_links":{"self":[{"href":"https:\/\/nordicmart.andreevmaster.com\/sv\/wp-json\/wp\/v2\/product\/16790","targetHints":{"allow":["GET"]}}],"collection":[{"href":"https:\/\/nordicmart.andreevmaster.com\/sv\/wp-json\/wp\/v2\/product"}],"about":[{"href":"https:\/\/nordicmart.andreevmaster.com\/sv\/wp-json\/wp\/v2\/types\/product"}],"replies":[{"embeddable":true,"href":"https:\/\/nordicmart.andreevmaster.com\/sv\/wp-json\/wp\/v2\/comments?post=16790"}],"wp:attachment":[{"href":"https:\/\/nordicmart.andreevmaster.com\/sv\/wp-json\/wp\/v2\/media?parent=16790"}],"wp:term":[{"taxonomy":"product_brand","embeddable":true,"href":"https:\/\/nordicmart.andreevmaster.com\/sv\/wp-json\/wp\/v2\/product_brand?post=16790"},{"taxonomy":"product_cat","embeddable":true,"href":"https:\/\/nordicmart.andreevmaster.com\/sv\/wp-json\/wp\/v2\/product_cat?post=16790"},{"taxonomy":"product_tag","embeddable":true,"href":"https:\/\/nordicmart.andreevmaster.com\/sv\/wp-json\/wp\/v2\/product_tag?post=16790"}],"curies":[{"name":"wp","href":"https:\/\/api.w.org\/{rel}","templated":true}]}}