{"id":16788,"date":"2026-02-27T00:32:13","date_gmt":"2026-02-27T00:32:13","guid":{"rendered":"https:\/\/nordicmart.andreevmaster.com\/product\/masterkidz-montessori-butterfly-shape-sliding-board-2\/"},"modified":"2026-02-27T08:22:24","modified_gmt":"2026-02-27T08:22:24","slug":"masterkidz-montessori-butterfly-shape-sliding-board-2","status":"publish","type":"product","link":"https:\/\/nordicmart.andreevmaster.com\/sv\/produkt\/masterkidz-montessori-butterfly-shape-sliding-board-2\/","title":{"rendered":"MASTERKIDZ Montessori Butterfly Shape Sliding Board"},"content":{"rendered":"<p>Med pedagogiska tavlor fr\u00e5n Masterkidz kan barn utveckla m\u00e5nga f\u00e4rdigheter samtidigt. Varje tavla l\u00e4r barn genom olika intressanta \u00e4mnen hur man fungerar i samh\u00e4llet och l\u00e5ter dem l\u00e4ra sig om v\u00e4rlden omkring oss. Vi kan ha flera tavlor och enkelt byta mellan dem, och specialramar h\u00e5ller tavlan perfekt mot v\u00e4ggen.<\/p>\n<p>Egenskaper:<\/p>\n<p>* &#8211; Du kan ha flera tavlor och enkelt byta mellan dem, och de speciella ramarna h\u00e5ller tavlan perfekt mot v\u00e4ggen.<br \/>\n* &#8211; Tavlan kan ocks\u00e5 anv\u00e4ndas utan ramar, t.ex. p\u00e5 ett bord eller p\u00e5 golvet<br \/>\n* &#8211; Den glidande labyrinten \u00e4r formad som en fj\u00e4ril, vilket hj\u00e4lper barn att l\u00e4ra sig att koordinera sin v\u00e4nstra och h\u00f6gra sida.* &#8211; Tack vare de f\u00e4rgglada handtagen kan barnen ocks\u00e5 l\u00e4ra sig f\u00e4rger. Leksaken utvecklar: * &#8211; motoriska f\u00e4rdigheter * &#8211; sensoriska f\u00e4rdigheter * &#8211; hand-\u00f6ga-koordination * &#8211; fantasi * &#8211; koncentration * &#8211; nyfikenhet<\/p>\n","protected":false},"excerpt":{"rendered":"<p>Med pedagogiska tavlor fr\u00e5n Masterkidz kan barn utveckla m\u00e5nga f\u00e4rdigheter samtidigt. Varje tavla l\u00e4r barn genom olika intressanta \u00e4mnen hur man fungerar i samh\u00e4llet och l\u00e5ter dem l\u00e4ra sig om v\u00e4rlden omkring oss. Vi kan ha flera tavlor och enkelt byta mellan dem, och specialramar h\u00e5ller tavlan perfekt mot v\u00e4ggen. Egenskaper: * &#8211; Du kan [&hellip;]<\/p>\n","protected":false},"featured_media":0,"comment_status":"open","ping_status":"closed","template":"","meta":[],"product_brand":[],"product_cat":[33],"product_tag":[],"class_list":{"0":"post-16788","1":"product","2":"type-product","3":"status-publish","5":"product_cat-okategoriserad","7":"first","8":"instock","9":"shipping-taxable","10":"purchasable","11":"product-type-simple"},"_links":{"self":[{"href":"https:\/\/nordicmart.andreevmaster.com\/sv\/wp-json\/wp\/v2\/product\/16788","targetHints":{"allow":["GET"]}}],"collection":[{"href":"https:\/\/nordicmart.andreevmaster.com\/sv\/wp-json\/wp\/v2\/product"}],"about":[{"href":"https:\/\/nordicmart.andreevmaster.com\/sv\/wp-json\/wp\/v2\/types\/product"}],"replies":[{"embeddable":true,"href":"https:\/\/nordicmart.andreevmaster.com\/sv\/wp-json\/wp\/v2\/comments?post=16788"}],"wp:attachment":[{"href":"https:\/\/nordicmart.andreevmaster.com\/sv\/wp-json\/wp\/v2\/media?parent=16788"}],"wp:term":[{"taxonomy":"product_brand","embeddable":true,"href":"https:\/\/nordicmart.andreevmaster.com\/sv\/wp-json\/wp\/v2\/product_brand?post=16788"},{"taxonomy":"product_cat","embeddable":true,"href":"https:\/\/nordicmart.andreevmaster.com\/sv\/wp-json\/wp\/v2\/product_cat?post=16788"},{"taxonomy":"product_tag","embeddable":true,"href":"https:\/\/nordicmart.andreevmaster.com\/sv\/wp-json\/wp\/v2\/product_tag?post=16788"}],"curies":[{"name":"wp","href":"https:\/\/api.w.org\/{rel}","templated":true}]}}