{"id":16786,"date":"2026-02-27T00:32:13","date_gmt":"2026-02-27T00:32:13","guid":{"rendered":"https:\/\/nordicmart.andreevmaster.com\/product\/masterkidz-tramikrovagsugn\/"},"modified":"2026-02-27T08:22:24","modified_gmt":"2026-02-27T08:22:24","slug":"masterkidz-tramikrovagsugn","status":"publish","type":"product","link":"https:\/\/nordicmart.andreevmaster.com\/sv\/produkt\/masterkidz-tramikrovagsugn\/","title":{"rendered":"MASTERKIDZ Tr\u00e4mikrov\u00e5gsugn"},"content":{"rendered":"<p>Denna kompakta mikrov\u00e5gsugn med modern design passar perfekt in i k\u00f6kssetet och ger variation i matlagningsleken. Sidod\u00f6rren, kontrollknappen, den digitala displayen och det transparenta f\u00f6nstret g\u00f6r den extra rolig. Uppmuntra l\u00e5tsaslek och social och emotionell utveckling. Setet kan kombineras med andra artiklar fr\u00e5n denna kollektion f\u00f6r att skapa ett komplett k\u00f6k eller anv\u00e4ndas separat. F\u00f6r enkel reng\u00f6ring, torka bara av med en fuktig trasa och l\u00e5t torka. <\/p>\n<p>Egenskaper: <\/p>\n<p>* &#8211; Tillverkad av h\u00f6gkvalitativt tr\u00e4<br \/>\n* &#8211; R\u00f6rlig lucka med praktiskt handtag<br \/>\n* &#8211; Stor knapp f\u00f6r att st\u00e4lla in tillagningstiden<br \/>\n* &#8211; Transparent f\u00f6nster som g\u00f6r att du kan se inuti<\/p>\n<p>Leksaken utvecklar:<\/p>\n<p>* &#8211; Fantasi<br \/>\n* &#8211; Kreativitet<br \/>\n* &#8211; Sociala f\u00e4rdigheter<br \/>\n* &#8211; Manuell fingerf\u00e4rdighet<\/p>\n","protected":false},"excerpt":{"rendered":"<p>Denna kompakta mikrov\u00e5gsugn med modern design passar perfekt in i k\u00f6kssetet och ger variation i matlagningsleken. Sidod\u00f6rren, kontrollknappen, den digitala displayen och det transparenta f\u00f6nstret g\u00f6r den extra rolig. Uppmuntra l\u00e5tsaslek och social och emotionell utveckling. Setet kan kombineras med andra artiklar fr\u00e5n denna kollektion f\u00f6r att skapa ett komplett k\u00f6k eller anv\u00e4ndas separat. F\u00f6r [&hellip;]<\/p>\n","protected":false},"featured_media":0,"comment_status":"open","ping_status":"closed","template":"","meta":[],"product_brand":[],"product_cat":[33],"product_tag":[],"class_list":{"0":"post-16786","1":"product","2":"type-product","3":"status-publish","5":"product_cat-okategoriserad","7":"first","8":"instock","9":"shipping-taxable","10":"purchasable","11":"product-type-simple"},"_links":{"self":[{"href":"https:\/\/nordicmart.andreevmaster.com\/sv\/wp-json\/wp\/v2\/product\/16786","targetHints":{"allow":["GET"]}}],"collection":[{"href":"https:\/\/nordicmart.andreevmaster.com\/sv\/wp-json\/wp\/v2\/product"}],"about":[{"href":"https:\/\/nordicmart.andreevmaster.com\/sv\/wp-json\/wp\/v2\/types\/product"}],"replies":[{"embeddable":true,"href":"https:\/\/nordicmart.andreevmaster.com\/sv\/wp-json\/wp\/v2\/comments?post=16786"}],"wp:attachment":[{"href":"https:\/\/nordicmart.andreevmaster.com\/sv\/wp-json\/wp\/v2\/media?parent=16786"}],"wp:term":[{"taxonomy":"product_brand","embeddable":true,"href":"https:\/\/nordicmart.andreevmaster.com\/sv\/wp-json\/wp\/v2\/product_brand?post=16786"},{"taxonomy":"product_cat","embeddable":true,"href":"https:\/\/nordicmart.andreevmaster.com\/sv\/wp-json\/wp\/v2\/product_cat?post=16786"},{"taxonomy":"product_tag","embeddable":true,"href":"https:\/\/nordicmart.andreevmaster.com\/sv\/wp-json\/wp\/v2\/product_tag?post=16786"}],"curies":[{"name":"wp","href":"https:\/\/api.w.org\/{rel}","templated":true}]}}