{"id":16785,"date":"2026-02-27T00:32:12","date_gmt":"2026-02-27T00:32:12","guid":{"rendered":"https:\/\/nordicmart.andreevmaster.com\/product\/masterkidz-trahornskap-for-barn\/"},"modified":"2026-02-27T08:22:24","modified_gmt":"2026-02-27T08:22:24","slug":"masterkidz-trahornskap-for-barn","status":"publish","type":"product","link":"https:\/\/nordicmart.andreevmaster.com\/sv\/produkt\/masterkidz-trahornskap-for-barn\/","title":{"rendered":"MASTERKIDZ Tr\u00e4h\u00f6rnsk\u00e5p f\u00f6r barn"},"content":{"rendered":"<p>Masterkidz tr\u00e4sk\u00e5p f\u00f6r barn \u00e4r ett utm\u00e4rkt val f\u00f6r barn, som kombinerar funktionalitet, estetik och s\u00e4kerhet. Denna produkt \u00e4r idealisk f\u00f6r f\u00f6rskolor, lekrum och hemmaskolor, och erbjuder m\u00e5nga m\u00f6jligheter till kreativt lekande.<\/p>\n<p>Egenskaper:<\/p>\n<p>&#8211; Tillverkad av h\u00f6gkvalitativt tr\u00e4, vilket garanterar h\u00e5llbarhet och s\u00e4kerhet.<\/p>\n<p>&#8211; M\u00e5lad med giftfria f\u00e4rger som \u00e4r s\u00e4kra f\u00f6r barn.<\/p>\n<p>&#8211; Estetisk design som lockar de yngsta anv\u00e4ndarnas uppm\u00e4rksamhet.<\/p>\n<p>&#8211; Setet kan ut\u00f6kas med ytterligare k\u00f6ks tillbeh\u00f6r.<\/p>\n<p>&#8211; Perfekt f\u00f6r att l\u00e4ra sig organisera utrymme och rollspel.<\/p>\n","protected":false},"excerpt":{"rendered":"<p>Masterkidz tr\u00e4sk\u00e5p f\u00f6r barn \u00e4r ett utm\u00e4rkt val f\u00f6r barn, som kombinerar funktionalitet, estetik och s\u00e4kerhet. Denna produkt \u00e4r idealisk f\u00f6r f\u00f6rskolor, lekrum och hemmaskolor, och erbjuder m\u00e5nga m\u00f6jligheter till kreativt lekande. Egenskaper: &#8211; Tillverkad av h\u00f6gkvalitativt tr\u00e4, vilket garanterar h\u00e5llbarhet och s\u00e4kerhet. &#8211; M\u00e5lad med giftfria f\u00e4rger som \u00e4r s\u00e4kra f\u00f6r barn. &#8211; Estetisk [&hellip;]<\/p>\n","protected":false},"featured_media":0,"comment_status":"open","ping_status":"closed","template":"","meta":[],"product_brand":[],"product_cat":[33],"product_tag":[],"class_list":{"0":"post-16785","1":"product","2":"type-product","3":"status-publish","5":"product_cat-okategoriserad","7":"first","8":"instock","9":"shipping-taxable","10":"purchasable","11":"product-type-simple"},"_links":{"self":[{"href":"https:\/\/nordicmart.andreevmaster.com\/sv\/wp-json\/wp\/v2\/product\/16785","targetHints":{"allow":["GET"]}}],"collection":[{"href":"https:\/\/nordicmart.andreevmaster.com\/sv\/wp-json\/wp\/v2\/product"}],"about":[{"href":"https:\/\/nordicmart.andreevmaster.com\/sv\/wp-json\/wp\/v2\/types\/product"}],"replies":[{"embeddable":true,"href":"https:\/\/nordicmart.andreevmaster.com\/sv\/wp-json\/wp\/v2\/comments?post=16785"}],"wp:attachment":[{"href":"https:\/\/nordicmart.andreevmaster.com\/sv\/wp-json\/wp\/v2\/media?parent=16785"}],"wp:term":[{"taxonomy":"product_brand","embeddable":true,"href":"https:\/\/nordicmart.andreevmaster.com\/sv\/wp-json\/wp\/v2\/product_brand?post=16785"},{"taxonomy":"product_cat","embeddable":true,"href":"https:\/\/nordicmart.andreevmaster.com\/sv\/wp-json\/wp\/v2\/product_cat?post=16785"},{"taxonomy":"product_tag","embeddable":true,"href":"https:\/\/nordicmart.andreevmaster.com\/sv\/wp-json\/wp\/v2\/product_tag?post=16785"}],"curies":[{"name":"wp","href":"https:\/\/api.w.org\/{rel}","templated":true}]}}