{"id":16784,"date":"2026-02-27T00:32:12","date_gmt":"2026-02-27T00:32:12","guid":{"rendered":"https:\/\/nordicmart.andreevmaster.com\/product\/masterkidz-pastellfargat-koksskap-sideboard\/"},"modified":"2026-02-27T08:22:24","modified_gmt":"2026-02-27T08:22:24","slug":"masterkidz-pastellfargat-koksskap-sideboard","status":"publish","type":"product","link":"https:\/\/nordicmart.andreevmaster.com\/sv\/produkt\/masterkidz-pastellfargat-koksskap-sideboard\/","title":{"rendered":"MASTERKIDZ Pastellf\u00e4rgat K\u00f6kssk\u00e5p Sideboard"},"content":{"rendered":"<p>Det stora k\u00f6kssk\u00e5pet i tr\u00e4 fr\u00e5n MASTERKIDZ \u00e4r ett utm\u00e4rkt val f\u00f6r barn och kombinerar funktionalitet, estetik och s\u00e4kerhet. Produkten \u00e4r idealisk f\u00f6r f\u00f6rskolor, lekrum och hemmets l\u00e4rutrymmen och erbjuder m\u00e5nga m\u00f6jligheter till kreativ lek.<\/p>\n<p>Funktioner:<\/p>\n<p>* &#8211; Tillverkad av h\u00f6gkvalitativt tr\u00e4 som garanterar h\u00e5llbarhet och s\u00e4kerhet.<br \/>\n* &#8211; M\u00e5lad med giftfria f\u00e4rger som \u00e4r s\u00e4kra f\u00f6r barn.<br \/>\n* &#8211; Estetisk design som f\u00e5ngar de yngsta anv\u00e4ndarnas uppm\u00e4rksamhet.<br \/>\n* &#8211; Settet kan byggas ut med ytterligare k\u00f6kstillbeh\u00f6r.<br \/>\n* &#8211; Idealiskt f\u00f6r att l\u00e4ra sig organisera utrymmen och rollspel.<\/p>\n<p>Leksaken utvecklar:<\/p>\n<p>* &#8211; Fantasi<br \/>\n* &#8211; Kreativitet<br \/>\n* &#8211; Sociala f\u00e4rdigheter<br \/>\n* &#8211; Finmotorik<br \/>\n* &#8211; Praktisk kunskap om att handla och sortera produkter<\/p>\n","protected":false},"excerpt":{"rendered":"<p>Det stora k\u00f6kssk\u00e5pet i tr\u00e4 fr\u00e5n MASTERKIDZ \u00e4r ett utm\u00e4rkt val f\u00f6r barn och kombinerar funktionalitet, estetik och s\u00e4kerhet. Produkten \u00e4r idealisk f\u00f6r f\u00f6rskolor, lekrum och hemmets l\u00e4rutrymmen och erbjuder m\u00e5nga m\u00f6jligheter till kreativ lek. Funktioner: * &#8211; Tillverkad av h\u00f6gkvalitativt tr\u00e4 som garanterar h\u00e5llbarhet och s\u00e4kerhet. * &#8211; M\u00e5lad med giftfria f\u00e4rger som \u00e4r [&hellip;]<\/p>\n","protected":false},"featured_media":0,"comment_status":"open","ping_status":"closed","template":"","meta":[],"product_brand":[],"product_cat":[33],"product_tag":[],"class_list":{"0":"post-16784","1":"product","2":"type-product","3":"status-publish","5":"product_cat-okategoriserad","7":"first","8":"instock","9":"shipping-taxable","10":"purchasable","11":"product-type-simple"},"_links":{"self":[{"href":"https:\/\/nordicmart.andreevmaster.com\/sv\/wp-json\/wp\/v2\/product\/16784","targetHints":{"allow":["GET"]}}],"collection":[{"href":"https:\/\/nordicmart.andreevmaster.com\/sv\/wp-json\/wp\/v2\/product"}],"about":[{"href":"https:\/\/nordicmart.andreevmaster.com\/sv\/wp-json\/wp\/v2\/types\/product"}],"replies":[{"embeddable":true,"href":"https:\/\/nordicmart.andreevmaster.com\/sv\/wp-json\/wp\/v2\/comments?post=16784"}],"wp:attachment":[{"href":"https:\/\/nordicmart.andreevmaster.com\/sv\/wp-json\/wp\/v2\/media?parent=16784"}],"wp:term":[{"taxonomy":"product_brand","embeddable":true,"href":"https:\/\/nordicmart.andreevmaster.com\/sv\/wp-json\/wp\/v2\/product_brand?post=16784"},{"taxonomy":"product_cat","embeddable":true,"href":"https:\/\/nordicmart.andreevmaster.com\/sv\/wp-json\/wp\/v2\/product_cat?post=16784"},{"taxonomy":"product_tag","embeddable":true,"href":"https:\/\/nordicmart.andreevmaster.com\/sv\/wp-json\/wp\/v2\/product_tag?post=16784"}],"curies":[{"name":"wp","href":"https:\/\/api.w.org\/{rel}","templated":true}]}}