{"id":16783,"date":"2026-02-27T00:32:12","date_gmt":"2026-02-27T00:32:12","guid":{"rendered":"https:\/\/nordicmart.andreevmaster.com\/product\/masterkidz-pastellfargat-skap-med-handfat\/"},"modified":"2026-02-27T08:22:23","modified_gmt":"2026-02-27T08:22:23","slug":"masterkidz-pastellfargat-skap-med-handfat","status":"publish","type":"product","link":"https:\/\/nordicmart.andreevmaster.com\/sv\/produkt\/masterkidz-pastellfargat-skap-med-handfat\/","title":{"rendered":"MASTERKIDZ Pastellf\u00e4rgat sk\u00e5p med handfat"},"content":{"rendered":"<p>Detta stora tr\u00e4sk\u00e5p med handfat fr\u00e5n det v\u00e4lk\u00e4nda varum\u00e4rket Masterkidz uppfyller alla kvalitets- och s\u00e4kerhetskrav. Denna kombination g\u00f6r denna barnm\u00f6bel idealisk f\u00f6r f\u00f6rskolor eller lekrum. Uppm\u00e4rksamheten p\u00e5 b\u00e5de kvalitet och estetik, samt de n\u00e4stan obegr\u00e4nsade m\u00f6jligheterna att ut\u00f6ka setet, \u00e4r unika f\u00f6rdelar med denna produkt.<\/p>\n<p>Masterkidz leksaker \u00e4r h\u00f6gkvalitativa, h\u00e5llbara och s\u00e4kra pedagogiska leksaker av tr\u00e4. Designade och anpassade f\u00f6r olika stadier av barns utveckling. Kreativt, \u00e4ventyrligt och pedagogiskt lekande \u00e4r de fr\u00e4msta f\u00f6rdelarna med detta m\u00e4rkes leksaker. Ov\u00e4rderligt st\u00f6d f\u00f6r Montessori-metoden. Det b\u00e4sta valet f\u00f6r ditt hem, dagis, hotell eller restaurang. Skapa den perfekta lekh\u00f6rnan eller en stor pedagogisk v\u00e4gg. Sortimentet omfattar v\u00e4ggmonterade och mobila tavlor, upplysta bord och paneler f\u00f6r att leka med f\u00e4rger. Tematiska pedagogiska moduler och mycket mer. Ett otroligt stort antal tillbeh\u00f6r och o\u00e4ndliga m\u00f6jligheter till kreativt lekande.<\/p>\n","protected":false},"excerpt":{"rendered":"<p>Detta stora tr\u00e4sk\u00e5p med handfat fr\u00e5n det v\u00e4lk\u00e4nda varum\u00e4rket Masterkidz uppfyller alla kvalitets- och s\u00e4kerhetskrav. Denna kombination g\u00f6r denna barnm\u00f6bel idealisk f\u00f6r f\u00f6rskolor eller lekrum. Uppm\u00e4rksamheten p\u00e5 b\u00e5de kvalitet och estetik, samt de n\u00e4stan obegr\u00e4nsade m\u00f6jligheterna att ut\u00f6ka setet, \u00e4r unika f\u00f6rdelar med denna produkt. Masterkidz leksaker \u00e4r h\u00f6gkvalitativa, h\u00e5llbara och s\u00e4kra pedagogiska leksaker av [&hellip;]<\/p>\n","protected":false},"featured_media":0,"comment_status":"open","ping_status":"closed","template":"","meta":[],"product_brand":[],"product_cat":[33],"product_tag":[],"class_list":{"0":"post-16783","1":"product","2":"type-product","3":"status-publish","5":"product_cat-okategoriserad","7":"first","8":"instock","9":"shipping-taxable","10":"purchasable","11":"product-type-simple"},"_links":{"self":[{"href":"https:\/\/nordicmart.andreevmaster.com\/sv\/wp-json\/wp\/v2\/product\/16783","targetHints":{"allow":["GET"]}}],"collection":[{"href":"https:\/\/nordicmart.andreevmaster.com\/sv\/wp-json\/wp\/v2\/product"}],"about":[{"href":"https:\/\/nordicmart.andreevmaster.com\/sv\/wp-json\/wp\/v2\/types\/product"}],"replies":[{"embeddable":true,"href":"https:\/\/nordicmart.andreevmaster.com\/sv\/wp-json\/wp\/v2\/comments?post=16783"}],"wp:attachment":[{"href":"https:\/\/nordicmart.andreevmaster.com\/sv\/wp-json\/wp\/v2\/media?parent=16783"}],"wp:term":[{"taxonomy":"product_brand","embeddable":true,"href":"https:\/\/nordicmart.andreevmaster.com\/sv\/wp-json\/wp\/v2\/product_brand?post=16783"},{"taxonomy":"product_cat","embeddable":true,"href":"https:\/\/nordicmart.andreevmaster.com\/sv\/wp-json\/wp\/v2\/product_cat?post=16783"},{"taxonomy":"product_tag","embeddable":true,"href":"https:\/\/nordicmart.andreevmaster.com\/sv\/wp-json\/wp\/v2\/product_tag?post=16783"}],"curies":[{"name":"wp","href":"https:\/\/api.w.org\/{rel}","templated":true}]}}