{"id":16782,"date":"2026-02-27T00:32:12","date_gmt":"2026-02-27T00:32:12","guid":{"rendered":"https:\/\/nordicmart.andreevmaster.com\/product\/songmics-skyltdocka-hojdjusterbar-vit\/"},"modified":"2026-02-27T08:22:23","modified_gmt":"2026-02-27T08:22:23","slug":"songmics-skyltdocka-hojdjusterbar-vit","status":"publish","type":"product","link":"https:\/\/nordicmart.andreevmaster.com\/sv\/produkt\/songmics-skyltdocka-hojdjusterbar-vit\/","title":{"rendered":"SONGMICS skyltdocka, h\u00f6jdjusterbar, vit"},"content":{"rendered":"<p>En fantastisk kl\u00e4dst\u00e4llning Oavsett om du vill st\u00e4lla den i skyltf\u00f6nstret eller i ditt syrum, s\u00e5 visar denna byst fr\u00e5n SONGMICS alltid dina kl\u00e4der fr\u00e5n sin b\u00e4sta sida. Placera dessutom ett par h\u00f6gklackade skor som passar perfekt till kl\u00e4nningen p\u00e5 dockan p\u00e5 sockeln \u2013 perfekt! Idealisk storlek Br\u00f6st, midja, h\u00f6fter \u2013 88 cm, 64 cm, 83 cm. Denna skr\u00e4ddardocka i storlek M passar f\u00f6r en m\u00e4ngd olika kl\u00e4desplagg och kan dessutom justeras i h\u00f6jdled. Produktdetaljer:- F\u00e4rg: Vit &#8211; Material: PE-skr\u00e4ddardocka, sockel av sp\u00e5nskivor, j\u00e4rnst\u00e5ng, linne\u00f6verdrag &#8211; Total storlek: 30 x 40 x (140 &#8211; 180) cm (L x B x H) &#8211; Kl\u00e4dstorlek: (storlek M) &#8211; Br\u00f6stvidd: 88 cm &#8211; Midjevidd: 64 cm &#8211; H\u00f6ftvidd: 83 cm &#8211; Axelbredd: 34,5 cm &#8211; Vikt: 4,3 kg &#8211; Max. statisk belastningskapacitet: 10 kg Leveransomfattning: &#8211; 1 x skr\u00e4ddardocka &#8211; 1 x bruksanvisning (DE, EN, DE, FR, IT)SONGMICS Anm\u00e4rkningar:- Produkten inneh\u00e5ller m\u00e5nga sm\u00e5delar. H\u00e5ll dessa borta fr\u00e5n barn f\u00f6r att undvika eventuella faror genom f\u00f6rt\u00e4ring eller inandning.- Stick inte n\u00e5lar i denna produkt. Den \u00e4r endast avsedd f\u00f6r att visa upp kl\u00e4der eller f\u00f6r att n\u00e5la och sy kl\u00e4der som sitter p\u00e5 skr\u00e4ddardockan.<\/p>\n","protected":false},"excerpt":{"rendered":"<p>SONGMICS skyltdocka, skr\u00e4ddardocka f\u00f6r kvinnor, dambyst med linne\u00f6verdrag, kl\u00e4dst\u00e4ll, butik, kl\u00e4dbutik, h\u00f6j- och s\u00e4nkbar, rektangul\u00e4r sockel, vit MDF07WT<\/p>\n","protected":false},"featured_media":44436,"comment_status":"open","ping_status":"closed","template":"","meta":[],"product_brand":[],"product_cat":[33],"product_tag":[],"class_list":{"0":"post-16782","1":"product","2":"type-product","3":"status-publish","4":"has-post-thumbnail","6":"product_cat-okategoriserad","8":"first","9":"instock","10":"shipping-taxable","11":"purchasable","12":"product-type-simple"},"_links":{"self":[{"href":"https:\/\/nordicmart.andreevmaster.com\/sv\/wp-json\/wp\/v2\/product\/16782","targetHints":{"allow":["GET"]}}],"collection":[{"href":"https:\/\/nordicmart.andreevmaster.com\/sv\/wp-json\/wp\/v2\/product"}],"about":[{"href":"https:\/\/nordicmart.andreevmaster.com\/sv\/wp-json\/wp\/v2\/types\/product"}],"replies":[{"embeddable":true,"href":"https:\/\/nordicmart.andreevmaster.com\/sv\/wp-json\/wp\/v2\/comments?post=16782"}],"wp:featuredmedia":[{"embeddable":true,"href":"https:\/\/nordicmart.andreevmaster.com\/sv\/wp-json\/wp\/v2\/media\/44436"}],"wp:attachment":[{"href":"https:\/\/nordicmart.andreevmaster.com\/sv\/wp-json\/wp\/v2\/media?parent=16782"}],"wp:term":[{"taxonomy":"product_brand","embeddable":true,"href":"https:\/\/nordicmart.andreevmaster.com\/sv\/wp-json\/wp\/v2\/product_brand?post=16782"},{"taxonomy":"product_cat","embeddable":true,"href":"https:\/\/nordicmart.andreevmaster.com\/sv\/wp-json\/wp\/v2\/product_cat?post=16782"},{"taxonomy":"product_tag","embeddable":true,"href":"https:\/\/nordicmart.andreevmaster.com\/sv\/wp-json\/wp\/v2\/product_tag?post=16782"}],"curies":[{"name":"wp","href":"https:\/\/api.w.org\/{rel}","templated":true}]}}