{"id":16780,"date":"2026-02-27T00:32:11","date_gmt":"2026-02-27T00:32:11","guid":{"rendered":"https:\/\/nordicmart.andreevmaster.com\/product\/madrass-for-up-sang\/"},"modified":"2026-02-27T08:22:23","modified_gmt":"2026-02-27T08:22:23","slug":"madrass-for-up-sang","status":"publish","type":"product","link":"https:\/\/nordicmart.andreevmaster.com\/sv\/produkt\/madrass-for-up-sang\/","title":{"rendered":"Madrass f\u00f6r UP!-s\u00e4ng"},"content":{"rendered":"<p>Madrass 70&#215;120 + 40&#215;70 Madrass speciellt tillverkad f\u00f6r UP!-s\u00e4ngen. Den f\u00f6rsta delen (i storlek 70&#215;120) \u00e4r anpassad till storleken p\u00e5 spj\u00e4ls\u00e4ngen i grundversionen \u2013 f\u00f6r sm\u00e5 barn.<br \/>\nN\u00e4r spj\u00e4ls\u00e4ngen omvandlas till en s\u00e4ng f\u00f6r \u00e4ldre barn l\u00e4ggs en mindre del i storlek 40&#215;70 till madrassen. B\u00e5da delarna \u00e4r anpassade till varandra och till spj\u00e4ls\u00e4ngen. ** Madrassens huvudsakliga egenskaper:**<br \/>\n &#8211; Tillverkad av allergiv\u00e4nligt polyuretanskum med en densitet p\u00e5 18,28 kg\/m3 (s\u00e5 kallad medelh\u00e5rdhet), som tack vare sin struktur har h\u00f6g motst\u00e5ndskraft mot deformationer. -madrassens l\u00e4mpliga (medelh\u00e5rda) h\u00e5rdhet har en positiv inverkan p\u00e5 den v\u00e4xande ryggraden Madrassen \u00e4r f\u00f6rsedd med ett quiltat \u00f6verdrag med allergiv\u00e4nliga egenskaper.<br \/>\nDen \u00e4r extremt hygienisk och slitstark.<br \/>\nTyget som den \u00e4r tillverkad av \u00e4r slitstarkt och samtidigt mycket behagligt att ta p\u00e5. \u00d6verdraget kan tv\u00e4ttas i 40 grader, vilket g\u00f6r att det h\u00e5lls rent och fr\u00e4scht samtidigt som det effektivt blir av med kvalster och mikroorganismer. Den \u00e4r quiltad med h\u00f6gfluffig fiberduk, vilket ger den en ovanlig mjukhet. <\/p>\n<p>**\u00d6verdragets egenskaper:**<br \/>\n &#8211; jerseytyg<br \/>\n &#8211; alla kanter p\u00e5 \u00f6verdraget \u00e4r kantade, vilket f\u00f6rhindrar att materialet fransar sig<br \/>\n -dragkedja (p\u00e5 tre sidor) som underl\u00e4ttar avtagning av \u00f6verdraget<br \/>\n -\u00f6verdraget kan tv\u00e4ttas flera g\u00e5nger i 40 grader<\/p>\n<p>\u00d6verdraget \u00e4r tillverkat helt av h\u00f6gkvalitativa material med antibakteriella och allergiv\u00e4nliga egenskaper som bekr\u00e4ftats av Oeko-tex-certifikat. <\/p>\n<p>Madrassens m\u00e5tt: <\/p>\n<p>**till spj\u00e4ls\u00e4ng 70&#215;120:**<br \/>\nbredd \u2013 70 cm<br \/>\n l\u00e4ngd \u2013 120 cm<br \/>\nh\u00f6jd \u2013 10 cm<br \/>\n**till juniors\u00e4ng 70&#215;160:**bredd \u2013 70 cm<br \/>\n l\u00e4ngd \u2013 40 cm<br \/>\nh\u00f6jd \u2013 10 cm <\/p>\n<p>Ytterligare information:<br \/>\nMadrassen kan skickas tillsammans med spj\u00e4ls\u00e4ngen.<\/p>\n","protected":false},"excerpt":{"rendered":"<p>Madrass 70&#215;120 + 40&#215;70 Madrass speciellt tillverkad f\u00f6r UP!-s\u00e4ngen. Den f\u00f6rsta delen (i storlek 70&#215;120) \u00e4r anpassad till storleken p\u00e5 spj\u00e4ls\u00e4ngen i grundversionen \u2013 f\u00f6r sm\u00e5 barn. N\u00e4r spj\u00e4ls\u00e4ngen omvandlas till en s\u00e4ng f\u00f6r \u00e4ldre barn l\u00e4ggs en mindre del i storlek 40&#215;70 till madrassen. B\u00e5da delarna \u00e4r anpassade till varandra och till spj\u00e4ls\u00e4ngen. ** [&hellip;]<\/p>\n","protected":false},"featured_media":0,"comment_status":"open","ping_status":"closed","template":"","meta":[],"product_brand":[],"product_cat":[33],"product_tag":[],"class_list":{"0":"post-16780","1":"product","2":"type-product","3":"status-publish","5":"product_cat-okategoriserad","7":"first","8":"instock","9":"shipping-taxable","10":"purchasable","11":"product-type-simple"},"_links":{"self":[{"href":"https:\/\/nordicmart.andreevmaster.com\/sv\/wp-json\/wp\/v2\/product\/16780","targetHints":{"allow":["GET"]}}],"collection":[{"href":"https:\/\/nordicmart.andreevmaster.com\/sv\/wp-json\/wp\/v2\/product"}],"about":[{"href":"https:\/\/nordicmart.andreevmaster.com\/sv\/wp-json\/wp\/v2\/types\/product"}],"replies":[{"embeddable":true,"href":"https:\/\/nordicmart.andreevmaster.com\/sv\/wp-json\/wp\/v2\/comments?post=16780"}],"wp:attachment":[{"href":"https:\/\/nordicmart.andreevmaster.com\/sv\/wp-json\/wp\/v2\/media?parent=16780"}],"wp:term":[{"taxonomy":"product_brand","embeddable":true,"href":"https:\/\/nordicmart.andreevmaster.com\/sv\/wp-json\/wp\/v2\/product_brand?post=16780"},{"taxonomy":"product_cat","embeddable":true,"href":"https:\/\/nordicmart.andreevmaster.com\/sv\/wp-json\/wp\/v2\/product_cat?post=16780"},{"taxonomy":"product_tag","embeddable":true,"href":"https:\/\/nordicmart.andreevmaster.com\/sv\/wp-json\/wp\/v2\/product_tag?post=16780"}],"curies":[{"name":"wp","href":"https:\/\/api.w.org\/{rel}","templated":true}]}}