{"id":16778,"date":"2026-02-27T00:32:11","date_gmt":"2026-02-27T00:32:11","guid":{"rendered":"https:\/\/nordicmart.andreevmaster.com\/product\/madrass-70x140-70x20-for-so-sixty-och-pinette\/"},"modified":"2026-02-27T08:22:22","modified_gmt":"2026-02-27T08:22:22","slug":"madrass-70x140-70x20-for-so-sixty-och-pinette","status":"publish","type":"product","link":"https:\/\/nordicmart.andreevmaster.com\/sv\/produkt\/madrass-70x140-70x20-for-so-sixty-och-pinette\/","title":{"rendered":"Madrass 70&#215;140+ 70&#215;20 f\u00f6r So sixty och Pinette"},"content":{"rendered":"<p>Madrass 70&#215;140+ 70&#215;20 <\/p>\n<p>Madrass speciellt tillverkad f\u00f6r spj\u00e4ls\u00e4ngen So sixty och Pinette<br \/>\nDen f\u00f6rsta delen (storlek 70&#215;140) \u00e4r anpassad till storleken p\u00e5 spj\u00e4ls\u00e4ngen i grundversionen \u2013 f\u00f6r en baby.N\u00e4r spj\u00e4ls\u00e4ngen omvandlas till en barns\u00e4ng l\u00e4ggs en mindre del i storleken 20&#215;70 till basmadrassen.<br \/>\nB\u00e5da delarna \u00e4r anpassade till varandra och till spj\u00e4ls\u00e4ngen. <\/p>\n<p>Madrassens huvudsakliga egenskaper:<br \/>\n&#8211; tillverkad av allergiv\u00e4nligt polyuretanskum med en densitet p\u00e5 18,28 kg\/m3 (s\u00e5 kallad medelh\u00e5rdhet), som tack vare sin struktur har h\u00f6g motst\u00e5ndskraft mot deformation<br \/>\n&#8211; madrassens r\u00e4tta (medelh\u00e5rda) h\u00e5rdhet har r\u00e4tt effekt p\u00e5 den v\u00e4xande lilla ryggraden<br \/>\nMadrassen \u00e4r f\u00f6rsedd med ett quiltat \u00f6verdrag med allergiv\u00e4nliga egenskaper.Det \u00e4r extremt hygieniskt och h\u00e5llbart. Tyget som det \u00e4r tillverkat av \u00e4r slitstarkt och samtidigt mycket behagligt att ta p\u00e5.\u00d6verdraget kan tv\u00e4ttas i 40 \u00b0C, vilket g\u00f6r att du kan h\u00e5lla det rent och fr\u00e4scht och samtidigt effektivt bli av med kvalster och mikroorganismer. Det \u00e4r quiltat med ett mycket fluffigt non-woven-tyg som ger det en extraordin\u00e4r mjukhet. \u00d6verdragets parametrar:- jerseytyg &#8211; 100 % polyester<br \/>\n&#8211; alla kanter p\u00e5 \u00f6verdraget \u00e4r f\u00e5llade, vilket f\u00f6rhindrar att materialet fransar sig<br \/>\n&#8211; dragkedja (p\u00e5 tre sidor) f\u00f6r enkel borttagning av \u00f6verdraget<br \/>\n&#8211; \u00f6verdraget kan tv\u00e4ttas flera g\u00e5nger i 40 \u00b0C <\/p>\n<p>\u00d6verdraget \u00e4r helt tillverkat av h\u00f6gkvalitativa material med antibakteriella och antiallergiska egenskaper som bekr\u00e4ftats av Oeko-Tex-certifikat.<br \/>\nMadrassens m\u00e5tt:<br \/>\nf\u00f6r en s\u00e4ng 70&#215;160:<br \/>\nbredd &#8211; 70 cm<br \/>\nl\u00e4ngd &#8211; 160 cm<br \/>\nh\u00f6jd &#8211; 10 cm <\/p>\n<p>Ytterligare information:<br \/>\nMadrassen kan skickas tillsammans med spj\u00e4ls\u00e4ngen.<\/p>\n","protected":false},"excerpt":{"rendered":"<p>Madrass 70&#215;140+ 70&#215;20 Madrass speciellt tillverkad f\u00f6r spj\u00e4ls\u00e4ngen So sixty och Pinette Den f\u00f6rsta delen (storlek 70&#215;140) \u00e4r anpassad till storleken p\u00e5 spj\u00e4ls\u00e4ngen i grundversionen \u2013 f\u00f6r en baby.N\u00e4r spj\u00e4ls\u00e4ngen omvandlas till en barns\u00e4ng l\u00e4ggs en mindre del i storleken 20&#215;70 till basmadrassen. B\u00e5da delarna \u00e4r anpassade till varandra och till spj\u00e4ls\u00e4ngen. Madrassens huvudsakliga egenskaper: [&hellip;]<\/p>\n","protected":false},"featured_media":0,"comment_status":"open","ping_status":"closed","template":"","meta":[],"product_brand":[],"product_cat":[33],"product_tag":[],"class_list":{"0":"post-16778","1":"product","2":"type-product","3":"status-publish","5":"product_cat-okategoriserad","7":"first","8":"instock","9":"shipping-taxable","10":"purchasable","11":"product-type-simple"},"_links":{"self":[{"href":"https:\/\/nordicmart.andreevmaster.com\/sv\/wp-json\/wp\/v2\/product\/16778","targetHints":{"allow":["GET"]}}],"collection":[{"href":"https:\/\/nordicmart.andreevmaster.com\/sv\/wp-json\/wp\/v2\/product"}],"about":[{"href":"https:\/\/nordicmart.andreevmaster.com\/sv\/wp-json\/wp\/v2\/types\/product"}],"replies":[{"embeddable":true,"href":"https:\/\/nordicmart.andreevmaster.com\/sv\/wp-json\/wp\/v2\/comments?post=16778"}],"wp:attachment":[{"href":"https:\/\/nordicmart.andreevmaster.com\/sv\/wp-json\/wp\/v2\/media?parent=16778"}],"wp:term":[{"taxonomy":"product_brand","embeddable":true,"href":"https:\/\/nordicmart.andreevmaster.com\/sv\/wp-json\/wp\/v2\/product_brand?post=16778"},{"taxonomy":"product_cat","embeddable":true,"href":"https:\/\/nordicmart.andreevmaster.com\/sv\/wp-json\/wp\/v2\/product_cat?post=16778"},{"taxonomy":"product_tag","embeddable":true,"href":"https:\/\/nordicmart.andreevmaster.com\/sv\/wp-json\/wp\/v2\/product_tag?post=16778"}],"curies":[{"name":"wp","href":"https:\/\/api.w.org\/{rel}","templated":true}]}}