{"id":16777,"date":"2026-02-27T00:32:10","date_gmt":"2026-02-27T00:32:10","guid":{"rendered":"https:\/\/nordicmart.andreevmaster.com\/product\/madrass-dream-nest-80x160\/"},"modified":"2026-02-27T08:22:22","modified_gmt":"2026-02-27T08:22:22","slug":"madrass-dream-nest-80x160","status":"publish","type":"product","link":"https:\/\/nordicmart.andreevmaster.com\/sv\/produkt\/madrass-dream-nest-80x160\/","title":{"rendered":"Madrass  Dream Nest 80&#215;160"},"content":{"rendered":"<p>En madrass speciellt tillverkad f\u00f6r Dream Nest<\/p>\n<p>Madrassens huvudsakliga egenskaper:<br \/>\n&#8211; tillverkad av antiallergiskt polyuretanskum med en densitet p\u00e5 18,28 kg\/m3 (s\u00e5 kallad medelh\u00e5rdhet), som tack vare sin struktur har h\u00f6g motst\u00e5ndskraft mot deformation<br \/>\n&#8211; madrassens l\u00e4mpliga (medelh\u00e5rda) h\u00e5rdhet har r\u00e4tt effekt f\u00f6r formningen av en liten ryggrad<\/p>\n<p>Madrassen \u00e4r utrustad med ett quiltat \u00f6verdrag med antiallergiska egenskaper.Det \u00e4r extremt hygieniskt och h\u00e5llbart. Det stickade tyget \u00e4r slitstarkt och samtidigt mycket behagligt att ta p\u00e5.\u00d6verdraget kan tv\u00e4ttas i 40 \u00b0C, vilket g\u00f6r att du kan h\u00e5lla det rent och fr\u00e4scht och samtidigt effektivt bli av med kvalster och mikroorganismer. Det \u00e4r quiltat med ett mycket fluffigt non-woven-tyg, vilket ger det en extraordin\u00e4r mjukhet. \u00d6verdragets parametrar:- jerseystickat &#8211; 100 % polyester<br \/>\n&#8211; alla kanter p\u00e5 \u00f6verdraget \u00e4r f\u00e5llade, vilket f\u00f6rhindrar att materialet fransar sig<br \/>\n&#8211; l\u00e5s (p\u00e5 tre sidor) f\u00f6r enkel borttagning av \u00f6verdraget<br \/>\n&#8211; m\u00f6jlighet att tv\u00e4tta \u00f6verdraget flera g\u00e5nger i 40 \u00b0C <\/p>\n<p>\u00d6verdraget \u00e4r helt tillverkat av h\u00f6gkvalitativa material med antibakteriella och antiallergiska egenskaper som bekr\u00e4ftats av Oeko-tex-certifikat. <\/p>\n<p>Madrassens m\u00e5tt:<\/p>\n<p>f\u00f6r spj\u00e4ls\u00e4ng 80&#215;160:<br \/>\nbredd &#8211; 80 cm<br \/>\nl\u00e4ngd &#8211; 160 cm<br \/>\nh\u00f6jd &#8211; 10 cm<\/p>\n","protected":false},"excerpt":{"rendered":"<p>En madrass speciellt tillverkad f\u00f6r Dream Nest Madrassens huvudsakliga egenskaper: &#8211; tillverkad av antiallergiskt polyuretanskum med en densitet p\u00e5 18,28 kg\/m3 (s\u00e5 kallad medelh\u00e5rdhet), som tack vare sin struktur har h\u00f6g motst\u00e5ndskraft mot deformation &#8211; madrassens l\u00e4mpliga (medelh\u00e5rda) h\u00e5rdhet har r\u00e4tt effekt f\u00f6r formningen av en liten ryggrad Madrassen \u00e4r utrustad med ett quiltat \u00f6verdrag [&hellip;]<\/p>\n","protected":false},"featured_media":0,"comment_status":"open","ping_status":"closed","template":"","meta":[],"product_brand":[],"product_cat":[33],"product_tag":[],"class_list":{"0":"post-16777","1":"product","2":"type-product","3":"status-publish","5":"product_cat-okategoriserad","7":"first","8":"instock","9":"shipping-taxable","10":"purchasable","11":"product-type-simple"},"_links":{"self":[{"href":"https:\/\/nordicmart.andreevmaster.com\/sv\/wp-json\/wp\/v2\/product\/16777","targetHints":{"allow":["GET"]}}],"collection":[{"href":"https:\/\/nordicmart.andreevmaster.com\/sv\/wp-json\/wp\/v2\/product"}],"about":[{"href":"https:\/\/nordicmart.andreevmaster.com\/sv\/wp-json\/wp\/v2\/types\/product"}],"replies":[{"embeddable":true,"href":"https:\/\/nordicmart.andreevmaster.com\/sv\/wp-json\/wp\/v2\/comments?post=16777"}],"wp:attachment":[{"href":"https:\/\/nordicmart.andreevmaster.com\/sv\/wp-json\/wp\/v2\/media?parent=16777"}],"wp:term":[{"taxonomy":"product_brand","embeddable":true,"href":"https:\/\/nordicmart.andreevmaster.com\/sv\/wp-json\/wp\/v2\/product_brand?post=16777"},{"taxonomy":"product_cat","embeddable":true,"href":"https:\/\/nordicmart.andreevmaster.com\/sv\/wp-json\/wp\/v2\/product_cat?post=16777"},{"taxonomy":"product_tag","embeddable":true,"href":"https:\/\/nordicmart.andreevmaster.com\/sv\/wp-json\/wp\/v2\/product_tag?post=16777"}],"curies":[{"name":"wp","href":"https:\/\/api.w.org\/{rel}","templated":true}]}}