{"id":16776,"date":"2026-02-27T00:32:10","date_gmt":"2026-02-27T00:32:10","guid":{"rendered":"https:\/\/nordicmart.andreevmaster.com\/product\/marylou-snow-bliss-3-dorrars-garderob\/"},"modified":"2026-02-27T08:22:22","modified_gmt":"2026-02-27T08:22:22","slug":"marylou-snow-bliss-3-dorrars-garderob","status":"publish","type":"product","link":"https:\/\/nordicmart.andreevmaster.com\/sv\/produkt\/marylou-snow-bliss-3-dorrars-garderob\/","title":{"rendered":"Marylou snow bliss 3-d\u00f6rrars garderob"},"content":{"rendered":"<p>Den extremt rymliga garderoben med tre d\u00f6rrar \u00e4r ett viktigt inslag i syskonens rum. Sk\u00e5pet har designats i tv\u00e5 delar: en bredare och en smalare. Den bredare delen med tv\u00e5 d\u00f6rrar \u00e4r utrustad med en kl\u00e4dst\u00e5ng och tv\u00e5 rymliga hyllor (som t\u00e4cker hela bredden p\u00e5 denna del av sk\u00e5pet).Den smalare delen har hyllor, varav tre kan justeras. Den kompletteras med tv\u00e5 l\u00e5dor: en bredare och en smalare, som \u00e4r utrustade med Hafele-skenor med mjukst\u00e4ngningsfunktion. Garderoben \u00e4r tillverkad av h\u00f6gkvalitativ MDF-skiva m\u00e5lad med vit barns\u00e4ker f\u00e4rg och m\u00f6belskiva (sidor och inre delar). F\u00f6r att \u00f6ka s\u00e4kerheten och anv\u00e4ndarkomforten har s\u00e4kra och p\u00e5litliga styrskenor med ett extra st\u00e4ngningssystem anv\u00e4nts.<\/p>\n<p>M\u00e5tt (cm): B:146,5 D:52,5, H:174,5 Cirka.<br \/>\nAntal paket: 4<\/p>\n<p>**Material:**<br \/>\nDen \u00e4r tillverkad av h\u00f6gkvalitativ MDF och sp\u00e5nskiva .<br \/>\nDen \u00e4r ytbehandlad med barns\u00e4ker f\u00e4rg, certifierad enligt EN71 \/ 3.<\/p>\n<p>**Anv\u00e4ndningsinstruktioner:**<br \/>\nTv\u00e4tta med en mjuk trasa fuktad med ett milt reng\u00f6ringsmedel.<\/p>\n<p>**Ytterligare information:**<br \/>\nAlla v\u00e5ra produkter levereras i platta paket och kan monteras sj\u00e4lv med hj\u00e4lp av de medf\u00f6ljande, l\u00e4ttf\u00f6rst\u00e5eliga instruktionerna.<\/p>\n","protected":false},"excerpt":{"rendered":"<p>Den extremt rymliga garderoben med tre d\u00f6rrar \u00e4r ett viktigt inslag i syskonens rum. Sk\u00e5pet har designats i tv\u00e5 delar: en bredare och en smalare. Den bredare delen med tv\u00e5 d\u00f6rrar \u00e4r utrustad med en kl\u00e4dst\u00e5ng och tv\u00e5 rymliga hyllor (som t\u00e4cker hela bredden p\u00e5 denna del av sk\u00e5pet).Den smalare delen har hyllor, varav tre [&hellip;]<\/p>\n","protected":false},"featured_media":0,"comment_status":"open","ping_status":"closed","template":"","meta":[],"product_brand":[],"product_cat":[33],"product_tag":[],"class_list":{"0":"post-16776","1":"product","2":"type-product","3":"status-publish","5":"product_cat-okategoriserad","7":"first","8":"instock","9":"shipping-taxable","10":"purchasable","11":"product-type-simple"},"_links":{"self":[{"href":"https:\/\/nordicmart.andreevmaster.com\/sv\/wp-json\/wp\/v2\/product\/16776","targetHints":{"allow":["GET"]}}],"collection":[{"href":"https:\/\/nordicmart.andreevmaster.com\/sv\/wp-json\/wp\/v2\/product"}],"about":[{"href":"https:\/\/nordicmart.andreevmaster.com\/sv\/wp-json\/wp\/v2\/types\/product"}],"replies":[{"embeddable":true,"href":"https:\/\/nordicmart.andreevmaster.com\/sv\/wp-json\/wp\/v2\/comments?post=16776"}],"wp:attachment":[{"href":"https:\/\/nordicmart.andreevmaster.com\/sv\/wp-json\/wp\/v2\/media?parent=16776"}],"wp:term":[{"taxonomy":"product_brand","embeddable":true,"href":"https:\/\/nordicmart.andreevmaster.com\/sv\/wp-json\/wp\/v2\/product_brand?post=16776"},{"taxonomy":"product_cat","embeddable":true,"href":"https:\/\/nordicmart.andreevmaster.com\/sv\/wp-json\/wp\/v2\/product_cat?post=16776"},{"taxonomy":"product_tag","embeddable":true,"href":"https:\/\/nordicmart.andreevmaster.com\/sv\/wp-json\/wp\/v2\/product_tag?post=16776"}],"curies":[{"name":"wp","href":"https:\/\/api.w.org\/{rel}","templated":true}]}}