{"id":16775,"date":"2026-02-27T00:32:10","date_gmt":"2026-02-27T00:32:10","guid":{"rendered":"https:\/\/nordicmart.andreevmaster.com\/product\/marylou-snow-bliss-garderob\/"},"modified":"2026-02-27T08:22:22","modified_gmt":"2026-02-27T08:22:22","slug":"marylou-snow-bliss-garderob","status":"publish","type":"product","link":"https:\/\/nordicmart.andreevmaster.com\/sv\/produkt\/marylou-snow-bliss-garderob\/","title":{"rendered":"Marylou snow bliss garderob"},"content":{"rendered":"<p>Klassisk och elegant serie barnm\u00f6bler med ett fr\u00e4scht och elegant utseende. Kollektionen har ljusa f\u00e4rger och vackra silverhandtag som ger ett sofistikerat intryck.<br \/>\nGarderoben \u00e4r tillverkad av h\u00f6gkvalitativ MDF-skiva m\u00e5lad med vit barns\u00e4ker f\u00e4rg och m\u00f6belskiva (sidor och inre delar). F\u00f6r att \u00f6ka s\u00e4kerheten och anv\u00e4ndarkomforten har s\u00e4kra och p\u00e5litliga styrskenor med ett extra st\u00e4ngningssystem anv\u00e4nts.<br \/>\n**Varf\u00f6r ska du k\u00f6pa mig?**<br \/>\n&#8211; H\u00e4ngare i full bredd<br \/>\n&#8211; 1 fast hylla i full bredd \u00f6ver h\u00e4ngaren<br \/>\n&#8211; 1 justerbar hylla f\u00f6r f\u00f6rvaring av alla barnets n\u00f6dv\u00e4ndigheter och en hylla i full bredd<br \/>\n&#8211; 1 rymlig l\u00e5da p\u00e5 tysta styrskenor med sj\u00e4lvst\u00e4ngande funktion fr\u00e5n Haffele<br \/>\nM\u00e5tt (cm): B:102,6 D:52,5, H:174,6 ca. <\/p>\n<p>M\u00f6blerna \u00e4r ytbehandlade med en speciellt utvald f\u00e4rg fr\u00e5n en italiensk leverant\u00f6r, som har unika h\u00e4rdande egenskaper, s\u00e5 att m\u00f6blerna \u00e4r motst\u00e5ndskraftiga mot tv\u00e5 typer av skador:<br \/>\n&#8211; Kemikalier: skyddar mot effekterna av vatten, lotioner, oljor och andra reng\u00f6ringsmedel;<br \/>\n&#8211; Mekaniskt skydd mot alla typer av repor som uppst\u00e5r vid anv\u00e4ndning av m\u00f6bler.<br \/>\nDen matchade f\u00e4rgen skapar en perfekt sl\u00e4t ytstruktur. Speciella material skapar en matt effekt p\u00e5 den fina satinen. F\u00e4rgen har alla n\u00f6dv\u00e4ndiga certifikat. Dessutom testas de m\u00e5lade m\u00f6blerna i laboratorier med avseende p\u00e5 utsl\u00e4pp innan de s\u00e4ljs.<\/p>\n<p>Alla v\u00e5ra produkter levereras i platta paket och kan monteras sj\u00e4lv med hj\u00e4lp av de l\u00e4ttf\u00f6rst\u00e5eliga instruktioner som medf\u00f6ljer.<\/p>\n","protected":false},"excerpt":{"rendered":"<p>Klassisk och elegant serie barnm\u00f6bler med ett fr\u00e4scht och elegant utseende. Kollektionen har ljusa f\u00e4rger och vackra silverhandtag som ger ett sofistikerat intryck. Garderoben \u00e4r tillverkad av h\u00f6gkvalitativ MDF-skiva m\u00e5lad med vit barns\u00e4ker f\u00e4rg och m\u00f6belskiva (sidor och inre delar). F\u00f6r att \u00f6ka s\u00e4kerheten och anv\u00e4ndarkomforten har s\u00e4kra och p\u00e5litliga styrskenor med ett extra st\u00e4ngningssystem [&hellip;]<\/p>\n","protected":false},"featured_media":0,"comment_status":"open","ping_status":"closed","template":"","meta":[],"product_brand":[],"product_cat":[33],"product_tag":[],"class_list":{"0":"post-16775","1":"product","2":"type-product","3":"status-publish","5":"product_cat-okategoriserad","7":"first","8":"instock","9":"shipping-taxable","10":"purchasable","11":"product-type-simple"},"_links":{"self":[{"href":"https:\/\/nordicmart.andreevmaster.com\/sv\/wp-json\/wp\/v2\/product\/16775","targetHints":{"allow":["GET"]}}],"collection":[{"href":"https:\/\/nordicmart.andreevmaster.com\/sv\/wp-json\/wp\/v2\/product"}],"about":[{"href":"https:\/\/nordicmart.andreevmaster.com\/sv\/wp-json\/wp\/v2\/types\/product"}],"replies":[{"embeddable":true,"href":"https:\/\/nordicmart.andreevmaster.com\/sv\/wp-json\/wp\/v2\/comments?post=16775"}],"wp:attachment":[{"href":"https:\/\/nordicmart.andreevmaster.com\/sv\/wp-json\/wp\/v2\/media?parent=16775"}],"wp:term":[{"taxonomy":"product_brand","embeddable":true,"href":"https:\/\/nordicmart.andreevmaster.com\/sv\/wp-json\/wp\/v2\/product_brand?post=16775"},{"taxonomy":"product_cat","embeddable":true,"href":"https:\/\/nordicmart.andreevmaster.com\/sv\/wp-json\/wp\/v2\/product_cat?post=16775"},{"taxonomy":"product_tag","embeddable":true,"href":"https:\/\/nordicmart.andreevmaster.com\/sv\/wp-json\/wp\/v2\/product_tag?post=16775"}],"curies":[{"name":"wp","href":"https:\/\/api.w.org\/{rel}","templated":true}]}}