{"id":16773,"date":"2026-02-27T00:32:09","date_gmt":"2026-02-27T00:32:09","guid":{"rendered":"https:\/\/nordicmart.andreevmaster.com\/product\/marylou-snow-bliss-spjalsang-70x140-med-lada\/"},"modified":"2026-02-27T08:22:21","modified_gmt":"2026-02-27T08:22:21","slug":"marylou-snow-bliss-spjalsang-70x140-med-lada","status":"publish","type":"product","link":"https:\/\/nordicmart.andreevmaster.com\/sv\/produkt\/marylou-snow-bliss-spjalsang-70x140-med-lada\/","title":{"rendered":"Marylou snow bliss spj\u00e4ls\u00e4ng 70&#215;140 med l\u00e5da"},"content":{"rendered":"<p>Klassisk och elegant serie barnm\u00f6bler med ett fr\u00e4scht och elegant utseende. Kollektionen har ljusa f\u00e4rger och vackra silverhandtag som ger en sofistikerad touch till helhetsintrycket.<\/p>\n<p>L\u00e5dan \u00e4r tillverkad av h\u00f6gkvalitativ MDF-skiva som \u00e4r vitm\u00e5lad med certifierad och barns\u00e4ker f\u00e4rg och sp\u00e5nskiva.<\/p>\n<p>**Varf\u00f6r ska du k\u00f6pa den?**<br \/>\n&#8211; F\u00e4sts p\u00e5 s\u00e4ngens sidor med tysta styrskenor<br \/>\n&#8211; Extra utrymme f\u00f6r f\u00f6rvaring av alla barnets n\u00f6dv\u00e4ndigheter<\/p>\n<p>Passar endast till Marylou spj\u00e4ls\u00e4ng 70&#215;140<\/p>\n<p>M\u00e5tt (cm): B: 134,8 D: 68,4, H: 9,2<\/p>\n<p>Alla v\u00e5ra produkter levereras i platta paket och kan monteras sj\u00e4lv med hj\u00e4lp av de medf\u00f6ljande, l\u00e4ttf\u00f6rst\u00e5eliga instruktionerna.<\/p>\n","protected":false},"excerpt":{"rendered":"<p>Klassisk och elegant serie barnm\u00f6bler med ett fr\u00e4scht och elegant utseende. Kollektionen har ljusa f\u00e4rger och vackra silverhandtag som ger en sofistikerad touch till helhetsintrycket. L\u00e5dan \u00e4r tillverkad av h\u00f6gkvalitativ MDF-skiva som \u00e4r vitm\u00e5lad med certifierad och barns\u00e4ker f\u00e4rg och sp\u00e5nskiva. **Varf\u00f6r ska du k\u00f6pa den?** &#8211; F\u00e4sts p\u00e5 s\u00e4ngens sidor med tysta styrskenor &#8211; [&hellip;]<\/p>\n","protected":false},"featured_media":0,"comment_status":"open","ping_status":"closed","template":"","meta":[],"product_brand":[],"product_cat":[33],"product_tag":[],"class_list":{"0":"post-16773","1":"product","2":"type-product","3":"status-publish","5":"product_cat-okategoriserad","7":"first","8":"instock","9":"shipping-taxable","10":"purchasable","11":"product-type-simple"},"_links":{"self":[{"href":"https:\/\/nordicmart.andreevmaster.com\/sv\/wp-json\/wp\/v2\/product\/16773","targetHints":{"allow":["GET"]}}],"collection":[{"href":"https:\/\/nordicmart.andreevmaster.com\/sv\/wp-json\/wp\/v2\/product"}],"about":[{"href":"https:\/\/nordicmart.andreevmaster.com\/sv\/wp-json\/wp\/v2\/types\/product"}],"replies":[{"embeddable":true,"href":"https:\/\/nordicmart.andreevmaster.com\/sv\/wp-json\/wp\/v2\/comments?post=16773"}],"wp:attachment":[{"href":"https:\/\/nordicmart.andreevmaster.com\/sv\/wp-json\/wp\/v2\/media?parent=16773"}],"wp:term":[{"taxonomy":"product_brand","embeddable":true,"href":"https:\/\/nordicmart.andreevmaster.com\/sv\/wp-json\/wp\/v2\/product_brand?post=16773"},{"taxonomy":"product_cat","embeddable":true,"href":"https:\/\/nordicmart.andreevmaster.com\/sv\/wp-json\/wp\/v2\/product_cat?post=16773"},{"taxonomy":"product_tag","embeddable":true,"href":"https:\/\/nordicmart.andreevmaster.com\/sv\/wp-json\/wp\/v2\/product_tag?post=16773"}],"curies":[{"name":"wp","href":"https:\/\/api.w.org\/{rel}","templated":true}]}}