{"id":16772,"date":"2026-02-27T00:32:09","date_gmt":"2026-02-27T00:32:09","guid":{"rendered":"https:\/\/nordicmart.andreevmaster.com\/product\/marylou-snow-bliss-leksakslada\/"},"modified":"2026-02-27T08:22:21","modified_gmt":"2026-02-27T08:22:21","slug":"marylou-snow-bliss-leksakslada","status":"publish","type":"product","link":"https:\/\/nordicmart.andreevmaster.com\/sv\/produkt\/marylou-snow-bliss-leksakslada\/","title":{"rendered":"Marylou snow bliss leksaksl\u00e5da"},"content":{"rendered":"<p>Klassisk och elegant serie barnm\u00f6bler med ett fr\u00e4scht och elegant utseende. Kollektionen har ljusa f\u00e4rger och vackra silverhandtag som ger en sofistikerad touch till helhetsintrycket.Leksaksl\u00e5dan \u00e4r tillverkad av h\u00f6gkvalitativ MDF-skiva m\u00e5lad med vit barns\u00e4ker f\u00e4rg och m\u00f6belskiva (sidor, botten).<\/p>\n<p>**Varf\u00f6r ska du k\u00f6pa den?**<br \/>\n&#8211; s\u00e4kert lockst\u00e4ngningssystem<br \/>\n&#8211; rymligt f\u00f6rvaringsutrymme f\u00f6r alla barnets leksaker\/filtar etc.<\/p>\n<p>M\u00e5tt (cm): B 69,4 D:51,1 H:55,6<\/p>\n<p>M\u00f6blerna \u00e4r ytbehandlade med en speciellt utvald f\u00e4rg fr\u00e5n en italiensk leverant\u00f6r, som har unika h\u00e4rdande egenskaper, s\u00e5 att m\u00f6blerna \u00e4r motst\u00e5ndskraftiga mot tv\u00e5 typer av skador:<br \/>\n&#8211; Kemikalier: skyddar mot effekterna av vatten, lotioner, oljor och andra reng\u00f6ringsmedel;<br \/>\n&#8211; Mekaniskt skydd mot alla typer av repor som uppst\u00e5r vid anv\u00e4ndning av m\u00f6bler.Den matchande f\u00e4rgen skapar en perfekt sl\u00e4t ytstruktur. Speciella material skapar en matt effekt p\u00e5 den fina satinfinishen. F\u00e4rgen har alla n\u00f6dv\u00e4ndiga certifikat. Dessutom testas de m\u00e5lade m\u00f6blerna i laboratorier med avseende p\u00e5 utsl\u00e4pp innan de s\u00e4ljs. Tack vare en speciellt h\u00e4rdad f\u00e4rg avger de inga skadliga \u00e4mnen. Alla v\u00e5ra produkter levereras i platta paket och kan monteras sj\u00e4lv med hj\u00e4lp av de medf\u00f6ljande, l\u00e4ttf\u00f6rst\u00e5eliga instruktionerna.<\/p>\n","protected":false},"excerpt":{"rendered":"<p>Klassisk och elegant serie barnm\u00f6bler med ett fr\u00e4scht och elegant utseende. Kollektionen har ljusa f\u00e4rger och vackra silverhandtag som ger en sofistikerad touch till helhetsintrycket.Leksaksl\u00e5dan \u00e4r tillverkad av h\u00f6gkvalitativ MDF-skiva m\u00e5lad med vit barns\u00e4ker f\u00e4rg och m\u00f6belskiva (sidor, botten). **Varf\u00f6r ska du k\u00f6pa den?** &#8211; s\u00e4kert lockst\u00e4ngningssystem &#8211; rymligt f\u00f6rvaringsutrymme f\u00f6r alla barnets leksaker\/filtar etc. [&hellip;]<\/p>\n","protected":false},"featured_media":0,"comment_status":"open","ping_status":"closed","template":"","meta":[],"product_brand":[],"product_cat":[33],"product_tag":[],"class_list":{"0":"post-16772","1":"product","2":"type-product","3":"status-publish","5":"product_cat-okategoriserad","7":"first","8":"instock","9":"shipping-taxable","10":"purchasable","11":"product-type-simple"},"_links":{"self":[{"href":"https:\/\/nordicmart.andreevmaster.com\/sv\/wp-json\/wp\/v2\/product\/16772","targetHints":{"allow":["GET"]}}],"collection":[{"href":"https:\/\/nordicmart.andreevmaster.com\/sv\/wp-json\/wp\/v2\/product"}],"about":[{"href":"https:\/\/nordicmart.andreevmaster.com\/sv\/wp-json\/wp\/v2\/types\/product"}],"replies":[{"embeddable":true,"href":"https:\/\/nordicmart.andreevmaster.com\/sv\/wp-json\/wp\/v2\/comments?post=16772"}],"wp:attachment":[{"href":"https:\/\/nordicmart.andreevmaster.com\/sv\/wp-json\/wp\/v2\/media?parent=16772"}],"wp:term":[{"taxonomy":"product_brand","embeddable":true,"href":"https:\/\/nordicmart.andreevmaster.com\/sv\/wp-json\/wp\/v2\/product_brand?post=16772"},{"taxonomy":"product_cat","embeddable":true,"href":"https:\/\/nordicmart.andreevmaster.com\/sv\/wp-json\/wp\/v2\/product_cat?post=16772"},{"taxonomy":"product_tag","embeddable":true,"href":"https:\/\/nordicmart.andreevmaster.com\/sv\/wp-json\/wp\/v2\/product_tag?post=16772"}],"curies":[{"name":"wp","href":"https:\/\/api.w.org\/{rel}","templated":true}]}}