{"id":16770,"date":"2026-02-27T00:32:09","date_gmt":"2026-02-27T00:32:09","guid":{"rendered":"https:\/\/nordicmart.andreevmaster.com\/product\/marylou-snow-bliss-changer-2\/"},"modified":"2026-02-27T08:22:21","modified_gmt":"2026-02-27T08:22:21","slug":"marylou-snow-bliss-changer-2","status":"publish","type":"product","link":"https:\/\/nordicmart.andreevmaster.com\/sv\/produkt\/marylou-snow-bliss-changer-2\/","title":{"rendered":"Marylou snow bliss changer"},"content":{"rendered":"<p>Klassisk och elegant serie barnm\u00f6bler med ett fr\u00e4scht och delikat utseende. Kollektionen har ljusa f\u00e4rger och vackra silverhandtag som ger en sofistikerad touch till helhetsintrycket.<\/p>\n<p>Sk\u00f6tbordet \u00e4r tillverkat av h\u00f6gkvalitativ MDF-skiva m\u00e5lad med vit barns\u00e4ker f\u00e4rg.<\/p>\n<p>**Varf\u00f6r ska du k\u00f6pa mig?**<br \/>\n&#8211; Kan installeras ovanp\u00e5 byr\u00e5<br \/>\n&#8211; Kan placeras p\u00e5 v\u00e4nster, mitten eller h\u00f6ger sida av toppen<br \/>\n&#8211; L\u00e4mplig f\u00f6r barn upp till 12 m\u00e5nader, med en maximal vikt p\u00e5 11 kg<br \/>\n&#8211; Passar m\u00e5nga sk\u00f6tmadrasser som finns p\u00e5 marknaden, placera den enkelt mellan barri\u00e4rerna<\/p>\n<p>M\u00e5tt (cm): B: 60, D: 79,5, H: 8<\/p>\n<p>M\u00f6blerna \u00e4r behandlade med en speciellt utvald f\u00e4rg fr\u00e5n en italiensk leverant\u00f6r, som har unika h\u00e4rdande egenskaper, s\u00e5 att m\u00f6blerna \u00e4r motst\u00e5ndskraftiga mot tv\u00e5 typer av skador:<br \/>\n&#8211; Kemikalier: skyddar mot effekterna av vatten, lotioner, oljor och andra reng\u00f6ringsmedel;<br \/>\n&#8211; Mekaniskt skydd mot alla typer av repor som uppst\u00e5r vid anv\u00e4ndning av m\u00f6bler.Matchad f\u00e4rg skapar en perfekt sl\u00e4t bel\u00e4ggningsstruktur. Speciella material skapar en matt effekt p\u00e5 den delikata satinen. F\u00e4rgen har alla n\u00f6dv\u00e4ndiga certifikat. Dessutom testas de m\u00e5lade m\u00f6blerna i laboratorier med avseende p\u00e5 utsl\u00e4pp innan de s\u00e4ljs. Alla v\u00e5ra produkter \u00e4r platta f\u00f6rpackningar och kan monteras sj\u00e4lv med hj\u00e4lp av de l\u00e4ttf\u00f6rst\u00e5eliga instruktioner som medf\u00f6ljer f\u00f6r din bekv\u00e4mlighet.<\/p>\n","protected":false},"excerpt":{"rendered":"<p>Klassisk och elegant serie barnm\u00f6bler med ett fr\u00e4scht och delikat utseende. Kollektionen har ljusa f\u00e4rger och vackra silverhandtag som ger en sofistikerad touch till helhetsintrycket. Sk\u00f6tbordet \u00e4r tillverkat av h\u00f6gkvalitativ MDF-skiva m\u00e5lad med vit barns\u00e4ker f\u00e4rg. **Varf\u00f6r ska du k\u00f6pa mig?** &#8211; Kan installeras ovanp\u00e5 byr\u00e5 &#8211; Kan placeras p\u00e5 v\u00e4nster, mitten eller h\u00f6ger sida [&hellip;]<\/p>\n","protected":false},"featured_media":0,"comment_status":"open","ping_status":"closed","template":"","meta":[],"product_brand":[],"product_cat":[33],"product_tag":[],"class_list":{"0":"post-16770","1":"product","2":"type-product","3":"status-publish","5":"product_cat-okategoriserad","7":"first","8":"instock","9":"shipping-taxable","10":"purchasable","11":"product-type-simple"},"_links":{"self":[{"href":"https:\/\/nordicmart.andreevmaster.com\/sv\/wp-json\/wp\/v2\/product\/16770","targetHints":{"allow":["GET"]}}],"collection":[{"href":"https:\/\/nordicmart.andreevmaster.com\/sv\/wp-json\/wp\/v2\/product"}],"about":[{"href":"https:\/\/nordicmart.andreevmaster.com\/sv\/wp-json\/wp\/v2\/types\/product"}],"replies":[{"embeddable":true,"href":"https:\/\/nordicmart.andreevmaster.com\/sv\/wp-json\/wp\/v2\/comments?post=16770"}],"wp:attachment":[{"href":"https:\/\/nordicmart.andreevmaster.com\/sv\/wp-json\/wp\/v2\/media?parent=16770"}],"wp:term":[{"taxonomy":"product_brand","embeddable":true,"href":"https:\/\/nordicmart.andreevmaster.com\/sv\/wp-json\/wp\/v2\/product_brand?post=16770"},{"taxonomy":"product_cat","embeddable":true,"href":"https:\/\/nordicmart.andreevmaster.com\/sv\/wp-json\/wp\/v2\/product_cat?post=16770"},{"taxonomy":"product_tag","embeddable":true,"href":"https:\/\/nordicmart.andreevmaster.com\/sv\/wp-json\/wp\/v2\/product_tag?post=16770"}],"curies":[{"name":"wp","href":"https:\/\/api.w.org\/{rel}","templated":true}]}}