{"id":16769,"date":"2026-02-27T00:32:09","date_gmt":"2026-02-27T00:32:09","guid":{"rendered":"https:\/\/nordicmart.andreevmaster.com\/product\/marylou-snow-bliss-sang-90x200\/"},"modified":"2026-02-27T08:22:20","modified_gmt":"2026-02-27T08:22:20","slug":"marylou-snow-bliss-sang-90x200","status":"publish","type":"product","link":"https:\/\/nordicmart.andreevmaster.com\/sv\/produkt\/marylou-snow-bliss-sang-90x200\/","title":{"rendered":"Marylou snow bliss s\u00e4ng 90&#215;200"},"content":{"rendered":"<p>Klassisk och elegant serie barnm\u00f6bler med ett fr\u00e4scht och delikat utseende. Kollektionen har ljusa f\u00e4rger och vackra silverhandtag som ger en sofistikerad touch till det \u00f6vergripande utseendet.S\u00e4ngen \u00e4r tillverkad av h\u00f6gkvalitativ MDF-skiva m\u00e5lad med vit barns\u00e4ker f\u00e4rg.<br \/>\n**Varf\u00f6r ska du k\u00f6pa den?**<br \/>\n&#8211; Neoklassisk design som passar b\u00e5de pojkar och flickor<br \/>\n&#8211; En bekv\u00e4m plats att sova p\u00e5 i m\u00e5nga \u00e5r<br \/>\n&#8211; En bas under madrassen ing\u00e5r<br \/>\n&#8211; En l\u00e5da kan l\u00e4ggas till, som kan anv\u00e4ndas f\u00f6r f\u00f6rvaring eller som en extra sovplats!- S\u00e4ngen passar en madrass i storleken 90&#215;200 (ing\u00e5r ej)<\/p>\n<p>M\u00e5tt (cm): L:206 B:98,2 H:71,6<\/p>\n<p>M\u00f6blerna \u00e4r behandlade med en speciellt utvald f\u00e4rg fr\u00e5n en italiensk leverant\u00f6r, som har unika h\u00e4rdande egenskaper, s\u00e5 att m\u00f6blerna \u00e4r motst\u00e5ndskraftiga mot tv\u00e5 typer av skador:<br \/>\n&#8211; Kemikalier: skyddar mot effekterna av vatten, lotioner, oljor och andra reng\u00f6ringsmedel;<br \/>\n&#8211; Mekaniskt skydd mot alla typer av repor som uppst\u00e5r vid anv\u00e4ndning av m\u00f6bler.Matchad f\u00e4rg skapar en perfekt sl\u00e4t bel\u00e4ggningsstruktur. Speciella material skapar en matt effekt p\u00e5 den delikata satinen. F\u00e4rgen har alla n\u00f6dv\u00e4ndiga certifikat. Dessutom testas de m\u00e5lade m\u00f6blerna i laboratorier med avseende p\u00e5 utsl\u00e4pp innan de s\u00e4ljs. Tack vare en speciellt h\u00e4rdad f\u00e4rg avger de inga skadliga \u00e4mnen. Alla v\u00e5ra produkter \u00e4r platta f\u00f6rpackningar och kan monteras sj\u00e4lv med hj\u00e4lp av de l\u00e4ttf\u00f6rst\u00e5eliga instruktioner som medf\u00f6ljer f\u00f6r din bekv\u00e4mlighet.<\/p>\n","protected":false},"excerpt":{"rendered":"<p>Klassisk och elegant serie barnm\u00f6bler med ett fr\u00e4scht och delikat utseende. Kollektionen har ljusa f\u00e4rger och vackra silverhandtag som ger en sofistikerad touch till det \u00f6vergripande utseendet.S\u00e4ngen \u00e4r tillverkad av h\u00f6gkvalitativ MDF-skiva m\u00e5lad med vit barns\u00e4ker f\u00e4rg. **Varf\u00f6r ska du k\u00f6pa den?** &#8211; Neoklassisk design som passar b\u00e5de pojkar och flickor &#8211; En bekv\u00e4m plats [&hellip;]<\/p>\n","protected":false},"featured_media":0,"comment_status":"open","ping_status":"closed","template":"","meta":[],"product_brand":[],"product_cat":[33],"product_tag":[],"class_list":{"0":"post-16769","1":"product","2":"type-product","3":"status-publish","5":"product_cat-okategoriserad","7":"first","8":"instock","9":"shipping-taxable","10":"purchasable","11":"product-type-simple"},"_links":{"self":[{"href":"https:\/\/nordicmart.andreevmaster.com\/sv\/wp-json\/wp\/v2\/product\/16769","targetHints":{"allow":["GET"]}}],"collection":[{"href":"https:\/\/nordicmart.andreevmaster.com\/sv\/wp-json\/wp\/v2\/product"}],"about":[{"href":"https:\/\/nordicmart.andreevmaster.com\/sv\/wp-json\/wp\/v2\/types\/product"}],"replies":[{"embeddable":true,"href":"https:\/\/nordicmart.andreevmaster.com\/sv\/wp-json\/wp\/v2\/comments?post=16769"}],"wp:attachment":[{"href":"https:\/\/nordicmart.andreevmaster.com\/sv\/wp-json\/wp\/v2\/media?parent=16769"}],"wp:term":[{"taxonomy":"product_brand","embeddable":true,"href":"https:\/\/nordicmart.andreevmaster.com\/sv\/wp-json\/wp\/v2\/product_brand?post=16769"},{"taxonomy":"product_cat","embeddable":true,"href":"https:\/\/nordicmart.andreevmaster.com\/sv\/wp-json\/wp\/v2\/product_cat?post=16769"},{"taxonomy":"product_tag","embeddable":true,"href":"https:\/\/nordicmart.andreevmaster.com\/sv\/wp-json\/wp\/v2\/product_tag?post=16769"}],"curies":[{"name":"wp","href":"https:\/\/api.w.org\/{rel}","templated":true}]}}