{"id":16768,"date":"2026-02-27T00:32:08","date_gmt":"2026-02-27T00:32:08","guid":{"rendered":"https:\/\/nordicmart.andreevmaster.com\/product\/marylou-snow-bliss-spjalsang-smabarnssang-70x140\/"},"modified":"2026-02-27T08:22:20","modified_gmt":"2026-02-27T08:22:20","slug":"marylou-snow-bliss-spjalsang-smabarnssang-70x140","status":"publish","type":"product","link":"https:\/\/nordicmart.andreevmaster.com\/sv\/produkt\/marylou-snow-bliss-spjalsang-smabarnssang-70x140\/","title":{"rendered":"Marylou snow bliss spj\u00e4ls\u00e4ng\/sm\u00e5barnss\u00e4ng 70&#215;140"},"content":{"rendered":"<p>Klassisk och elegant serie barnm\u00f6bler med ett fr\u00e4scht och elegant utseende. Kollektionen har ljusa f\u00e4rger och vackra silverhandtag som ger en sofistikerad touch till helhetsintrycket.<\/p>\n<p>Spj\u00e4ls\u00e4ngen 70&#215;140 \u00e4r tillverkad av h\u00f6gkvalitativ MDF-skiva och tr\u00e4 som \u00e4r m\u00e5lat vitt med certifierad och barns\u00e4ker f\u00e4rg. <\/p>\n<p>**Varf\u00f6r ska du k\u00f6pa den?**<br \/>\n&#8211; spj\u00e4ls\u00e4ngen v\u00e4xer med barnet \u2013 kan omvandlas till en s\u00e4ng<br \/>\n&#8211; 2 avtagbara spj\u00e4lor<br \/>\n&#8211; 3 olika h\u00f6jder p\u00e5 botten<br \/>\n&#8211; en rymlig l\u00e5da p\u00e5 skenor (kan k\u00f6pas separat)<br \/>\n&#8211; passar en madrass i storlek 70x 140 <\/p>\n<p>L\u00e4mplig \u00e5lder: Fr\u00e5n f\u00f6dseln till cirka 5 \u00e5r. <\/p>\n<p>M\u00e5tt (cm): L:146,1, B:78,6 H:90,6<\/p>\n<p>M\u00f6blerna \u00e4r behandlade med en speciellt utvald f\u00e4rg fr\u00e5n en italiensk leverant\u00f6r, som har unika h\u00e4rdande egenskaper, s\u00e5 att m\u00f6blerna \u00e4r motst\u00e5ndskraftiga mot tv\u00e5 typer av skador:<\/p>\n<p>&#8211; Kemikalier: skyddar mot effekterna av vatten, lotioner, oljor och andra reng\u00f6ringsmedel.<br \/>\n&#8211; Mekaniskt skydd mot alla typer av repor som uppst\u00e5r vid anv\u00e4ndning av m\u00f6bler.<br \/>\nDen matchande f\u00e4rgen skapar en perfekt sl\u00e4t ytstruktur. Speciella material ger en matt effekt p\u00e5 den fina satinen. F\u00e4rgen har alla n\u00f6dv\u00e4ndiga certifikat. Dessutom testas de m\u00e5lade m\u00f6blerna i laboratorier med avseende p\u00e5 utsl\u00e4pp innan de s\u00e4ljs.<\/p>\n<p>Alla v\u00e5ra produkter levereras i platta paket och kan monteras sj\u00e4lv med hj\u00e4lp av de l\u00e4ttf\u00f6rst\u00e5eliga instruktioner som medf\u00f6ljer.<\/p>\n","protected":false},"excerpt":{"rendered":"<p>Klassisk och elegant serie barnm\u00f6bler med ett fr\u00e4scht och elegant utseende. Kollektionen har ljusa f\u00e4rger och vackra silverhandtag som ger en sofistikerad touch till helhetsintrycket. Spj\u00e4ls\u00e4ngen 70&#215;140 \u00e4r tillverkad av h\u00f6gkvalitativ MDF-skiva och tr\u00e4 som \u00e4r m\u00e5lat vitt med certifierad och barns\u00e4ker f\u00e4rg. **Varf\u00f6r ska du k\u00f6pa den?** &#8211; spj\u00e4ls\u00e4ngen v\u00e4xer med barnet \u2013 kan [&hellip;]<\/p>\n","protected":false},"featured_media":0,"comment_status":"open","ping_status":"closed","template":"","meta":[],"product_brand":[],"product_cat":[33],"product_tag":[],"class_list":{"0":"post-16768","1":"product","2":"type-product","3":"status-publish","5":"product_cat-okategoriserad","7":"first","8":"instock","9":"shipping-taxable","10":"purchasable","11":"product-type-simple"},"_links":{"self":[{"href":"https:\/\/nordicmart.andreevmaster.com\/sv\/wp-json\/wp\/v2\/product\/16768","targetHints":{"allow":["GET"]}}],"collection":[{"href":"https:\/\/nordicmart.andreevmaster.com\/sv\/wp-json\/wp\/v2\/product"}],"about":[{"href":"https:\/\/nordicmart.andreevmaster.com\/sv\/wp-json\/wp\/v2\/types\/product"}],"replies":[{"embeddable":true,"href":"https:\/\/nordicmart.andreevmaster.com\/sv\/wp-json\/wp\/v2\/comments?post=16768"}],"wp:attachment":[{"href":"https:\/\/nordicmart.andreevmaster.com\/sv\/wp-json\/wp\/v2\/media?parent=16768"}],"wp:term":[{"taxonomy":"product_brand","embeddable":true,"href":"https:\/\/nordicmart.andreevmaster.com\/sv\/wp-json\/wp\/v2\/product_brand?post=16768"},{"taxonomy":"product_cat","embeddable":true,"href":"https:\/\/nordicmart.andreevmaster.com\/sv\/wp-json\/wp\/v2\/product_cat?post=16768"},{"taxonomy":"product_tag","embeddable":true,"href":"https:\/\/nordicmart.andreevmaster.com\/sv\/wp-json\/wp\/v2\/product_tag?post=16768"}],"curies":[{"name":"wp","href":"https:\/\/api.w.org\/{rel}","templated":true}]}}