{"id":16767,"date":"2026-02-27T00:32:08","date_gmt":"2026-02-27T00:32:08","guid":{"rendered":"https:\/\/nordicmart.andreevmaster.com\/product\/marylou-snow-bliss-byra\/"},"modified":"2026-02-27T08:22:20","modified_gmt":"2026-02-27T08:22:20","slug":"marylou-snow-bliss-byra","status":"publish","type":"product","link":"https:\/\/nordicmart.andreevmaster.com\/sv\/produkt\/marylou-snow-bliss-byra\/","title":{"rendered":"Marylou snow bliss byr\u00e5"},"content":{"rendered":"<p>Klassisk och elegant serie barnm\u00f6bler med ett fr\u00e4scht och delikat utseende. Kollektionen har ljusa f\u00e4rger och vackra silverhandtag som ger ett sofistikerat intryck. <\/p>\n<p>Byr\u00e5n \u00e4r tillverkad av h\u00f6gkvalitativ MDF-skiva m\u00e5lad med vit barns\u00e4ker f\u00e4rg och m\u00f6belskiva (sidor och inre delar). F\u00f6r att \u00f6ka s\u00e4kerheten och anv\u00e4ndarkomforten har s\u00e4kra och p\u00e5litliga styrskenor med ett extra st\u00e4ngningssystem anv\u00e4nts.<\/p>\n<p>**Varf\u00f6r ska du k\u00f6pa mig?**<br \/>\n&#8211; 3 rymliga l\u00e5dor<br \/>\n&#8211; tysta styrskenor med sj\u00e4lvst\u00e4ngande funktion fr\u00e5n Haffele<br \/>\n&#8211; en sk\u00f6tbord kan installeras p\u00e5 toppen<\/p>\n<p> M\u00e5tt (cm): B:102,6, D:52,5, H:90<\/p>\n<p>M\u00f6blerna \u00e4r ytbehandlade med en speciellt utvald f\u00e4rg fr\u00e5n en italiensk leverant\u00f6r, som har unika h\u00e4rdande egenskaper, s\u00e5 att m\u00f6blerna \u00e4r motst\u00e5ndskraftiga mot tv\u00e5 typer av skador:<br \/>\n&#8211; Kemikalier: skyddar mot effekterna av vatten, lotioner, oljor och andra reng\u00f6ringsmedel;<br \/>\n&#8211; Mekaniskt skydd mot alla typer av repor som uppst\u00e5r vid anv\u00e4ndning av m\u00f6bler.<\/p>\n<p>Den matchade f\u00e4rgen skapar en perfekt sl\u00e4t ytstruktur. Speciella material skapar en matt effekt p\u00e5 den fina satinen. F\u00e4rgen har alla n\u00f6dv\u00e4ndiga certifikat. Dessutom testas de m\u00e5lade m\u00f6blerna i laboratorier med avseende p\u00e5 utsl\u00e4pp innan de s\u00e4ljs. <\/p>\n<p>Alla v\u00e5ra produkter levereras i platta paket och kan monteras sj\u00e4lv med hj\u00e4lp av de l\u00e4ttf\u00f6rst\u00e5eliga instruktioner som medf\u00f6ljer.<\/p>\n","protected":false},"excerpt":{"rendered":"<p>Klassisk och elegant serie barnm\u00f6bler med ett fr\u00e4scht och delikat utseende. Kollektionen har ljusa f\u00e4rger och vackra silverhandtag som ger ett sofistikerat intryck. Byr\u00e5n \u00e4r tillverkad av h\u00f6gkvalitativ MDF-skiva m\u00e5lad med vit barns\u00e4ker f\u00e4rg och m\u00f6belskiva (sidor och inre delar). F\u00f6r att \u00f6ka s\u00e4kerheten och anv\u00e4ndarkomforten har s\u00e4kra och p\u00e5litliga styrskenor med ett extra st\u00e4ngningssystem [&hellip;]<\/p>\n","protected":false},"featured_media":0,"comment_status":"open","ping_status":"closed","template":"","meta":[],"product_brand":[],"product_cat":[33],"product_tag":[],"class_list":{"0":"post-16767","1":"product","2":"type-product","3":"status-publish","5":"product_cat-okategoriserad","7":"first","8":"instock","9":"shipping-taxable","10":"purchasable","11":"product-type-simple"},"_links":{"self":[{"href":"https:\/\/nordicmart.andreevmaster.com\/sv\/wp-json\/wp\/v2\/product\/16767","targetHints":{"allow":["GET"]}}],"collection":[{"href":"https:\/\/nordicmart.andreevmaster.com\/sv\/wp-json\/wp\/v2\/product"}],"about":[{"href":"https:\/\/nordicmart.andreevmaster.com\/sv\/wp-json\/wp\/v2\/types\/product"}],"replies":[{"embeddable":true,"href":"https:\/\/nordicmart.andreevmaster.com\/sv\/wp-json\/wp\/v2\/comments?post=16767"}],"wp:attachment":[{"href":"https:\/\/nordicmart.andreevmaster.com\/sv\/wp-json\/wp\/v2\/media?parent=16767"}],"wp:term":[{"taxonomy":"product_brand","embeddable":true,"href":"https:\/\/nordicmart.andreevmaster.com\/sv\/wp-json\/wp\/v2\/product_brand?post=16767"},{"taxonomy":"product_cat","embeddable":true,"href":"https:\/\/nordicmart.andreevmaster.com\/sv\/wp-json\/wp\/v2\/product_cat?post=16767"},{"taxonomy":"product_tag","embeddable":true,"href":"https:\/\/nordicmart.andreevmaster.com\/sv\/wp-json\/wp\/v2\/product_tag?post=16767"}],"curies":[{"name":"wp","href":"https:\/\/api.w.org\/{rel}","templated":true}]}}