{"id":16760,"date":"2026-02-27T00:32:06","date_gmt":"2026-02-27T00:32:06","guid":{"rendered":"https:\/\/nordicmart.andreevmaster.com\/product\/songmics-gungstol-med-5-stegs-justerbar-fotstod-gungstol-med-armstod-i-bjorktra-for-vardagsrummet\/"},"modified":"2026-02-27T08:22:19","modified_gmt":"2026-02-27T08:22:19","slug":"songmics-gungstol-med-5-stegs-justerbar-fotstod-gungstol-med-armstod-i-bjorktra-for-vardagsrummet","status":"publish","type":"product","link":"https:\/\/nordicmart.andreevmaster.com\/sv\/produkt\/songmics-gungstol-med-5-stegs-justerbar-fotstod-gungstol-med-armstod-i-bjorktra-for-vardagsrummet\/","title":{"rendered":"SONGMICS gungstol med 5-stegs justerbar fotst\u00f6d, gungstol med armst\u00f6d i bj\u00f6rktr\u00e4, f\u00f6r vardagsrummet"},"content":{"rendered":"<p>Mer avslappnad \u00e4n n\u00e5gonsin Ta en tupplur p\u00e5 eftermiddagen, njut av en tv-kv\u00e4ll, f\u00f6rdjupa dig i en bra bok, vagga ditt barn&#8230; Tack vare det mjuka bomulls\u00f6verdraget, skumplaststoppningen och det praktiska nackst\u00f6det erbjuder denna ergonomiska gungstol alltid h\u00f6g sittkomfort medan du njuter av avslappnande stunder. SONGMICS st\u00e5r f\u00f6r s\u00e4kerhet Benen och armst\u00f6den p\u00e5 denna gungstol \u00e4r tillverkade av robust bj\u00f6rktr\u00e4 och sitsen \u00e4r dessutom f\u00f6rst\u00e4rkt inuti med ett metallstativ \u2013 s\u00e5 du kan sitta tryggt i stolen och gunga fram och tillbaka! Benen \u00e4r dessutom f\u00f6rsedda med halkskydd av filt, vilket skyddar ditt golv fr\u00e5n repor och f\u00f6rhindrar att stolen glider. Produktdetaljer: &#8211; F\u00e4rg: Ljusgr\u00e5 &#8211; Material: Bj\u00f6rktr\u00e4, metallstomme inuti, stoppning av skumplast, bomulls\u00f6verdrag &#8211; Total storlek: 67 x 115 x 91 cm (L x B x H) &#8211; Ryggst\u00f6dets h\u00f6jd: 73 cm &#8211; Sittdjup: 48 cm &#8211; Sittbredd: 55 cm &#8211; Fotst\u00f6dets l\u00e4ngd: 33 cm &#8211; Vikt: 9,8 kg &#8211; Max. statisk belastningskapacitet: 150 kg Leveransomfattning: &#8211; 1 x gungstol &#8211; 1 x tillbeh\u00f6rspaket &#8211; 1 x bruksanvisning (DE, EN, IT, FR, ES) SONGMICS Anm\u00e4rkningar:- Om skruvh\u00e5len inte kan riktas in mot varandra vid montering eller om fotst\u00f6det inte kan justeras, kontrollera om metallramen inuti har monterats upp och ner. &#8211; Dra inte \u00e5t skruvarna omedelbart vid montering. Dra \u00e5t dem f\u00f6rsiktigt f\u00f6rst efter att du har satt i alla skruvar. &#8211; Reng\u00f6ring av tygkl\u00e4dseln: Maskintv\u00e4tt upp till 30 \u00b0C; ej torkat i torktumlare; ej blekt; ej strykt. &#8211; Undvik att placera produkten utomhus under l\u00e4ngre tid.<\/p>\n","protected":false},"excerpt":{"rendered":"<p>Gungstol med 5-stegs justerbar fotst\u00f6d, gungstol med armst\u00f6d i bj\u00f6rktr\u00e4, f\u00f6r vardagsrum, ljusgr\u00e5-naturf\u00e4rgad<\/p>\n","protected":false},"featured_media":44430,"comment_status":"open","ping_status":"closed","template":"","meta":[],"product_brand":[],"product_cat":[33],"product_tag":[],"class_list":{"0":"post-16760","1":"product","2":"type-product","3":"status-publish","4":"has-post-thumbnail","6":"product_cat-okategoriserad","8":"first","9":"instock","10":"shipping-taxable","11":"purchasable","12":"product-type-simple"},"_links":{"self":[{"href":"https:\/\/nordicmart.andreevmaster.com\/sv\/wp-json\/wp\/v2\/product\/16760","targetHints":{"allow":["GET"]}}],"collection":[{"href":"https:\/\/nordicmart.andreevmaster.com\/sv\/wp-json\/wp\/v2\/product"}],"about":[{"href":"https:\/\/nordicmart.andreevmaster.com\/sv\/wp-json\/wp\/v2\/types\/product"}],"replies":[{"embeddable":true,"href":"https:\/\/nordicmart.andreevmaster.com\/sv\/wp-json\/wp\/v2\/comments?post=16760"}],"wp:featuredmedia":[{"embeddable":true,"href":"https:\/\/nordicmart.andreevmaster.com\/sv\/wp-json\/wp\/v2\/media\/44430"}],"wp:attachment":[{"href":"https:\/\/nordicmart.andreevmaster.com\/sv\/wp-json\/wp\/v2\/media?parent=16760"}],"wp:term":[{"taxonomy":"product_brand","embeddable":true,"href":"https:\/\/nordicmart.andreevmaster.com\/sv\/wp-json\/wp\/v2\/product_brand?post=16760"},{"taxonomy":"product_cat","embeddable":true,"href":"https:\/\/nordicmart.andreevmaster.com\/sv\/wp-json\/wp\/v2\/product_cat?post=16760"},{"taxonomy":"product_tag","embeddable":true,"href":"https:\/\/nordicmart.andreevmaster.com\/sv\/wp-json\/wp\/v2\/product_tag?post=16760"}],"curies":[{"name":"wp","href":"https:\/\/api.w.org\/{rel}","templated":true}]}}