{"id":16758,"date":"2026-02-27T00:32:06","date_gmt":"2026-02-27T00:32:06","guid":{"rendered":"https:\/\/nordicmart.andreevmaster.com\/product\/songmics-gungstol-med-fleeceoverdrag-och-armstod-i-skiffergratt\/"},"modified":"2026-02-27T08:22:18","modified_gmt":"2026-02-27T08:22:18","slug":"songmics-gungstol-med-fleeceoverdrag-och-armstod-i-skiffergratt","status":"publish","type":"product","link":"https:\/\/nordicmart.andreevmaster.com\/sv\/produkt\/songmics-gungstol-med-fleeceoverdrag-och-armstod-i-skiffergratt\/","title":{"rendered":"SONGMICS gungstol med fleece\u00f6verdrag och armst\u00f6d i skiffergr\u00e5tt"},"content":{"rendered":"<p>SONGMICS HOME Gungstol, med armst\u00f6d, relaxf\u00e5t\u00f6lj, kl\u00e4dd med fleece, st\u00e5lstomme, ben av gummitr\u00e4, belastningskapacitet upp till 160 kg, f\u00f6r sovrum, vardagsrum, skiffergr\u00e5 LYY500G01<br \/>\nF\u00e4rg: skiffergr\u00e5<br \/>\nMaterial: Fleece, st\u00e5l, gummitr\u00e4<br \/>\nStorlek: 89,5 x 67,5 x 106 cm (D x B x H)<br \/>\nVikt: 12,2 kg<br \/>\nRyggst\u00f6dets h\u00f6jd: 66,5 cm<br \/>\nSittdjup: 53,5 cm<br \/>\nSitsbredd: 51 cm<br \/>\nSitsh\u00f6jd: 49 cm<br \/>\nMax. statisk belastningskapacitet: 160 kg<\/p>\n","protected":false},"excerpt":{"rendered":"<p>SONGMICS HOME Gungstol, med armst\u00f6d, relaxf\u00e5t\u00f6lj, kl\u00e4dd med fleece, st\u00e5lstomme, ben av gummitr\u00e4, belastningskapacitet upp till 160 kg, f\u00f6r sovrum, vardagsrum, skiffergr\u00e5 LYY500G01<\/p>\n","protected":false},"featured_media":44428,"comment_status":"open","ping_status":"closed","template":"","meta":[],"product_brand":[],"product_cat":[33],"product_tag":[],"class_list":{"0":"post-16758","1":"product","2":"type-product","3":"status-publish","4":"has-post-thumbnail","6":"product_cat-okategoriserad","8":"first","9":"instock","10":"shipping-taxable","11":"purchasable","12":"product-type-simple"},"_links":{"self":[{"href":"https:\/\/nordicmart.andreevmaster.com\/sv\/wp-json\/wp\/v2\/product\/16758","targetHints":{"allow":["GET"]}}],"collection":[{"href":"https:\/\/nordicmart.andreevmaster.com\/sv\/wp-json\/wp\/v2\/product"}],"about":[{"href":"https:\/\/nordicmart.andreevmaster.com\/sv\/wp-json\/wp\/v2\/types\/product"}],"replies":[{"embeddable":true,"href":"https:\/\/nordicmart.andreevmaster.com\/sv\/wp-json\/wp\/v2\/comments?post=16758"}],"wp:featuredmedia":[{"embeddable":true,"href":"https:\/\/nordicmart.andreevmaster.com\/sv\/wp-json\/wp\/v2\/media\/44428"}],"wp:attachment":[{"href":"https:\/\/nordicmart.andreevmaster.com\/sv\/wp-json\/wp\/v2\/media?parent=16758"}],"wp:term":[{"taxonomy":"product_brand","embeddable":true,"href":"https:\/\/nordicmart.andreevmaster.com\/sv\/wp-json\/wp\/v2\/product_brand?post=16758"},{"taxonomy":"product_cat","embeddable":true,"href":"https:\/\/nordicmart.andreevmaster.com\/sv\/wp-json\/wp\/v2\/product_cat?post=16758"},{"taxonomy":"product_tag","embeddable":true,"href":"https:\/\/nordicmart.andreevmaster.com\/sv\/wp-json\/wp\/v2\/product_tag?post=16758"}],"curies":[{"name":"wp","href":"https:\/\/api.w.org\/{rel}","templated":true}]}}