{"id":16757,"date":"2026-02-27T00:32:05","date_gmt":"2026-02-27T00:32:05","guid":{"rendered":"https:\/\/nordicmart.andreevmaster.com\/product\/songmics-relaxstol-med-fotstod-morkgra\/"},"modified":"2026-02-27T08:22:18","modified_gmt":"2026-02-27T08:22:18","slug":"songmics-relaxstol-med-fotstod-morkgra","status":"publish","type":"product","link":"https:\/\/nordicmart.andreevmaster.com\/sv\/produkt\/songmics-relaxstol-med-fotstod-morkgra\/","title":{"rendered":"SONGMICS Relaxstol med fotst\u00f6d M\u00f6rkgr\u00e5"},"content":{"rendered":"<p>Produktdetaljer: &#8211; F\u00e4rg: M\u00f6rkgr\u00e5 &#8211; Material: Bj\u00f6rktr\u00e4, skumplast, j\u00e4rn, imiterat linne &#8211; Storlek: 67 x 125 x 91 cm (L x B x H) &#8211; Vikt: 10 kg &#8211; Max. statisk belastningskapacitet: 150 kg Leveransomfattning: &#8211; 1 x gungstol &#8211; 1 x bruksanvisning (DE, EN, FR, IT, ES) Sk\u00f6tselr\u00e5d\uff1a  Avtagbart \u00f6verdrag:  &#8211; Tv\u00e4tta separat  &#8211; Maskintv\u00e4ttbar upp till 30 grader!  &#8211; Blek inte, t\u00e5ler inte torktumlare!  &#8211; Stryk vid medelh\u00f6g temperatur (under 150 \u00b0C)  &#8211; Kemtv\u00e4tta inte!  Stomme:  &#8211; Torka av med en fuktig trasa (eventuellt med milt reng\u00f6ringsmedel)  &#8211; Torka av med en torr trasa<\/p>\n","protected":false},"excerpt":{"rendered":"<p>SONGMICS gungstol relaxstol 5-stegs justerbar vadst\u00f6d belastningskapacitet 150 kg gr\u00e5 LYY42G, Gris Clair, 67 x 115 x 91 cm<\/p>\n","protected":false},"featured_media":44427,"comment_status":"open","ping_status":"closed","template":"","meta":[],"product_brand":[],"product_cat":[33],"product_tag":[],"class_list":{"0":"post-16757","1":"product","2":"type-product","3":"status-publish","4":"has-post-thumbnail","6":"product_cat-okategoriserad","8":"first","9":"instock","10":"shipping-taxable","11":"purchasable","12":"product-type-simple"},"_links":{"self":[{"href":"https:\/\/nordicmart.andreevmaster.com\/sv\/wp-json\/wp\/v2\/product\/16757","targetHints":{"allow":["GET"]}}],"collection":[{"href":"https:\/\/nordicmart.andreevmaster.com\/sv\/wp-json\/wp\/v2\/product"}],"about":[{"href":"https:\/\/nordicmart.andreevmaster.com\/sv\/wp-json\/wp\/v2\/types\/product"}],"replies":[{"embeddable":true,"href":"https:\/\/nordicmart.andreevmaster.com\/sv\/wp-json\/wp\/v2\/comments?post=16757"}],"wp:featuredmedia":[{"embeddable":true,"href":"https:\/\/nordicmart.andreevmaster.com\/sv\/wp-json\/wp\/v2\/media\/44427"}],"wp:attachment":[{"href":"https:\/\/nordicmart.andreevmaster.com\/sv\/wp-json\/wp\/v2\/media?parent=16757"}],"wp:term":[{"taxonomy":"product_brand","embeddable":true,"href":"https:\/\/nordicmart.andreevmaster.com\/sv\/wp-json\/wp\/v2\/product_brand?post=16757"},{"taxonomy":"product_cat","embeddable":true,"href":"https:\/\/nordicmart.andreevmaster.com\/sv\/wp-json\/wp\/v2\/product_cat?post=16757"},{"taxonomy":"product_tag","embeddable":true,"href":"https:\/\/nordicmart.andreevmaster.com\/sv\/wp-json\/wp\/v2\/product_tag?post=16757"}],"curies":[{"name":"wp","href":"https:\/\/api.w.org\/{rel}","templated":true}]}}