{"id":16754,"date":"2026-02-27T00:32:05","date_gmt":"2026-02-27T00:32:05","guid":{"rendered":"https:\/\/nordicmart.andreevmaster.com\/product\/songmics-gungstol-med-fotstod-ljusgra\/"},"modified":"2026-02-27T08:22:18","modified_gmt":"2026-02-27T08:22:18","slug":"songmics-gungstol-med-fotstod-ljusgra","status":"publish","type":"product","link":"https:\/\/nordicmart.andreevmaster.com\/sv\/produkt\/songmics-gungstol-med-fotstod-ljusgra\/","title":{"rendered":"SONGMICS gungstol med fotst\u00f6d Ljusgr\u00e5"},"content":{"rendered":"<p>Produktdetaljer: &#8211; Material: bj\u00f6rkfan\u00e9r + j\u00e4rn + skum + bomull &#8211; F\u00e4rg: gr\u00e5 &#8211; M\u00e5tt: 67 x 91 x 115 cm (B x H x D) &#8211; F\u00f6rpackningsm\u00e5tt: 85 x 57 x 25 cm &#8211; Sitth\u00f6jd: 73 cm &#8211; Sittdjup: 50 cm &#8211; Sittbredd: 55 cm &#8211; Fotdelens l\u00e4ngd: 33 cm &#8211; Armst\u00f6dets bredd: 6 cm &#8211; Max. belastningskapacitet: 150 kg &#8211; Nettovikt: 9,8 kg &#8211; Bruttovikt: 11,5 kg  Leveransomfattning:  &#8211; 1 x gungstol &#8211; 1 x bruksanvisning (DE, EN, FR, IT, ES) Sk\u00f6tselr\u00e5d\uff1a Avtagbart \u00f6verdrag\uff1a  &#8211; Tv\u00e4tta separat. &#8211; Maskintv\u00e4ttbar i 30 grader! &#8211; Blek inte, t\u00e5ler inte torktumlare! &#8211; Stryk p\u00e5 medelh\u00f6g temperatur (under 150 \u00b0C) &#8211; Kemtv\u00e4tta inte! Stomme:  &#8211; Torka av med en fuktig trasa (eventuellt med milt reng\u00f6ringsmedel). &#8211; Torka av med en torr trasa. <\/p>\n","protected":false},"excerpt":{"rendered":"<p>SONGMICS gungstol relaxstol 5-stegs justerbart vadst\u00f6d belastningskapacitet 150 kg gr\u00e5 LYY41G<\/p>\n","protected":false},"featured_media":44424,"comment_status":"open","ping_status":"closed","template":"","meta":[],"product_brand":[],"product_cat":[33],"product_tag":[],"class_list":{"0":"post-16754","1":"product","2":"type-product","3":"status-publish","4":"has-post-thumbnail","6":"product_cat-okategoriserad","8":"first","9":"instock","10":"shipping-taxable","11":"purchasable","12":"product-type-simple"},"_links":{"self":[{"href":"https:\/\/nordicmart.andreevmaster.com\/sv\/wp-json\/wp\/v2\/product\/16754","targetHints":{"allow":["GET"]}}],"collection":[{"href":"https:\/\/nordicmart.andreevmaster.com\/sv\/wp-json\/wp\/v2\/product"}],"about":[{"href":"https:\/\/nordicmart.andreevmaster.com\/sv\/wp-json\/wp\/v2\/types\/product"}],"replies":[{"embeddable":true,"href":"https:\/\/nordicmart.andreevmaster.com\/sv\/wp-json\/wp\/v2\/comments?post=16754"}],"wp:featuredmedia":[{"embeddable":true,"href":"https:\/\/nordicmart.andreevmaster.com\/sv\/wp-json\/wp\/v2\/media\/44424"}],"wp:attachment":[{"href":"https:\/\/nordicmart.andreevmaster.com\/sv\/wp-json\/wp\/v2\/media?parent=16754"}],"wp:term":[{"taxonomy":"product_brand","embeddable":true,"href":"https:\/\/nordicmart.andreevmaster.com\/sv\/wp-json\/wp\/v2\/product_brand?post=16754"},{"taxonomy":"product_cat","embeddable":true,"href":"https:\/\/nordicmart.andreevmaster.com\/sv\/wp-json\/wp\/v2\/product_cat?post=16754"},{"taxonomy":"product_tag","embeddable":true,"href":"https:\/\/nordicmart.andreevmaster.com\/sv\/wp-json\/wp\/v2\/product_tag?post=16754"}],"curies":[{"name":"wp","href":"https:\/\/api.w.org\/{rel}","templated":true}]}}