{"id":16753,"date":"2026-02-27T00:32:04","date_gmt":"2026-02-27T00:32:04","guid":{"rendered":"https:\/\/nordicmart.andreevmaster.com\/product\/songmics-gungstolskladsel-i-imiterat-linne-rokgra\/"},"modified":"2026-02-27T08:22:17","modified_gmt":"2026-02-27T08:22:17","slug":"songmics-gungstolskladsel-i-imiterat-linne-rokgra","status":"publish","type":"product","link":"https:\/\/nordicmart.andreevmaster.com\/sv\/produkt\/songmics-gungstolskladsel-i-imiterat-linne-rokgra\/","title":{"rendered":"SONGMICS gungstolskl\u00e4dsel i imiterat linne, r\u00f6kgr\u00e5"},"content":{"rendered":"<p>Med SONGMICS gungstol kan du njuta av din fritid i en avslappnad milj\u00f6. Kombinationen av trendig design och h\u00f6g sittkomfort g\u00f6r denna gungstol till en popul\u00e4r produkt. Den stabila gungstolen i ljust bj\u00f6rktr\u00e4 erbjuder en behaglig sittk\u00e4nsla tack vare sin ergonomiska form, det bekv\u00e4ma s\u00e4tet med r\u00f6kgr\u00e5tt linneimitat\u00f6verdrag och den t\u00e4ta skumfyllningen. Oavsett om gungstolen anv\u00e4nds i vardagsrummet, sovrummet eller som l\u00e4sstol p\u00e5 balkongen eller terrassen, \u00e4r gungstolen med sitt vackra utseende och enkla f\u00e4rgs\u00e4ttning ett absolut blickf\u00e5ng och passar perfekt i alla moderna och klassiska inredningar. Tack vare sin stabila tr\u00e4konstruktion gungar stolen l\u00e4tt och ger dig en mycket behaglig sittupplevelse. Produktdetaljer: &#8211; F\u00e4rg: R\u00f6kgr\u00e5 &#8211; Material: Bj\u00f6rktr\u00e4, skumplast, j\u00e4rn, imiterat linne &#8211; Storlek: 65 x 90 x 98 cm (L x B x H) &#8211; Ryggst\u00f6dets h\u00f6jd: 72 cm &#8211; Sittdjup: 50 cm &#8211; Vikt: 11 kg &#8211; Max. statisk belastningsf\u00f6rm\u00e5ga: 120 kg Leveransomfattning:- 1 x gungstol &#8211; 1 x bruksanvisning (DE, EN, FR, IT, ES) Sk\u00f6tselr\u00e5d: Avtagbart \u00f6verdrag: &#8211; Tv\u00e4tta separat. &#8211; Maskintv\u00e4ttbar i 30 grader! &#8211; Blek inte, stryk inte! &#8211; Ej l\u00e4mplig f\u00f6r torktumlare \u00f6ver 60 \u00b0! &#8211; Kemtv\u00e4tta inte! Stativ: &#8211; Torka av med en fuktig trasa (eventuellt med milt reng\u00f6ringsmedel). &#8211; Torka av med en torr trasa.<\/p>\n","protected":false},"excerpt":{"rendered":"<p>SONGMICS gungstol, gungf\u00e5t\u00f6lj, relaxstol, belastningskapacitet 120 kg, stativ av bj\u00f6rktr\u00e4, kl\u00e4dsel av imiterat linne, r\u00f6kgr\u00e5 LYY30GY<\/p>\n","protected":false},"featured_media":0,"comment_status":"open","ping_status":"closed","template":"","meta":[],"product_brand":[],"product_cat":[33],"product_tag":[],"class_list":{"0":"post-16753","1":"product","2":"type-product","3":"status-publish","5":"product_cat-okategoriserad","7":"first","8":"instock","9":"shipping-taxable","10":"purchasable","11":"product-type-simple"},"_links":{"self":[{"href":"https:\/\/nordicmart.andreevmaster.com\/sv\/wp-json\/wp\/v2\/product\/16753","targetHints":{"allow":["GET"]}}],"collection":[{"href":"https:\/\/nordicmart.andreevmaster.com\/sv\/wp-json\/wp\/v2\/product"}],"about":[{"href":"https:\/\/nordicmart.andreevmaster.com\/sv\/wp-json\/wp\/v2\/types\/product"}],"replies":[{"embeddable":true,"href":"https:\/\/nordicmart.andreevmaster.com\/sv\/wp-json\/wp\/v2\/comments?post=16753"}],"wp:attachment":[{"href":"https:\/\/nordicmart.andreevmaster.com\/sv\/wp-json\/wp\/v2\/media?parent=16753"}],"wp:term":[{"taxonomy":"product_brand","embeddable":true,"href":"https:\/\/nordicmart.andreevmaster.com\/sv\/wp-json\/wp\/v2\/product_brand?post=16753"},{"taxonomy":"product_cat","embeddable":true,"href":"https:\/\/nordicmart.andreevmaster.com\/sv\/wp-json\/wp\/v2\/product_cat?post=16753"},{"taxonomy":"product_tag","embeddable":true,"href":"https:\/\/nordicmart.andreevmaster.com\/sv\/wp-json\/wp\/v2\/product_tag?post=16753"}],"curies":[{"name":"wp","href":"https:\/\/api.w.org\/{rel}","templated":true}]}}