{"id":16751,"date":"2026-02-27T00:32:04","date_gmt":"2026-02-27T00:32:04","guid":{"rendered":"https:\/\/nordicmart.andreevmaster.com\/product\/songmics-gungstol-med-fotstod-gra\/"},"modified":"2026-02-27T08:22:17","modified_gmt":"2026-02-27T08:22:17","slug":"songmics-gungstol-med-fotstod-gra","status":"publish","type":"product","link":"https:\/\/nordicmart.andreevmaster.com\/sv\/produkt\/songmics-gungstol-med-fotstod-gra\/","title":{"rendered":"SONGMICS gungstol med fotst\u00f6d Gr\u00e5"},"content":{"rendered":"<p>Med Songmics gungstol kan du njuta av din fritid i en avslappnad milj\u00f6. Kombinationen av trendig design och h\u00f6g sittkomfort g\u00f6r denna gungstol till en popul\u00e4r produkt. Den stabila gungstolen i ljust bj\u00f6rktr\u00e4 erbjuder en &#8221;helhetsupplevelse av v\u00e4lbefinnande&#8221; tack vare sin ergonomiska form och den bekv\u00e4ma sitsen med kl\u00e4dsel i imiterat linne och t\u00e4t skumfyllning. Oavsett om gungstolen anv\u00e4nds p\u00e5 balkongen, i vardagsrummet, i sovrummet eller som l\u00e4sstol i tr\u00e4dg\u00e5rden eller p\u00e5 terrassen, \u00e4r gungstolen med sitt vackra utseende och enkla f\u00e4rgs\u00e4ttning ett absolut blickf\u00e5ng och passar perfekt i alla moderna och klassiska inredningar. Tack vare sin stabila tr\u00e4konstruktion gungar stolen l\u00e4tt och ger dig en mycket behaglig sittupplevelse. Produktdetaljer: &#8211; Material: bj\u00f6rktr\u00e4 + skumplast + imiterat linne &#8211; F\u00e4rg: gr\u00e5 &#8211; M\u00e5tt: 67 x 115 x 91 cm &#8211; Ryggst\u00f6dets h\u00f6jd: 73 cm &#8211; Sittytans djup: 48 cm &#8211; Sittytans bredd: 55 cm &#8211; Fotdelens l\u00e4ngd: 33 cm &#8211; Max. belastningskapacitet: 150 kg Sk\u00f6tselr\u00e5d: Avtagbart \u00f6verdrag: &#8211; Tv\u00e4tta separat. &#8211; Maskintv\u00e4ttbar upp till 30 grader! &#8211; Blek inte, stryk inte! &#8211; Ej l\u00e4mplig f\u00f6r torktumlare! &#8211; Kemtv\u00e4tta inte! Stomme: &#8211; Torka av med en fuktig trasa (eventuellt med milt reng\u00f6ringsmedel). &#8211; Torka av med en torr trasa. Leveransomfattning: &#8211; 1 x gungstol &#8211; 1 x bruksanvisning (DE, EN, FR, IT, ES)<\/p>\n","protected":false},"excerpt":{"rendered":"<p>SONGMICS f\u00e5t\u00f6lj gungstol gungstol relaxstol imiterat linne gr\u00e5 LYY11G<\/p>\n","protected":false},"featured_media":44422,"comment_status":"open","ping_status":"closed","template":"","meta":[],"product_brand":[],"product_cat":[33],"product_tag":[],"class_list":{"0":"post-16751","1":"product","2":"type-product","3":"status-publish","4":"has-post-thumbnail","6":"product_cat-okategoriserad","8":"first","9":"instock","10":"shipping-taxable","11":"purchasable","12":"product-type-simple"},"_links":{"self":[{"href":"https:\/\/nordicmart.andreevmaster.com\/sv\/wp-json\/wp\/v2\/product\/16751","targetHints":{"allow":["GET"]}}],"collection":[{"href":"https:\/\/nordicmart.andreevmaster.com\/sv\/wp-json\/wp\/v2\/product"}],"about":[{"href":"https:\/\/nordicmart.andreevmaster.com\/sv\/wp-json\/wp\/v2\/types\/product"}],"replies":[{"embeddable":true,"href":"https:\/\/nordicmart.andreevmaster.com\/sv\/wp-json\/wp\/v2\/comments?post=16751"}],"wp:featuredmedia":[{"embeddable":true,"href":"https:\/\/nordicmart.andreevmaster.com\/sv\/wp-json\/wp\/v2\/media\/44422"}],"wp:attachment":[{"href":"https:\/\/nordicmart.andreevmaster.com\/sv\/wp-json\/wp\/v2\/media?parent=16751"}],"wp:term":[{"taxonomy":"product_brand","embeddable":true,"href":"https:\/\/nordicmart.andreevmaster.com\/sv\/wp-json\/wp\/v2\/product_brand?post=16751"},{"taxonomy":"product_cat","embeddable":true,"href":"https:\/\/nordicmart.andreevmaster.com\/sv\/wp-json\/wp\/v2\/product_cat?post=16751"},{"taxonomy":"product_tag","embeddable":true,"href":"https:\/\/nordicmart.andreevmaster.com\/sv\/wp-json\/wp\/v2\/product_tag?post=16751"}],"curies":[{"name":"wp","href":"https:\/\/api.w.org\/{rel}","templated":true}]}}