{"id":16750,"date":"2026-02-27T00:32:04","date_gmt":"2026-02-27T00:32:04","guid":{"rendered":"https:\/\/nordicmart.andreevmaster.com\/product\/songmics-gungstol-med-justerbar-fotstod\/"},"modified":"2026-02-27T08:22:17","modified_gmt":"2026-02-27T08:22:17","slug":"songmics-gungstol-med-justerbar-fotstod","status":"publish","type":"product","link":"https:\/\/nordicmart.andreevmaster.com\/sv\/produkt\/songmics-gungstol-med-justerbar-fotstod\/","title":{"rendered":"SONGMICS gungstol med justerbar fotst\u00f6d"},"content":{"rendered":"<p>S\u00e5 fort du provar den bekv\u00e4ma gungstolen fr\u00e5n SONGMICS kommer du att \u00e4lska den! Komfort &#038; s\u00e4kerhet Gungstolen utm\u00e4rks av sitt moderna utseende och mjuka s\u00e4te och passar perfekt f\u00f6r alla, b\u00e5de vuxna och barn. Dessutom kan fotst\u00f6det justeras i olika h\u00f6jder s\u00e5 att dina ben alltid ligger i en bekv\u00e4m position. Tack vare det robusta ramen i bj\u00f6rktr\u00e4 och den halkfria filten p\u00e5 f\u00f6tterna kan du gunga fram och tillbaka s\u00e4kert i gungstolen. Ett flexibelt huvudkudde Huvudkudden f\u00e4sts p\u00e5 ryggst\u00f6det med kardborreband. Du kan ta bort den vid behov, v\u00e4nda p\u00e5 den och f\u00e4sta den p\u00e5 ryggst\u00f6det igen, s\u00e5 att den h\u00f6js n\u00e5gra centimeter. Huvudkudden har dock ytterligare en f\u00f6rdel: \u00f6verdraget kan enkelt tas av, vilket underl\u00e4ttar reng\u00f6ringen. Tveka inte och unna dig en gungstol f\u00f6r avkoppling! Produktdetaljer: &#8211; F\u00e4rg: brun &#8211; Material: bomullstyg, bj\u00f6rktr\u00e4 &#8211; Vikt: 11 kg &#8211; Storlek: 67 x 115 x 91 cm (L x B x H) &#8211; Ryggst\u00f6dets h\u00f6jd: 73 cm &#8211; Sittytans djup: 48 cm &#8211; Fotst\u00f6dets l\u00e4ngd: 33 cm Leveransomfattning: &#8211; 1 x gungstol &#8211; 1 x bruksanvisning (DE, EN, FR, ES, IT) SONGMICS Anm\u00e4rkningar: &#8211; Dra inte \u00e5t skruvarna omedelbart vid montering. Dra \u00e5t dem f\u00f6rsiktigt f\u00f6rst efter att du har satt i alla skruvar. &#8211; Undvik att placera produkten utomhus under l\u00e4ngre tid.<\/p>\n","protected":false},"excerpt":{"rendered":"<p>SONGMICS gungstol, relaxstol, 5-stegs justerbart fotst\u00f6d, stativ av stabilt bj\u00f6rktr\u00e4, belastningskapacitet 150 kg, beige LYY10M<\/p>\n","protected":false},"featured_media":44421,"comment_status":"open","ping_status":"closed","template":"","meta":[],"product_brand":[],"product_cat":[33],"product_tag":[],"class_list":{"0":"post-16750","1":"product","2":"type-product","3":"status-publish","4":"has-post-thumbnail","6":"product_cat-okategoriserad","8":"first","9":"instock","10":"shipping-taxable","11":"purchasable","12":"product-type-simple"},"_links":{"self":[{"href":"https:\/\/nordicmart.andreevmaster.com\/sv\/wp-json\/wp\/v2\/product\/16750","targetHints":{"allow":["GET"]}}],"collection":[{"href":"https:\/\/nordicmart.andreevmaster.com\/sv\/wp-json\/wp\/v2\/product"}],"about":[{"href":"https:\/\/nordicmart.andreevmaster.com\/sv\/wp-json\/wp\/v2\/types\/product"}],"replies":[{"embeddable":true,"href":"https:\/\/nordicmart.andreevmaster.com\/sv\/wp-json\/wp\/v2\/comments?post=16750"}],"wp:featuredmedia":[{"embeddable":true,"href":"https:\/\/nordicmart.andreevmaster.com\/sv\/wp-json\/wp\/v2\/media\/44421"}],"wp:attachment":[{"href":"https:\/\/nordicmart.andreevmaster.com\/sv\/wp-json\/wp\/v2\/media?parent=16750"}],"wp:term":[{"taxonomy":"product_brand","embeddable":true,"href":"https:\/\/nordicmart.andreevmaster.com\/sv\/wp-json\/wp\/v2\/product_brand?post=16750"},{"taxonomy":"product_cat","embeddable":true,"href":"https:\/\/nordicmart.andreevmaster.com\/sv\/wp-json\/wp\/v2\/product_cat?post=16750"},{"taxonomy":"product_tag","embeddable":true,"href":"https:\/\/nordicmart.andreevmaster.com\/sv\/wp-json\/wp\/v2\/product_tag?post=16750"}],"curies":[{"name":"wp","href":"https:\/\/api.w.org\/{rel}","templated":true}]}}