{"id":16749,"date":"2026-02-27T00:32:03","date_gmt":"2026-02-27T00:32:03","guid":{"rendered":"https:\/\/nordicmart.andreevmaster.com\/product\/gungstol-med-justerbart-fotstod\/"},"modified":"2026-02-27T08:22:17","modified_gmt":"2026-02-27T08:22:17","slug":"gungstol-med-justerbart-fotstod","status":"publish","type":"product","link":"https:\/\/nordicmart.andreevmaster.com\/sv\/produkt\/gungstol-med-justerbart-fotstod\/","title":{"rendered":"Gungstol med justerbart fotst\u00f6d"},"content":{"rendered":"<p>N\u00e4r du v\u00e4l har provat den bekv\u00e4ma gungstolen fr\u00e5n SONGMICS kommer du att \u00e4lska den! Komfort &#038; s\u00e4kerhet Gungstolen k\u00e4nnetecknas av sitt moderna utseende och mjuka s\u00e4te och \u00e4r idealisk f\u00f6r alla, b\u00e5de vuxna och barn. Fotst\u00f6det kan ocks\u00e5 justeras till olika h\u00f6jder s\u00e5 att dina ben alltid \u00e4r i en bekv\u00e4m position. Tack vare det robusta bj\u00f6rkramverket och den halkfria filten p\u00e5 f\u00f6tterna kan du tryggt gunga fram och tillbaka i gungstolen. Ett flexibelt huvudkudde Huvudkudden \u00e4r f\u00e4st vid ryggst\u00f6det med en kardborrekn\u00e4ppning. Du kan ta av den om det beh\u00f6vs, v\u00e4nda den och f\u00e4sta den p\u00e5 ryggst\u00f6det igen och h\u00f6ja den n\u00e5gra centimeter. Kudden har ocks\u00e5 en annan f\u00f6rdel: \u00d6verdraget \u00e4r l\u00e4tt att ta av, vilket underl\u00e4ttar reng\u00f6ringen. Tveka inte, unna dig en gungstol f\u00f6r avkoppling! Produktinformation: &#8211; F\u00e4rg: Brun &#8211; Material: Bomullstyg, bj\u00f6rktr\u00e4 &#8211; Vikt: 11 kg &#8211; Storlek: 67 x 115 x 91 cm (L x B x H) &#8211; Ryggst\u00f6dets h\u00f6jd: 73 cm &#8211; Sittdjup: 48 cm &#8211; Fotst\u00f6dets l\u00e4ngd: 33 cm Leveransomfattning: &#8211; 1 x gungstol &#8211; 1 x bruksanvisning (DE, EN, FR, ES, IT) SONGMIC Anm\u00e4rkningar: &#8211; Dra inte \u00e5t skruvarna direkt under monteringen. F\u00f6rst n\u00e4r du har satt i alla skruvarna ska du dra \u00e5t dem f\u00f6rsiktigt. &#8211; Undvik att placera produkten utomhus under l\u00e4ngre tid.<\/p>\n","protected":false},"excerpt":{"rendered":"<p>N\u00e4r du v\u00e4l har provat den bekv\u00e4ma gungstolen fr\u00e5n SONGMICS kommer du att \u00e4lska den! Komfort &#038; s\u00e4kerhet Gungstolen k\u00e4nnetecknas av sitt moderna utseende och mjuka s\u00e4te och \u00e4r idealisk f\u00f6r alla, b\u00e5de vuxna och barn. Fotst\u00f6det kan ocks\u00e5 justeras till olika h\u00f6jder s\u00e5 att dina ben alltid \u00e4r i en bekv\u00e4m position. Tack vare [&hellip;]<\/p>\n","protected":false},"featured_media":0,"comment_status":"open","ping_status":"closed","template":"","meta":[],"product_brand":[],"product_cat":[33],"product_tag":[],"class_list":{"0":"post-16749","1":"product","2":"type-product","3":"status-publish","5":"product_cat-okategoriserad","7":"first","8":"instock","9":"shipping-taxable","10":"product-type-simple"},"_links":{"self":[{"href":"https:\/\/nordicmart.andreevmaster.com\/sv\/wp-json\/wp\/v2\/product\/16749","targetHints":{"allow":["GET"]}}],"collection":[{"href":"https:\/\/nordicmart.andreevmaster.com\/sv\/wp-json\/wp\/v2\/product"}],"about":[{"href":"https:\/\/nordicmart.andreevmaster.com\/sv\/wp-json\/wp\/v2\/types\/product"}],"replies":[{"embeddable":true,"href":"https:\/\/nordicmart.andreevmaster.com\/sv\/wp-json\/wp\/v2\/comments?post=16749"}],"wp:attachment":[{"href":"https:\/\/nordicmart.andreevmaster.com\/sv\/wp-json\/wp\/v2\/media?parent=16749"}],"wp:term":[{"taxonomy":"product_brand","embeddable":true,"href":"https:\/\/nordicmart.andreevmaster.com\/sv\/wp-json\/wp\/v2\/product_brand?post=16749"},{"taxonomy":"product_cat","embeddable":true,"href":"https:\/\/nordicmart.andreevmaster.com\/sv\/wp-json\/wp\/v2\/product_cat?post=16749"},{"taxonomy":"product_tag","embeddable":true,"href":"https:\/\/nordicmart.andreevmaster.com\/sv\/wp-json\/wp\/v2\/product_tag?post=16749"}],"curies":[{"name":"wp","href":"https:\/\/api.w.org\/{rel}","templated":true}]}}