{"id":16747,"date":"2026-02-27T00:32:03","date_gmt":"2026-02-27T00:32:03","guid":{"rendered":"https:\/\/nordicmart.andreevmaster.com\/product\/songmics-gungstol-i-morkgratt-bjorktra\/"},"modified":"2026-02-27T08:22:16","modified_gmt":"2026-02-27T08:22:16","slug":"songmics-gungstol-i-morkgratt-bjorktra","status":"publish","type":"product","link":"https:\/\/nordicmart.andreevmaster.com\/sv\/produkt\/songmics-gungstol-i-morkgratt-bjorktra\/","title":{"rendered":"SONGMICS gungstol i m\u00f6rkgr\u00e5tt bj\u00f6rktr\u00e4"},"content":{"rendered":"<p>Produktdetaljer: Material: bj\u00f6rktr\u00e4 + skumplast + bomull M\u00e5tt: 67 x 115 x 91 cm Ryggst\u00f6dets h\u00f6jd: 73 cm Sittytans djup: 48 cm Maximal statisk belastningskapacitet: 150 kg Leveransomfattning: 1 x gungstol 1 x bruksanvisning (tyska, engelska, franska, italienska, spanska)Sk\u00f6tselr\u00e5d: Avtagbart \u00f6verdrag: Tv\u00e4tta separat. Maskintv\u00e4ttbar i 30 grader! Blek inte, stryk inte! Ej l\u00e4mplig f\u00f6r torktumlare! Kemtv\u00e4ttas inte! Stomme: Torka av med en fuktig trasa (eventuellt med milt reng\u00f6ringsmedel). Torka av med en torr trasa.<\/p>\n","protected":false},"excerpt":{"rendered":"<p>SONGMICS gungstol, relaxstol, 5-stegs justerbart fotst\u00f6d, stativ av stabilt bj\u00f6rktr\u00e4, belastningskapacitet 150 kg, beige LYY10M<\/p>\n","protected":false},"featured_media":0,"comment_status":"open","ping_status":"closed","template":"","meta":[],"product_brand":[],"product_cat":[33],"product_tag":[],"class_list":{"0":"post-16747","1":"product","2":"type-product","3":"status-publish","5":"product_cat-okategoriserad","7":"first","8":"instock","9":"shipping-taxable","10":"purchasable","11":"product-type-simple"},"_links":{"self":[{"href":"https:\/\/nordicmart.andreevmaster.com\/sv\/wp-json\/wp\/v2\/product\/16747","targetHints":{"allow":["GET"]}}],"collection":[{"href":"https:\/\/nordicmart.andreevmaster.com\/sv\/wp-json\/wp\/v2\/product"}],"about":[{"href":"https:\/\/nordicmart.andreevmaster.com\/sv\/wp-json\/wp\/v2\/types\/product"}],"replies":[{"embeddable":true,"href":"https:\/\/nordicmart.andreevmaster.com\/sv\/wp-json\/wp\/v2\/comments?post=16747"}],"wp:attachment":[{"href":"https:\/\/nordicmart.andreevmaster.com\/sv\/wp-json\/wp\/v2\/media?parent=16747"}],"wp:term":[{"taxonomy":"product_brand","embeddable":true,"href":"https:\/\/nordicmart.andreevmaster.com\/sv\/wp-json\/wp\/v2\/product_brand?post=16747"},{"taxonomy":"product_cat","embeddable":true,"href":"https:\/\/nordicmart.andreevmaster.com\/sv\/wp-json\/wp\/v2\/product_cat?post=16747"},{"taxonomy":"product_tag","embeddable":true,"href":"https:\/\/nordicmart.andreevmaster.com\/sv\/wp-json\/wp\/v2\/product_tag?post=16747"}],"curies":[{"name":"wp","href":"https:\/\/api.w.org\/{rel}","templated":true}]}}