{"id":16744,"date":"2026-02-27T00:32:02","date_gmt":"2026-02-27T00:32:02","guid":{"rendered":"https:\/\/nordicmart.andreevmaster.com\/product\/songmics-gungstol-i-bjorktra-beige\/"},"modified":"2026-02-27T08:22:16","modified_gmt":"2026-02-27T08:22:16","slug":"songmics-gungstol-i-bjorktra-beige","status":"publish","type":"product","link":"https:\/\/nordicmart.andreevmaster.com\/sv\/produkt\/songmics-gungstol-i-bjorktra-beige\/","title":{"rendered":"SONGMICS gungstol i bj\u00f6rktr\u00e4, beige"},"content":{"rendered":"<p>S\u00e5 fort du provar den bekv\u00e4ma gungstolen fr\u00e5n SONGMICS kommer du att \u00e4lska den och s\u00e4kert vilja best\u00e4lla en till f\u00f6r din familj. Komfort &#038; s\u00e4kerhet: Gungstolen utm\u00e4rks av sitt moderna utseende och mjuka s\u00e4te och passar perfekt f\u00f6r alla, b\u00e5de vuxna och barn. Dessutom kan fotst\u00f6det justeras i olika h\u00f6jder s\u00e5 att dina ben alltid ligger bekv\u00e4mt. Tack vare det robusta stativet i bj\u00f6rktr\u00e4, j\u00e4rnramen och den halkfria filten p\u00e5 f\u00f6tterna kan du gunga s\u00e4kert fram och tillbaka i gungstolen. Ett flexibelt huvudkudde: Huvudkudden f\u00e4sts p\u00e5 ryggst\u00f6det med kardborreband. Du kan ta bort det vid behov, v\u00e4nda p\u00e5 det och f\u00e4sta det p\u00e5 ryggst\u00f6det igen, s\u00e5 att det h\u00f6js n\u00e5gra centimeter. Kudden har dock ytterligare en f\u00f6rdel: \u00f6verdraget kan enkelt tas av, vilket underl\u00e4ttar reng\u00f6ringen. Tveka inte och unna dig en gungstol f\u00f6r avkoppling! Produktdetaljer:F\u00e4rg: BeigeMaterial: Bj\u00f6rktr\u00e4, j\u00e4rn, skumplast, bomullStorlek: 67 x 115 x 87 cm (L x B x H)Ryggst\u00f6dets h\u00f6jd: 73 cmSitsens djup: 48 cmFotst\u00f6dets l\u00e4ngd: 33 cmVikt: 11,5 kg Max. statisk belastningskapacitet: 150 kg Leveransomfattning: 1 x gungstol 1 x bruksanvisning (DE, EN, FR, ES, IT) SONGMICS Anm\u00e4rkningar: Dra inte \u00e5t skruvarna omedelbart vid montering. Dra \u00e5t dem f\u00f6rsiktigt f\u00f6rst efter att du har satt i alla skruvar. Undvik att placera produkten utomhus under l\u00e4ngre tid. Uts\u00e4tt inte gungstolen f\u00f6r regn.<\/p>\n","protected":false},"excerpt":{"rendered":"<p>SONGMICS gungstol i bj\u00f6rktr\u00e4, relaxstol med justerbar fotst\u00f6d, gungstol f\u00f6r vardagsrum, terrass, balkong, halkfri, enkel montering, beige LYY01MV1<\/p>\n","protected":false},"featured_media":44418,"comment_status":"open","ping_status":"closed","template":"","meta":[],"product_brand":[],"product_cat":[33],"product_tag":[],"class_list":{"0":"post-16744","1":"product","2":"type-product","3":"status-publish","4":"has-post-thumbnail","6":"product_cat-okategoriserad","8":"first","9":"instock","10":"shipping-taxable","11":"purchasable","12":"product-type-simple"},"_links":{"self":[{"href":"https:\/\/nordicmart.andreevmaster.com\/sv\/wp-json\/wp\/v2\/product\/16744","targetHints":{"allow":["GET"]}}],"collection":[{"href":"https:\/\/nordicmart.andreevmaster.com\/sv\/wp-json\/wp\/v2\/product"}],"about":[{"href":"https:\/\/nordicmart.andreevmaster.com\/sv\/wp-json\/wp\/v2\/types\/product"}],"replies":[{"embeddable":true,"href":"https:\/\/nordicmart.andreevmaster.com\/sv\/wp-json\/wp\/v2\/comments?post=16744"}],"wp:featuredmedia":[{"embeddable":true,"href":"https:\/\/nordicmart.andreevmaster.com\/sv\/wp-json\/wp\/v2\/media\/44418"}],"wp:attachment":[{"href":"https:\/\/nordicmart.andreevmaster.com\/sv\/wp-json\/wp\/v2\/media?parent=16744"}],"wp:term":[{"taxonomy":"product_brand","embeddable":true,"href":"https:\/\/nordicmart.andreevmaster.com\/sv\/wp-json\/wp\/v2\/product_brand?post=16744"},{"taxonomy":"product_cat","embeddable":true,"href":"https:\/\/nordicmart.andreevmaster.com\/sv\/wp-json\/wp\/v2\/product_cat?post=16744"},{"taxonomy":"product_tag","embeddable":true,"href":"https:\/\/nordicmart.andreevmaster.com\/sv\/wp-json\/wp\/v2\/product_tag?post=16744"}],"curies":[{"name":"wp","href":"https:\/\/api.w.org\/{rel}","templated":true}]}}