{"id":16743,"date":"2026-02-27T00:32:02","date_gmt":"2026-02-27T00:32:02","guid":{"rendered":"https:\/\/nordicmart.andreevmaster.com\/product\/gyngestol-i-birketrae-beige-2\/"},"modified":"2026-02-27T08:22:15","modified_gmt":"2026-02-27T08:22:15","slug":"gyngestol-i-birketrae-beige-2","status":"publish","type":"product","link":"https:\/\/nordicmart.andreevmaster.com\/sv\/produkt\/gyngestol-i-birketrae-beige-2\/","title":{"rendered":"Gyngestol i birketr\u00e6 beige"},"content":{"rendered":"<p>N\u00e4r du v\u00e4l har provat den bekv\u00e4ma gungstolen fr\u00e5n SONGMICS kommer du att \u00e4lska den och s\u00e4kert vilja best\u00e4lla en till f\u00f6r din familj. Komfort &#038; s\u00e4kerhet: Gungstolen k\u00e4nnetecknas av sitt moderna utseende och mjuka s\u00e4te och \u00e4r idealisk f\u00f6r alla, oavsett om det \u00e4r vuxna eller barn. Fotst\u00f6det kan ocks\u00e5 justeras till olika h\u00f6jder, s\u00e5 att dina ben alltid \u00e4r i en bekv\u00e4m position. Tack vare det robusta bj\u00f6rkramen, j\u00e4rnramen och den halkfria filten p\u00e5 f\u00f6tterna kan du tryggt gunga fram och tillbaka i gungstolen. En flexibel huvudkudde: Huvudkudden \u00e4r f\u00e4st vid ryggst\u00f6det med en kardborrekn\u00e4ppning. Du kan ta av den om det beh\u00f6vs, v\u00e4nda den och f\u00e4sta den p\u00e5 ryggst\u00f6det igen och h\u00f6ja den n\u00e5gra centimeter. Huvudkudden har ocks\u00e5 en annan f\u00f6rdel: \u00f6verdraget \u00e4r l\u00e4tt att ta av, vilket underl\u00e4ttar reng\u00f6ringen, s\u00e5 tveka inte och unna dig en gungstol f\u00f6r avkoppling! Produktdetaljer: F\u00e4rg: Beige Material: Bj\u00f6rk, j\u00e4rn, skum, bomull Storlek: 67 x 115 x 87 cm (L x B x H) H\u00f6jd p\u00e5 ryggst\u00f6d: 73 cm Djup p\u00e5 sits: 48 cm L\u00e4ngd p\u00e5 fotst\u00f6d: 33 cm Vikt: 11,5 kg Max. statisk belastningskapacitet: 150 kg Leveransomf\u00e5ng: 1 x gungstol 1 x bruksanvisning (DE, EN, FR, ES, IT)SONGMICS instruktioner: Dra inte \u00e5t skruvarna direkt under monteringen. F\u00f6rst n\u00e4r du har satt i alla skruvar ska du dra \u00e5t dem f\u00f6rsiktigt. Undvik att placera produkten utomhus under l\u00e4ngre tid. Uts\u00e4tt inte gungstolen f\u00f6r regn.<\/p>\n","protected":false},"excerpt":{"rendered":"<p>N\u00e4r du v\u00e4l har provat den bekv\u00e4ma gungstolen fr\u00e5n SONGMICS kommer du att \u00e4lska den och s\u00e4kert vilja best\u00e4lla en till f\u00f6r din familj. Komfort &#038; s\u00e4kerhet: Gungstolen k\u00e4nnetecknas av sitt moderna utseende och mjuka s\u00e4te och \u00e4r idealisk f\u00f6r alla, oavsett om det \u00e4r vuxna eller barn. Fotst\u00f6det kan ocks\u00e5 justeras till olika h\u00f6jder, [&hellip;]<\/p>\n","protected":false},"featured_media":0,"comment_status":"open","ping_status":"closed","template":"","meta":[],"product_brand":[],"product_cat":[33],"product_tag":[],"class_list":{"0":"post-16743","1":"product","2":"type-product","3":"status-publish","5":"product_cat-okategoriserad","7":"first","8":"instock","9":"shipping-taxable","10":"product-type-simple"},"_links":{"self":[{"href":"https:\/\/nordicmart.andreevmaster.com\/sv\/wp-json\/wp\/v2\/product\/16743","targetHints":{"allow":["GET"]}}],"collection":[{"href":"https:\/\/nordicmart.andreevmaster.com\/sv\/wp-json\/wp\/v2\/product"}],"about":[{"href":"https:\/\/nordicmart.andreevmaster.com\/sv\/wp-json\/wp\/v2\/types\/product"}],"replies":[{"embeddable":true,"href":"https:\/\/nordicmart.andreevmaster.com\/sv\/wp-json\/wp\/v2\/comments?post=16743"}],"wp:attachment":[{"href":"https:\/\/nordicmart.andreevmaster.com\/sv\/wp-json\/wp\/v2\/media?parent=16743"}],"wp:term":[{"taxonomy":"product_brand","embeddable":true,"href":"https:\/\/nordicmart.andreevmaster.com\/sv\/wp-json\/wp\/v2\/product_brand?post=16743"},{"taxonomy":"product_cat","embeddable":true,"href":"https:\/\/nordicmart.andreevmaster.com\/sv\/wp-json\/wp\/v2\/product_cat?post=16743"},{"taxonomy":"product_tag","embeddable":true,"href":"https:\/\/nordicmart.andreevmaster.com\/sv\/wp-json\/wp\/v2\/product_tag?post=16743"}],"curies":[{"name":"wp","href":"https:\/\/api.w.org\/{rel}","templated":true}]}}