{"id":16742,"date":"2026-02-27T00:32:01","date_gmt":"2026-02-27T00:32:01","guid":{"rendered":"https:\/\/nordicmart.andreevmaster.com\/product\/songmics-home-gungstol-med-ben-av-gummitra-kramvit\/"},"modified":"2026-02-27T08:22:15","modified_gmt":"2026-02-27T08:22:15","slug":"songmics-home-gungstol-med-ben-av-gummitra-kramvit","status":"publish","type":"product","link":"https:\/\/nordicmart.andreevmaster.com\/sv\/produkt\/songmics-home-gungstol-med-ben-av-gummitra-kramvit\/","title":{"rendered":"SONGMICS HOME Gungstol med ben av gummitr\u00e4 kr\u00e4mvit"},"content":{"rendered":"<p>SONGMICS HOME gungstol, ben av gummitr\u00e4, gungf\u00e5t\u00f6lj, fleece\u00f6verdrag, 4-stegs justerbart ryggst\u00f6d, belastningskapacitet upp till 160 kg, f\u00f6r sovrum, vardagsrum, kr\u00e4mvit LYY016W01<br \/>\nF\u00e4rg: kr\u00e4mvit<br \/>\nMaterial: Skumplaststoppning, fleece, gummitr\u00e4, st\u00e5l<br \/>\nStorlek: 97 x 67 x 100 cm (D x B x H)<br \/>\nVikt: 13,9 kg<br \/>\nMax. statisk belastningskapacitet: 160 kg<\/p>\n","protected":false},"excerpt":{"rendered":"<p>SONGMICS HOME gungstol, ben av gummitr\u00e4, gungf\u00e5t\u00f6lj, fleece\u00f6verdrag, 4-stegs justerbart ryggst\u00f6d, belastningskapacitet upp till 160 kg, f\u00f6r sovrum, vardagsrum, kr\u00e4mvit LYY016W01<\/p>\n","protected":false},"featured_media":44417,"comment_status":"open","ping_status":"closed","template":"","meta":[],"product_brand":[],"product_cat":[33],"product_tag":[],"class_list":{"0":"post-16742","1":"product","2":"type-product","3":"status-publish","4":"has-post-thumbnail","6":"product_cat-okategoriserad","8":"first","9":"instock","10":"shipping-taxable","11":"purchasable","12":"product-type-simple"},"_links":{"self":[{"href":"https:\/\/nordicmart.andreevmaster.com\/sv\/wp-json\/wp\/v2\/product\/16742","targetHints":{"allow":["GET"]}}],"collection":[{"href":"https:\/\/nordicmart.andreevmaster.com\/sv\/wp-json\/wp\/v2\/product"}],"about":[{"href":"https:\/\/nordicmart.andreevmaster.com\/sv\/wp-json\/wp\/v2\/types\/product"}],"replies":[{"embeddable":true,"href":"https:\/\/nordicmart.andreevmaster.com\/sv\/wp-json\/wp\/v2\/comments?post=16742"}],"wp:featuredmedia":[{"embeddable":true,"href":"https:\/\/nordicmart.andreevmaster.com\/sv\/wp-json\/wp\/v2\/media\/44417"}],"wp:attachment":[{"href":"https:\/\/nordicmart.andreevmaster.com\/sv\/wp-json\/wp\/v2\/media?parent=16742"}],"wp:term":[{"taxonomy":"product_brand","embeddable":true,"href":"https:\/\/nordicmart.andreevmaster.com\/sv\/wp-json\/wp\/v2\/product_brand?post=16742"},{"taxonomy":"product_cat","embeddable":true,"href":"https:\/\/nordicmart.andreevmaster.com\/sv\/wp-json\/wp\/v2\/product_cat?post=16742"},{"taxonomy":"product_tag","embeddable":true,"href":"https:\/\/nordicmart.andreevmaster.com\/sv\/wp-json\/wp\/v2\/product_tag?post=16742"}],"curies":[{"name":"wp","href":"https:\/\/api.w.org\/{rel}","templated":true}]}}