{"id":16741,"date":"2026-02-27T00:32:01","date_gmt":"2026-02-27T00:32:01","guid":{"rendered":"https:\/\/nordicmart.andreevmaster.com\/product\/songmics-gungstol-med-5-stegs-justerbar-fotstod-pastellgul-vit\/"},"modified":"2026-02-27T08:22:15","modified_gmt":"2026-02-27T08:22:15","slug":"songmics-gungstol-med-5-stegs-justerbar-fotstod-pastellgul-vit","status":"publish","type":"product","link":"https:\/\/nordicmart.andreevmaster.com\/sv\/produkt\/songmics-gungstol-med-5-stegs-justerbar-fotstod-pastellgul-vit\/","title":{"rendered":"SONGMICS gungstol med 5-stegs justerbar fotst\u00f6d pastellgul-vit"},"content":{"rendered":"<p>SONGMICS gungstol i bj\u00f6rktr\u00e4, relaxstol, fotst\u00f6d 5-stegs justerbar, kl\u00e4dsel i imiterat linne, belastningskapacitet upp till 150 kg, vardagsrum och sovrum, m\u00f6rkgr\u00e5 LYY011G01<br \/>\nF\u00e4rg: midnattsbl\u00e5-vit<br \/>\nMaterial: Bj\u00f6rktr\u00e4, metallram inuti, skumplaststoppning, kl\u00e4dsel av imiterat linne<br \/>\nStorlek: 121,5 x 67 x 84 cm (D x B x H)<br \/>\nVikt: 9,8 kg<br \/>\nMax. statisk belastningskapacitet: 150 kg<\/p>\n","protected":false},"excerpt":{"rendered":"<p>SONGMICS gungstol i bj\u00f6rktr\u00e4, relaxstol, fotst\u00f6d 5-stegs justerbar, kl\u00e4dsel i imiterat linne, belastningskapacitet upp till 150 kg, vardagsrum och sovrum, m\u00f6rkgr\u00e5 LYY011G01<\/p>\n","protected":false},"featured_media":44416,"comment_status":"open","ping_status":"closed","template":"","meta":[],"product_brand":[],"product_cat":[33],"product_tag":[],"class_list":{"0":"post-16741","1":"product","2":"type-product","3":"status-publish","4":"has-post-thumbnail","6":"product_cat-okategoriserad","8":"first","9":"instock","10":"shipping-taxable","11":"purchasable","12":"product-type-simple"},"_links":{"self":[{"href":"https:\/\/nordicmart.andreevmaster.com\/sv\/wp-json\/wp\/v2\/product\/16741","targetHints":{"allow":["GET"]}}],"collection":[{"href":"https:\/\/nordicmart.andreevmaster.com\/sv\/wp-json\/wp\/v2\/product"}],"about":[{"href":"https:\/\/nordicmart.andreevmaster.com\/sv\/wp-json\/wp\/v2\/types\/product"}],"replies":[{"embeddable":true,"href":"https:\/\/nordicmart.andreevmaster.com\/sv\/wp-json\/wp\/v2\/comments?post=16741"}],"wp:featuredmedia":[{"embeddable":true,"href":"https:\/\/nordicmart.andreevmaster.com\/sv\/wp-json\/wp\/v2\/media\/44416"}],"wp:attachment":[{"href":"https:\/\/nordicmart.andreevmaster.com\/sv\/wp-json\/wp\/v2\/media?parent=16741"}],"wp:term":[{"taxonomy":"product_brand","embeddable":true,"href":"https:\/\/nordicmart.andreevmaster.com\/sv\/wp-json\/wp\/v2\/product_brand?post=16741"},{"taxonomy":"product_cat","embeddable":true,"href":"https:\/\/nordicmart.andreevmaster.com\/sv\/wp-json\/wp\/v2\/product_cat?post=16741"},{"taxonomy":"product_tag","embeddable":true,"href":"https:\/\/nordicmart.andreevmaster.com\/sv\/wp-json\/wp\/v2\/product_tag?post=16741"}],"curies":[{"name":"wp","href":"https:\/\/api.w.org\/{rel}","templated":true}]}}