{"id":16739,"date":"2026-02-27T00:32:01","date_gmt":"2026-02-27T00:32:01","guid":{"rendered":"https:\/\/nordicmart.andreevmaster.com\/product\/songmics-gungstol-i-bjorktra\/"},"modified":"2026-02-27T08:22:14","modified_gmt":"2026-02-27T08:22:14","slug":"songmics-gungstol-i-bjorktra","status":"publish","type":"product","link":"https:\/\/nordicmart.andreevmaster.com\/sv\/produkt\/songmics-gungstol-i-bjorktra\/","title":{"rendered":"SONGMICS gungstol i bj\u00f6rktr\u00e4"},"content":{"rendered":"<p>Mer avslappnad \u00e4n n\u00e5gonsin Denna relaxstol har ett 5-stegs justerbart fotst\u00f6d och extra mjuk stoppning, vilket ger h\u00f6g komfort. Dina barn kommer att sl\u00e5ss om denna stol och vilja titta p\u00e5 roliga tecknade filmer i den. Dessutom \u00e4r denna gungstol utrustad med ett robust ramverk av bj\u00f6rktr\u00e4 och f\u00f6rst\u00e4rkt med en metallram inuti, s\u00e5 att du kan gunga fram och tillbaka p\u00e5 ett s\u00e4kert s\u00e4tt. V\u00e4nta inte l\u00e4ngre och skaffa denna bekv\u00e4ma gungstol till ditt hem. Dags att koppla av! Produktdetaljer: &#8211; F\u00e4rg: m\u00f6rkgr\u00e5 &#8211; Material: bj\u00f6rktr\u00e4, metallstomme inuti, stoppning av skumplast, kl\u00e4dsel av imiterat linne &#8211; Storlek: 67 x 115 x 91 cm (L x B x H) &#8211; Vikt: 9,8 kg &#8211; Max. statisk belastningsf\u00f6rm\u00e5ga: 150 kg Leveransomfattning:- 1 x gungstol &#8211; 1 x bruksanvisning (DE, EN, IT, FR, ES) SONGMICS Anm\u00e4rkningar: &#8211; Dra inte \u00e5t skruvarna omedelbart vid montering. F\u00f6rst efter att du har satt i alla skruvar ska du dra \u00e5t dem f\u00f6rsiktigt. &#8211; Placera inte produkten utomhus under en l\u00e4ngre tid.<\/p>\n","protected":false},"excerpt":{"rendered":"<p>SONGMICS gungstol i bj\u00f6rktr\u00e4, relaxstol, fotst\u00f6d 5-stegs justerbar, kl\u00e4dsel i imiterat linne, belastningskapacitet upp till 150 kg, vardagsrum och sovrum, m\u00f6rkgr\u00e5 LYY011G01<\/p>\n","protected":false},"featured_media":44414,"comment_status":"open","ping_status":"closed","template":"","meta":[],"product_brand":[],"product_cat":[33],"product_tag":[],"class_list":{"0":"post-16739","1":"product","2":"type-product","3":"status-publish","4":"has-post-thumbnail","6":"product_cat-okategoriserad","8":"first","9":"instock","10":"shipping-taxable","11":"purchasable","12":"product-type-simple"},"_links":{"self":[{"href":"https:\/\/nordicmart.andreevmaster.com\/sv\/wp-json\/wp\/v2\/product\/16739","targetHints":{"allow":["GET"]}}],"collection":[{"href":"https:\/\/nordicmart.andreevmaster.com\/sv\/wp-json\/wp\/v2\/product"}],"about":[{"href":"https:\/\/nordicmart.andreevmaster.com\/sv\/wp-json\/wp\/v2\/types\/product"}],"replies":[{"embeddable":true,"href":"https:\/\/nordicmart.andreevmaster.com\/sv\/wp-json\/wp\/v2\/comments?post=16739"}],"wp:featuredmedia":[{"embeddable":true,"href":"https:\/\/nordicmart.andreevmaster.com\/sv\/wp-json\/wp\/v2\/media\/44414"}],"wp:attachment":[{"href":"https:\/\/nordicmart.andreevmaster.com\/sv\/wp-json\/wp\/v2\/media?parent=16739"}],"wp:term":[{"taxonomy":"product_brand","embeddable":true,"href":"https:\/\/nordicmart.andreevmaster.com\/sv\/wp-json\/wp\/v2\/product_brand?post=16739"},{"taxonomy":"product_cat","embeddable":true,"href":"https:\/\/nordicmart.andreevmaster.com\/sv\/wp-json\/wp\/v2\/product_cat?post=16739"},{"taxonomy":"product_tag","embeddable":true,"href":"https:\/\/nordicmart.andreevmaster.com\/sv\/wp-json\/wp\/v2\/product_tag?post=16739"}],"curies":[{"name":"wp","href":"https:\/\/api.w.org\/{rel}","templated":true}]}}