{"id":16738,"date":"2026-02-27T00:32:00","date_gmt":"2026-02-27T00:32:00","guid":{"rendered":"https:\/\/nordicmart.andreevmaster.com\/product\/songmics-gungstol-med-armstod-i-bjorktra-pastellgul-naturfargad\/"},"modified":"2026-02-27T08:22:14","modified_gmt":"2026-02-27T08:22:14","slug":"songmics-gungstol-med-armstod-i-bjorktra-pastellgul-naturfargad","status":"publish","type":"product","link":"https:\/\/nordicmart.andreevmaster.com\/sv\/produkt\/songmics-gungstol-med-armstod-i-bjorktra-pastellgul-naturfargad\/","title":{"rendered":"SONGMICS gungstol med armst\u00f6d i bj\u00f6rktr\u00e4, pastellgul-naturf\u00e4rgad"},"content":{"rendered":"<p>SONGMICS gungstol, relaxstol, 5-stegs justerbart fotst\u00f6d, stativ av stabilt bj\u00f6rktr\u00e4, belastningskapacitet 150 kg, beige LYY10M<br \/>\nF\u00e4rg: Pastellgul-naturf\u00e4rger<br \/>\nMaterial: bj\u00f6rktr\u00e4, metallram inuti, skumplaststoppning, kl\u00e4dsel av bomulls-polyesterblandning<br \/>\nStorlek: 121,5 x 67 x 84 cm (D x B x H)<br \/>\nVikt: 9,8 kg<br \/>\nMax. statisk belastningskapacitet: 150 kg<\/p>\n","protected":false},"excerpt":{"rendered":"<p>SONGMICS gungstol, relaxstol, 5-stegs justerbart fotst\u00f6d, stativ av stabilt bj\u00f6rktr\u00e4, belastningskapacitet 150 kg, beige LYY10M<\/p>\n","protected":false},"featured_media":44413,"comment_status":"open","ping_status":"closed","template":"","meta":[],"product_brand":[],"product_cat":[33],"product_tag":[],"class_list":{"0":"post-16738","1":"product","2":"type-product","3":"status-publish","4":"has-post-thumbnail","6":"product_cat-okategoriserad","8":"first","9":"instock","10":"shipping-taxable","11":"purchasable","12":"product-type-simple"},"_links":{"self":[{"href":"https:\/\/nordicmart.andreevmaster.com\/sv\/wp-json\/wp\/v2\/product\/16738","targetHints":{"allow":["GET"]}}],"collection":[{"href":"https:\/\/nordicmart.andreevmaster.com\/sv\/wp-json\/wp\/v2\/product"}],"about":[{"href":"https:\/\/nordicmart.andreevmaster.com\/sv\/wp-json\/wp\/v2\/types\/product"}],"replies":[{"embeddable":true,"href":"https:\/\/nordicmart.andreevmaster.com\/sv\/wp-json\/wp\/v2\/comments?post=16738"}],"wp:featuredmedia":[{"embeddable":true,"href":"https:\/\/nordicmart.andreevmaster.com\/sv\/wp-json\/wp\/v2\/media\/44413"}],"wp:attachment":[{"href":"https:\/\/nordicmart.andreevmaster.com\/sv\/wp-json\/wp\/v2\/media?parent=16738"}],"wp:term":[{"taxonomy":"product_brand","embeddable":true,"href":"https:\/\/nordicmart.andreevmaster.com\/sv\/wp-json\/wp\/v2\/product_brand?post=16738"},{"taxonomy":"product_cat","embeddable":true,"href":"https:\/\/nordicmart.andreevmaster.com\/sv\/wp-json\/wp\/v2\/product_cat?post=16738"},{"taxonomy":"product_tag","embeddable":true,"href":"https:\/\/nordicmart.andreevmaster.com\/sv\/wp-json\/wp\/v2\/product_tag?post=16738"}],"curies":[{"name":"wp","href":"https:\/\/api.w.org\/{rel}","templated":true}]}}