{"id":16732,"date":"2026-02-27T00:31:59","date_gmt":"2026-02-27T00:31:59","guid":{"rendered":"https:\/\/nordicmart.andreevmaster.com\/product\/songmics-vagghylla-3-pack-flytande-hylla-for-fotoramar-och-dekorationer-hylla-for-vardagsrummet\/"},"modified":"2026-02-27T08:22:13","modified_gmt":"2026-02-27T08:22:13","slug":"songmics-vagghylla-3-pack-flytande-hylla-for-fotoramar-och-dekorationer-hylla-for-vardagsrummet","status":"publish","type":"product","link":"https:\/\/nordicmart.andreevmaster.com\/sv\/produkt\/songmics-vagghylla-3-pack-flytande-hylla-for-fotoramar-och-dekorationer-hylla-for-vardagsrummet\/","title":{"rendered":"SONGMICS V\u00e4gghylla 3-pack, flytande hylla f\u00f6r fotoramar och dekorationer, hylla f\u00f6r vardagsrummet"},"content":{"rendered":"<p>Produktdetaljer: F\u00e4rg: Vit Material: E1-klass MDF, h\u00f6gblank lack Enskild produktstorlek: 38 x 10 x 5\/2 cm (B x D x H) (Baksida: 5 cm, framsida: 2 cm) Vikt: 2,1 kg Kapacitet f\u00f6r en enskild hyllplan: 5 kg Leveransomfattning: 3 x sv\u00e4vande v\u00e4gghyllor 1 x beslagsp\u00e5se 1 x bruksanvisning (DE, EN, FR, ES, IT) SONGMICS Anm\u00e4rkningar: F\u00f6r montering beh\u00f6ver du en elektrisk borrmaskin, ett vattenpass och en hammare.F\u00e4st produkten p\u00e5 en betongv\u00e4gg, l\u00e4ttbetongv\u00e4gg eller tegelv\u00e4gg. Om du vill f\u00e4sta produkten p\u00e5 en gipsskiva b\u00f6r du f\u00f6rst skaffa l\u00e4mpliga skruvar fr\u00e5n en fackhandel.<\/p>\n","protected":false},"excerpt":{"rendered":"<p>SONGMICS V\u00e4gghylla 3-pack Flytande hyllor f\u00f6r fotoramar och b\u00f6cker, 38 x 10 cm, modern hylla, vit LWS38WT<\/p>\n","protected":false},"featured_media":44407,"comment_status":"open","ping_status":"closed","template":"","meta":[],"product_brand":[],"product_cat":[33],"product_tag":[],"class_list":{"0":"post-16732","1":"product","2":"type-product","3":"status-publish","4":"has-post-thumbnail","6":"product_cat-okategoriserad","8":"first","9":"instock","10":"shipping-taxable","11":"purchasable","12":"product-type-simple"},"_links":{"self":[{"href":"https:\/\/nordicmart.andreevmaster.com\/sv\/wp-json\/wp\/v2\/product\/16732","targetHints":{"allow":["GET"]}}],"collection":[{"href":"https:\/\/nordicmart.andreevmaster.com\/sv\/wp-json\/wp\/v2\/product"}],"about":[{"href":"https:\/\/nordicmart.andreevmaster.com\/sv\/wp-json\/wp\/v2\/types\/product"}],"replies":[{"embeddable":true,"href":"https:\/\/nordicmart.andreevmaster.com\/sv\/wp-json\/wp\/v2\/comments?post=16732"}],"wp:featuredmedia":[{"embeddable":true,"href":"https:\/\/nordicmart.andreevmaster.com\/sv\/wp-json\/wp\/v2\/media\/44407"}],"wp:attachment":[{"href":"https:\/\/nordicmart.andreevmaster.com\/sv\/wp-json\/wp\/v2\/media?parent=16732"}],"wp:term":[{"taxonomy":"product_brand","embeddable":true,"href":"https:\/\/nordicmart.andreevmaster.com\/sv\/wp-json\/wp\/v2\/product_brand?post=16732"},{"taxonomy":"product_cat","embeddable":true,"href":"https:\/\/nordicmart.andreevmaster.com\/sv\/wp-json\/wp\/v2\/product_cat?post=16732"},{"taxonomy":"product_tag","embeddable":true,"href":"https:\/\/nordicmart.andreevmaster.com\/sv\/wp-json\/wp\/v2\/product_tag?post=16732"}],"curies":[{"name":"wp","href":"https:\/\/api.w.org\/{rel}","templated":true}]}}