{"id":16727,"date":"2026-02-27T00:31:58","date_gmt":"2026-02-27T00:31:58","guid":{"rendered":"https:\/\/nordicmart.andreevmaster.com\/product\/vasagle-flytande-hylla-vagghylla-hyllplan-for-fotoramar\/"},"modified":"2026-02-27T08:22:11","modified_gmt":"2026-02-27T08:22:11","slug":"vasagle-flytande-hylla-vagghylla-hyllplan-for-fotoramar","status":"publish","type":"product","link":"https:\/\/nordicmart.andreevmaster.com\/sv\/produkt\/vasagle-flytande-hylla-vagghylla-hyllplan-for-fotoramar\/","title":{"rendered":"VASAGLE flytande hylla, v\u00e4gghylla, hyllplan f\u00f6r fotoramar"},"content":{"rendered":"<p>Saknar du f\u00f6rvaringsutrymme p\u00e5 golvet? Titta upp\u00e5t! R\u00e4cker inte utrymmet p\u00e5 golvet f\u00f6r att st\u00e4lla en smal hylla d\u00e4r? S\u00e5 var ska du g\u00f6ra av dina dekorationsartiklar, fotoramar, samlingar eller kryddor? Titta upp p\u00e5 dina v\u00e4ggar! Anv\u00e4nd den rustika bruna flytande hyllan (40 x 20 x 3,8 cm L\/B\/H) i vardagsrummet f\u00f6r att visa upp dina familjefoton, i badrummet f\u00f6r att f\u00f6rvara tv\u00e5l och andra toalettartiklar eller i k\u00f6ket f\u00f6r att placera kryddor p\u00e5. Tv\u00e5 typer av v\u00e4ggf\u00e4sten Vill du inte k\u00f6ra till byggvaruhuset bara f\u00f6r att k\u00f6pa n\u00e5gra skruvar, pluggar etc.? Inga problem, vi levererar olika v\u00e4ggf\u00e4sten f\u00f6r massiva v\u00e4ggar och gipsv\u00e4ggar. S\u00e5 kan du b\u00f6rja montera denna v\u00e4gghylla direkt efter att du packat upp delarna. Produktdetaljer: &#8211; F\u00e4rg: Brun &#8211; Material: MDF-skivor (E1-klass), j\u00e4rn &#8211; M\u00e5tt: 40 x 20 x 3,8 cm (L x B x H) &#8211; Vikt: 1,5 kg &#8211; Max. belastbarhet (vid montering p\u00e5 gipsv\u00e4gg): 10 kg &#8211; Max. belastningskapacitet (vid montering p\u00e5 massiv v\u00e4gg): 15 kg Leveransomfattning: &#8211; 1 x v\u00e4gghylla &#8211; 1 x tillbeh\u00f6rsp\u00e5se &#8211; 1 x instruktioner (DE, EN, FR, ES, IT) VASAGLE Anm\u00e4rkningar: &#8211; Montera hyllan enligt instruktionerna. &#8211; Vi rekommenderar att hyllan monteras p\u00e5 en massiv v\u00e4gg (med en belastningskapacitet p\u00e5 upp till 15 kg). Om den monteras p\u00e5 en gipsv\u00e4gg \u00e4r belastningskapaciteten upp till 10 kg. &#8211; Placera inte f\u00f6r tunga f\u00f6rem\u00e5l p\u00e5 hyllan. &#8211; Uts\u00e4tt inte produkten f\u00f6r intensivt solljus och placera den inte i en fuktig milj\u00f6.<\/p>\n","protected":false},"excerpt":{"rendered":"<p>VASAGLE v\u00e4gghylla, v\u00e4ggplatta 40 x 20 x 3,8 cm, sv\u00e4vande hylla, h\u00e4ngande hylla, kontorshylla f\u00f6r bilder, dekoration, MDF-tr\u00e4, rustik, brun LWS24BX<\/p>\n","protected":false},"featured_media":44402,"comment_status":"open","ping_status":"closed","template":"","meta":[],"product_brand":[],"product_cat":[33],"product_tag":[],"class_list":{"0":"post-16727","1":"product","2":"type-product","3":"status-publish","4":"has-post-thumbnail","6":"product_cat-okategoriserad","8":"first","9":"instock","10":"shipping-taxable","11":"purchasable","12":"product-type-simple"},"_links":{"self":[{"href":"https:\/\/nordicmart.andreevmaster.com\/sv\/wp-json\/wp\/v2\/product\/16727","targetHints":{"allow":["GET"]}}],"collection":[{"href":"https:\/\/nordicmart.andreevmaster.com\/sv\/wp-json\/wp\/v2\/product"}],"about":[{"href":"https:\/\/nordicmart.andreevmaster.com\/sv\/wp-json\/wp\/v2\/types\/product"}],"replies":[{"embeddable":true,"href":"https:\/\/nordicmart.andreevmaster.com\/sv\/wp-json\/wp\/v2\/comments?post=16727"}],"wp:featuredmedia":[{"embeddable":true,"href":"https:\/\/nordicmart.andreevmaster.com\/sv\/wp-json\/wp\/v2\/media\/44402"}],"wp:attachment":[{"href":"https:\/\/nordicmart.andreevmaster.com\/sv\/wp-json\/wp\/v2\/media?parent=16727"}],"wp:term":[{"taxonomy":"product_brand","embeddable":true,"href":"https:\/\/nordicmart.andreevmaster.com\/sv\/wp-json\/wp\/v2\/product_brand?post=16727"},{"taxonomy":"product_cat","embeddable":true,"href":"https:\/\/nordicmart.andreevmaster.com\/sv\/wp-json\/wp\/v2\/product_cat?post=16727"},{"taxonomy":"product_tag","embeddable":true,"href":"https:\/\/nordicmart.andreevmaster.com\/sv\/wp-json\/wp\/v2\/product_tag?post=16727"}],"curies":[{"name":"wp","href":"https:\/\/api.w.org\/{rel}","templated":true}]}}