{"id":16726,"date":"2026-02-27T00:31:57","date_gmt":"2026-02-27T00:31:57","guid":{"rendered":"https:\/\/nordicmart.andreevmaster.com\/product\/songmics-flytande-hylla-vagghylla-med-3-lador\/"},"modified":"2026-02-27T08:22:11","modified_gmt":"2026-02-27T08:22:11","slug":"songmics-flytande-hylla-vagghylla-med-3-lador","status":"publish","type":"product","link":"https:\/\/nordicmart.andreevmaster.com\/sv\/produkt\/songmics-flytande-hylla-vagghylla-med-3-lador\/","title":{"rendered":"SONGMICS flytande hylla, v\u00e4gghylla, med 3 l\u00e5dor"},"content":{"rendered":"<p>Saknar du f\u00f6rvaringsutrymme p\u00e5 golvet? Titta upp p\u00e5 v\u00e4ggarna! Med denna sv\u00e4vande hylla kan du visa upp fotoramar i sovrummet, f\u00f6rvara kryddburkar i k\u00f6ket eller placera dekorationsf\u00f6rem\u00e5l i vardagsrummet. \u201dVi \u00e4r starka\u201d: Skjut undan ostadiga hyllor! Detta flytande hyllsystem med 3 l\u00e5dor \u00e4r tillverkat av E1-klassat tr\u00e4material och \u00e4r tillr\u00e4ckligt starkt f\u00f6r att rymma krukv\u00e4xter eller inredningsdetaljer (max. statisk belastningskapacitet: 15 kg). Produktdetaljer: &#8211; F\u00e4rg: Vit &#8211; Material: E1-klassad MDF (medeldensitetsfiberplatta) &#8211; Storlek: 80 x 15 x 10 cm (L x B x H) &#8211; Vikt: 4 kg &#8211; Max. statisk belastningskapacitet: 15 kg Leveransomfattning: &#8211; 1 x v\u00e4gghylla med 3 l\u00e5dor &#8211; 1 x tillbeh\u00f6rspaket &#8211; 1 x instruktioner (DE, EN, FR, ES, IT) SONGMICS Anm\u00e4rkningar:- F\u00f6r montering av detta hyllsystem kr\u00e4vs en skruvmejsel, ett vattenpass och en hammare. &#8211; Montera produkten p\u00e5 massiva betong- eller tegelv\u00e4ggar. Om du vill montera produkten p\u00e5 gipsv\u00e4ggar m\u00e5ste du k\u00f6pa l\u00e4mpliga skruvar i fackhandeln.<\/p>\n","protected":false},"excerpt":{"rendered":"<p>SONGMICS v\u00e4gghylla, sv\u00e4vande hylla med 3 l\u00e5dor, f\u00f6rvaringshylla i hallen, 80 x 15 x 10 cm, vardagsrum, sovrum och k\u00f6k, h\u00f6gblank lackering, vit<\/p>\n","protected":false},"featured_media":44401,"comment_status":"open","ping_status":"closed","template":"","meta":[],"product_brand":[],"product_cat":[33],"product_tag":[],"class_list":{"0":"post-16726","1":"product","2":"type-product","3":"status-publish","4":"has-post-thumbnail","6":"product_cat-okategoriserad","8":"first","9":"instock","10":"shipping-taxable","11":"purchasable","12":"product-type-simple"},"_links":{"self":[{"href":"https:\/\/nordicmart.andreevmaster.com\/sv\/wp-json\/wp\/v2\/product\/16726","targetHints":{"allow":["GET"]}}],"collection":[{"href":"https:\/\/nordicmart.andreevmaster.com\/sv\/wp-json\/wp\/v2\/product"}],"about":[{"href":"https:\/\/nordicmart.andreevmaster.com\/sv\/wp-json\/wp\/v2\/types\/product"}],"replies":[{"embeddable":true,"href":"https:\/\/nordicmart.andreevmaster.com\/sv\/wp-json\/wp\/v2\/comments?post=16726"}],"wp:featuredmedia":[{"embeddable":true,"href":"https:\/\/nordicmart.andreevmaster.com\/sv\/wp-json\/wp\/v2\/media\/44401"}],"wp:attachment":[{"href":"https:\/\/nordicmart.andreevmaster.com\/sv\/wp-json\/wp\/v2\/media?parent=16726"}],"wp:term":[{"taxonomy":"product_brand","embeddable":true,"href":"https:\/\/nordicmart.andreevmaster.com\/sv\/wp-json\/wp\/v2\/product_brand?post=16726"},{"taxonomy":"product_cat","embeddable":true,"href":"https:\/\/nordicmart.andreevmaster.com\/sv\/wp-json\/wp\/v2\/product_cat?post=16726"},{"taxonomy":"product_tag","embeddable":true,"href":"https:\/\/nordicmart.andreevmaster.com\/sv\/wp-json\/wp\/v2\/product_tag?post=16726"}],"curies":[{"name":"wp","href":"https:\/\/api.w.org\/{rel}","templated":true}]}}