{"id":16725,"date":"2026-02-27T00:31:57","date_gmt":"2026-02-27T00:31:57","guid":{"rendered":"https:\/\/nordicmart.andreevmaster.com\/product\/songmics-vagghylla-2-pack-svavande-hylla-med-hogblank-yta\/"},"modified":"2026-02-27T08:22:11","modified_gmt":"2026-02-27T08:22:11","slug":"songmics-vagghylla-2-pack-svavande-hylla-med-hogblank-yta","status":"publish","type":"product","link":"https:\/\/nordicmart.andreevmaster.com\/sv\/produkt\/songmics-vagghylla-2-pack-svavande-hylla-med-hogblank-yta\/","title":{"rendered":"SONGMICS v\u00e4gghylla, 2-pack, sv\u00e4vande hylla med h\u00f6gblank yta"},"content":{"rendered":"<p>I vardagsrummet P\u00e5 dessa eleganta v\u00e4gghyllor kan du visa upp dekorationsf\u00f6rem\u00e5l, suckulenter och fotoramar p\u00e5 b\u00e4sta s\u00e4tt. Piffa upp ditt hem p\u00e5 ett enkelt s\u00e4tt! I sovrummet Montera dessa v\u00e4gghyllor bredvid s\u00e4ngen f\u00f6r att placera din klocka, glas\u00f6gon eller doftljus. De upph\u00f6jda kanterna f\u00f6rhindrar att dessa f\u00f6rem\u00e5l glider ner. Och \u00e4nnu mer Dessa sv\u00e4vande hyllor \u00e4r perfekta f\u00f6r ditt matrum, badrum, kontor&#8230; Listan skulle bli f\u00f6r l\u00e5ng f\u00f6r att r\u00e4kna upp allt h\u00e4r, eftersom dessa hyllor passar \u00f6verallt d\u00e4r det finns v\u00e4ggar. Produktdetaljer: &#8211; F\u00e4rg: Vit &#8211; Material: E1-klass MDF (medeldensitetsfiberplatta) &#8211; Storlek: 80 x 10 x 5\/2 cm (L x B x H) (baksida: 5 cm, framsida: 2 cm) &#8211; Totalvikt: 2,3 kg &#8211; Max. statisk belastningskapacitet per hylla: 10 kg Leveransomfattning: &#8211; 2 x v\u00e4gghylla &#8211; 1 x tillbeh\u00f6rspaket &#8211; 1 x instruktioner (DE, EN, FR, ES, IT)<\/p>\n","protected":false},"excerpt":{"rendered":"<p>SONGMICS v\u00e4gghylla, 2-pack, sv\u00e4vande hyllor med h\u00f6gblank lackering, 80 x 10 cm, v\u00e4gghylla f\u00f6r fotoramar och b\u00f6cker, vardagsrum, sovrum, badrum, k\u00f6k, vit LWS080W01<\/p>\n","protected":false},"featured_media":44400,"comment_status":"open","ping_status":"closed","template":"","meta":[],"product_brand":[],"product_cat":[33],"product_tag":[],"class_list":{"0":"post-16725","1":"product","2":"type-product","3":"status-publish","4":"has-post-thumbnail","6":"product_cat-okategoriserad","8":"first","9":"instock","10":"shipping-taxable","11":"purchasable","12":"product-type-simple"},"_links":{"self":[{"href":"https:\/\/nordicmart.andreevmaster.com\/sv\/wp-json\/wp\/v2\/product\/16725","targetHints":{"allow":["GET"]}}],"collection":[{"href":"https:\/\/nordicmart.andreevmaster.com\/sv\/wp-json\/wp\/v2\/product"}],"about":[{"href":"https:\/\/nordicmart.andreevmaster.com\/sv\/wp-json\/wp\/v2\/types\/product"}],"replies":[{"embeddable":true,"href":"https:\/\/nordicmart.andreevmaster.com\/sv\/wp-json\/wp\/v2\/comments?post=16725"}],"wp:featuredmedia":[{"embeddable":true,"href":"https:\/\/nordicmart.andreevmaster.com\/sv\/wp-json\/wp\/v2\/media\/44400"}],"wp:attachment":[{"href":"https:\/\/nordicmart.andreevmaster.com\/sv\/wp-json\/wp\/v2\/media?parent=16725"}],"wp:term":[{"taxonomy":"product_brand","embeddable":true,"href":"https:\/\/nordicmart.andreevmaster.com\/sv\/wp-json\/wp\/v2\/product_brand?post=16725"},{"taxonomy":"product_cat","embeddable":true,"href":"https:\/\/nordicmart.andreevmaster.com\/sv\/wp-json\/wp\/v2\/product_cat?post=16725"},{"taxonomy":"product_tag","embeddable":true,"href":"https:\/\/nordicmart.andreevmaster.com\/sv\/wp-json\/wp\/v2\/product_tag?post=16725"}],"curies":[{"name":"wp","href":"https:\/\/api.w.org\/{rel}","templated":true}]}}