{"id":16724,"date":"2026-02-27T00:31:57","date_gmt":"2026-02-27T00:31:57","guid":{"rendered":"https:\/\/nordicmart.andreevmaster.com\/product\/vasagle-vagghylla-svavande-hylla-3-pack\/"},"modified":"2026-02-27T08:22:10","modified_gmt":"2026-02-27T08:22:10","slug":"vasagle-vagghylla-svavande-hylla-3-pack","status":"publish","type":"product","link":"https:\/\/nordicmart.andreevmaster.com\/sv\/produkt\/vasagle-vagghylla-svavande-hylla-3-pack\/","title":{"rendered":"VASAGLE v\u00e4gghylla, sv\u00e4vande hylla, 3-pack"},"content":{"rendered":"<p>VASAGLE v\u00e4gghylla, sv\u00e4vande hylla, 3-pack, hyllplan, 2 monteringsalternativ, hylla f\u00f6r presentation, f\u00f6r vardagsrum, k\u00f6k, arbetsrum, badrum, greige-matt svart LWS033B02<br \/>\nProduktdetaljer:<br \/>\n&#8211; F\u00e4rg: ekf\u00e4rgad matt svart<br \/>\n&#8211; Material: sp\u00e5nskiva, st\u00e5l<br \/>\n&#8211; Storlek p\u00e5 det lilla hyllan: 12 x 30 x 11 cm (D x B x H)<br \/>\n&#8211; Storlek p\u00e5 medelstort hyllplan: 12 x 35 x 11 cm (D x B x H)<br \/>\n&#8211; Storlek p\u00e5 det stora hyllan: 12 x 40 x 11 cm (D x B x H)<br \/>\n&#8211; Totalvikt: 2,1 kg<br \/>\n&#8211; Max. statisk belastningskapacitet per v\u00e4gghylla: 10 kg<\/p>\n<p>Leveransomfattning:<br \/>\n&#8211; 3 x sv\u00e4vande hyllor<br \/>\n&#8211; 1 x insexnyckel<br \/>\n&#8211; 1 x tillbeh\u00f6rspaket<br \/>\n&#8211; 1 x bruksanvisning<\/p>\n<p>VASAGLE Anm\u00e4rkningar:<br \/>\n&#8211; Vi rekommenderar att du monterar hyllan p\u00e5 en massiv v\u00e4gg.<br \/>\n&#8211; Placera inte f\u00f6r tunga f\u00f6rem\u00e5l p\u00e5 hyllan.<\/p>\n","protected":false},"excerpt":{"rendered":"<p>VASAGLE v\u00e4gghylla, sv\u00e4vande hylla, 3-pack, hyllplan, 2 monteringsalternativ, hylla f\u00f6r presentation, f\u00f6r vardagsrum, k\u00f6k, arbetsrum, badrum, greige-matt svart LWS033B02<\/p>\n","protected":false},"featured_media":44399,"comment_status":"open","ping_status":"closed","template":"","meta":[],"product_brand":[],"product_cat":[33],"product_tag":[],"class_list":{"0":"post-16724","1":"product","2":"type-product","3":"status-publish","4":"has-post-thumbnail","6":"product_cat-okategoriserad","8":"first","9":"instock","10":"shipping-taxable","11":"purchasable","12":"product-type-simple"},"_links":{"self":[{"href":"https:\/\/nordicmart.andreevmaster.com\/sv\/wp-json\/wp\/v2\/product\/16724","targetHints":{"allow":["GET"]}}],"collection":[{"href":"https:\/\/nordicmart.andreevmaster.com\/sv\/wp-json\/wp\/v2\/product"}],"about":[{"href":"https:\/\/nordicmart.andreevmaster.com\/sv\/wp-json\/wp\/v2\/types\/product"}],"replies":[{"embeddable":true,"href":"https:\/\/nordicmart.andreevmaster.com\/sv\/wp-json\/wp\/v2\/comments?post=16724"}],"wp:featuredmedia":[{"embeddable":true,"href":"https:\/\/nordicmart.andreevmaster.com\/sv\/wp-json\/wp\/v2\/media\/44399"}],"wp:attachment":[{"href":"https:\/\/nordicmart.andreevmaster.com\/sv\/wp-json\/wp\/v2\/media?parent=16724"}],"wp:term":[{"taxonomy":"product_brand","embeddable":true,"href":"https:\/\/nordicmart.andreevmaster.com\/sv\/wp-json\/wp\/v2\/product_brand?post=16724"},{"taxonomy":"product_cat","embeddable":true,"href":"https:\/\/nordicmart.andreevmaster.com\/sv\/wp-json\/wp\/v2\/product_cat?post=16724"},{"taxonomy":"product_tag","embeddable":true,"href":"https:\/\/nordicmart.andreevmaster.com\/sv\/wp-json\/wp\/v2\/product_tag?post=16724"}],"curies":[{"name":"wp","href":"https:\/\/api.w.org\/{rel}","templated":true}]}}