{"id":16721,"date":"2026-02-27T00:31:56","date_gmt":"2026-02-27T00:31:56","guid":{"rendered":"https:\/\/nordicmart.andreevmaster.com\/product\/songmics-rektangulara-vagghyllor-3-pack-vita\/"},"modified":"2026-02-27T08:22:10","modified_gmt":"2026-02-27T08:22:10","slug":"songmics-rektangulara-vagghyllor-3-pack-vita","status":"publish","type":"product","link":"https:\/\/nordicmart.andreevmaster.com\/sv\/produkt\/songmics-rektangulara-vagghyllor-3-pack-vita\/","title":{"rendered":"SONGMICS Rektangul\u00e4ra v\u00e4gghyllor, 3-pack, vita"},"content":{"rendered":"<p>SONGMICS hyllset best\u00e5r av MDF-skivor som \u00e4r tillverkade enligt emissionsklass E1. Det \u00e4r fuktbest\u00e4ndigt, vrider sig inte l\u00e4tt och har h\u00f6g belastningskapacitet. Vi st\u00e4ller h\u00f6ga krav p\u00e5 varje arbetssteg: Efter f\u00f6rarbetet med noggrann slipning\/spackling appliceras lacken noggrant f\u00f6r hand flera g\u00e5nger, f\u00e4rgen \u00e4r h\u00e5llbar, j\u00e4mn och glansig. Med sin nya design och moderna stil \u00e4r SONGMICS hyllset den perfekta f\u00f6rvaringsytan f\u00f6r b\u00f6cker, CD-skivor och andra sm\u00e5saker. Produktdetaljer:  &#8211; F\u00e4rg: vit &#8211; Ytterm\u00e5tt (B x H x D): 44 x 24,5 x 10 cm (stor hylla); 39 x 19,5 x 10 cm (mellanstor hylla); 34 x 14,5 x 10 cm (litet hyllsystem) &#8211; Innerm\u00e5tt (B x H x D): 40,5 x 21 x 10 cm (stort hyllsystem); 35,5 x 16 x 10 cm (mellanstort hyllsystem); 30,5 x 11 x 10 cm (B x H x D) &#8211; Material: MDF-skivor Leveransomfattning:  &#8211; 1x hyllset, 3 delar &#8211; 1x set med skruvar (6x) och pluggar (6x) SONGMICS Anvisningar:  &#8211; F\u00f6r montering beh\u00f6ver du en borrmaskin, ett vattenpass och en tr\u00e4hammare . &#8211; Undvik alla slag under monteringen. &#8211; F\u00e4st denna produkt p\u00e5 en betong-, l\u00e4ttbetong- eller tegelv\u00e4gg. Om du vill f\u00e4sta den p\u00e5 en gipsskiva m\u00e5ste du f\u00f6rst skaffa l\u00e4mpliga skruvar i en fackbutik.<\/p>\n","protected":false},"excerpt":{"rendered":"<p>SONGMICS v\u00e4gghylla, 3-pack, kubhylla, sv\u00e4vande hylla, kubhylla, belastningskapacitet upp till 15 kg, l\u00e4ngd 44 cm 39 cm 34 cm, vit LWS97W<\/p>\n","protected":false},"featured_media":44396,"comment_status":"open","ping_status":"closed","template":"","meta":[],"product_brand":[],"product_cat":[33],"product_tag":[],"class_list":{"0":"post-16721","1":"product","2":"type-product","3":"status-publish","4":"has-post-thumbnail","6":"product_cat-okategoriserad","8":"first","9":"instock","10":"shipping-taxable","11":"purchasable","12":"product-type-simple"},"_links":{"self":[{"href":"https:\/\/nordicmart.andreevmaster.com\/sv\/wp-json\/wp\/v2\/product\/16721","targetHints":{"allow":["GET"]}}],"collection":[{"href":"https:\/\/nordicmart.andreevmaster.com\/sv\/wp-json\/wp\/v2\/product"}],"about":[{"href":"https:\/\/nordicmart.andreevmaster.com\/sv\/wp-json\/wp\/v2\/types\/product"}],"replies":[{"embeddable":true,"href":"https:\/\/nordicmart.andreevmaster.com\/sv\/wp-json\/wp\/v2\/comments?post=16721"}],"wp:featuredmedia":[{"embeddable":true,"href":"https:\/\/nordicmart.andreevmaster.com\/sv\/wp-json\/wp\/v2\/media\/44396"}],"wp:attachment":[{"href":"https:\/\/nordicmart.andreevmaster.com\/sv\/wp-json\/wp\/v2\/media?parent=16721"}],"wp:term":[{"taxonomy":"product_brand","embeddable":true,"href":"https:\/\/nordicmart.andreevmaster.com\/sv\/wp-json\/wp\/v2\/product_brand?post=16721"},{"taxonomy":"product_cat","embeddable":true,"href":"https:\/\/nordicmart.andreevmaster.com\/sv\/wp-json\/wp\/v2\/product_cat?post=16721"},{"taxonomy":"product_tag","embeddable":true,"href":"https:\/\/nordicmart.andreevmaster.com\/sv\/wp-json\/wp\/v2\/product_tag?post=16721"}],"curies":[{"name":"wp","href":"https:\/\/api.w.org\/{rel}","templated":true}]}}