{"id":16720,"date":"2026-02-27T00:31:55","date_gmt":"2026-02-27T00:31:55","guid":{"rendered":"https:\/\/nordicmart.andreevmaster.com\/product\/songmics-vagghyllor-3-pack-vita\/"},"modified":"2026-02-27T08:22:09","modified_gmt":"2026-02-27T08:22:09","slug":"songmics-vagghyllor-3-pack-vita","status":"publish","type":"product","link":"https:\/\/nordicmart.andreevmaster.com\/sv\/produkt\/songmics-vagghyllor-3-pack-vita\/","title":{"rendered":"SONGMICS v\u00e4gghyllor, 3-pack, vita"},"content":{"rendered":"<p>Mer f\u00f6rvaringsutrymme, mer elegans: Skaffa dessa 3 v\u00e4gghyllor (l\u00e4ngd 40, 50, 60 cm och djup 15 cm), som kombinerar den enkla mattvita hyllan och glansen fr\u00e5n j\u00e4rntr\u00e5darna f\u00f6r att ge ditt hem en touch av elegans och samtidigt skapa mer f\u00f6rvaringsutrymme. Oroa dig inte, de kommer inte att stj\u00e4la uppm\u00e4rksamheten fr\u00e5n dina dekorationer, utan ist\u00e4llet framh\u00e4va dem p\u00e5 ett stilfullt s\u00e4tt. Dina rum kr\u00e4ver en viss kvalitet: Dessa flytande hyllor \u00e4r tillverkade av h\u00f6gkvalitativa MDF-skivor (klass E1) och robusta metalltr\u00e5dar, vilket g\u00f6r dem h\u00e5llbara s\u00e5 att du kan njuta av dem i m\u00e5nga \u00e5r fram\u00f6ver. Dessutom kan de enkelt integreras \u00f6verallt, till exempel i vardagsrummet, arbetsrummet eller hallen. \u00c4ntligen hittar dina fotoramar, souvenirer, kontorsartiklar eller andra dekorationsf\u00f6rem\u00e5l en l\u00e4mplig plats! Letar du efter en robust och stilfull v\u00e4gghylla? D\u00e5 \u00e4r denna produkt fr\u00e5n SONGMICS precis r\u00e4tt f\u00f6r dig! Produktdetaljer: F\u00e4rg: Vit Material: MDF (medeldensitetsfiberplatta), j\u00e4rntr\u00e5d Total storlek: 40\/50\/60 x 15 x 16 cm (L x B x H) Vikt: 2,8 kg Max. statisk belastningskapacitet per hylla: 15 kg Leveransomfattning: 3 x v\u00e4gghylla 1 x p\u00e5se med tillbeh\u00f6r 1 x bruksanvisning (DE, EN, FR, ES, IT)<\/p>\n","protected":false},"excerpt":{"rendered":"<p>SONGMICS v\u00e4gghylla, 3-pack, sv\u00e4vande hylla, dekorativa hyllor, f\u00f6r sovrum, vardagsrum, k\u00f6k och hall, belastningskapacitet upp till 15 kg per hylla, olika l\u00e4ngder 40, 50, 60 cm, vit LWS68WT<\/p>\n","protected":false},"featured_media":0,"comment_status":"open","ping_status":"closed","template":"","meta":[],"product_brand":[],"product_cat":[33],"product_tag":[],"class_list":{"0":"post-16720","1":"product","2":"type-product","3":"status-publish","5":"product_cat-okategoriserad","7":"first","8":"instock","9":"shipping-taxable","10":"purchasable","11":"product-type-simple"},"_links":{"self":[{"href":"https:\/\/nordicmart.andreevmaster.com\/sv\/wp-json\/wp\/v2\/product\/16720","targetHints":{"allow":["GET"]}}],"collection":[{"href":"https:\/\/nordicmart.andreevmaster.com\/sv\/wp-json\/wp\/v2\/product"}],"about":[{"href":"https:\/\/nordicmart.andreevmaster.com\/sv\/wp-json\/wp\/v2\/types\/product"}],"replies":[{"embeddable":true,"href":"https:\/\/nordicmart.andreevmaster.com\/sv\/wp-json\/wp\/v2\/comments?post=16720"}],"wp:attachment":[{"href":"https:\/\/nordicmart.andreevmaster.com\/sv\/wp-json\/wp\/v2\/media?parent=16720"}],"wp:term":[{"taxonomy":"product_brand","embeddable":true,"href":"https:\/\/nordicmart.andreevmaster.com\/sv\/wp-json\/wp\/v2\/product_brand?post=16720"},{"taxonomy":"product_cat","embeddable":true,"href":"https:\/\/nordicmart.andreevmaster.com\/sv\/wp-json\/wp\/v2\/product_cat?post=16720"},{"taxonomy":"product_tag","embeddable":true,"href":"https:\/\/nordicmart.andreevmaster.com\/sv\/wp-json\/wp\/v2\/product_tag?post=16720"}],"curies":[{"name":"wp","href":"https:\/\/api.w.org\/{rel}","templated":true}]}}