{"id":16719,"date":"2026-02-27T00:31:55","date_gmt":"2026-02-27T00:31:55","guid":{"rendered":"https:\/\/nordicmart.andreevmaster.com\/product\/songmics-vagformade-vagghyllor-2-pack-vita\/"},"modified":"2026-02-27T08:22:09","modified_gmt":"2026-02-27T08:22:09","slug":"songmics-vagformade-vagghyllor-2-pack-vita","status":"publish","type":"product","link":"https:\/\/nordicmart.andreevmaster.com\/sv\/produkt\/songmics-vagformade-vagghyllor-2-pack-vita\/","title":{"rendered":"SONGMICS V\u00e5gformade v\u00e4gghyllor, 2-pack, vita"},"content":{"rendered":"<p>Denna praktiska zickzackhylla passar utm\u00e4rkt i alla hem! Songmics v\u00e4gghylla best\u00e5r av MDF-skivor som har testats enligt E1-standarden. Den \u00e4r fuktbest\u00e4ndig, deformeras inte l\u00e4tt och har h\u00f6g belastningskapacitet. Enkel montering tack vare integrerad v\u00e4ggf\u00e4ste. Den enkla formen och det osynliga upph\u00e4ngningssystemet ger denna hylla en stilren touch. Med sin minimalistiska look och moderna stil \u00e4r hyllsetet den perfekta f\u00f6rvaringsytan f\u00f6r b\u00f6cker, CD-skivor och andra sm\u00e5saker. Detta trendiga hyllset med 2 hyllor i elegant retrostil \u00e4r ett riktigt blickf\u00e5ng! Produktdetaljer:  &#8211; Material: MDF-skivor (klass E1) M\u00e5tt:  &#8211; Utf\u00f6rande 1: (horisontellt) 71,5 x 13,8 x 15 (B x H x D) &#8211; Utf\u00f6rande 2: (som trapphylla) 50 x 50 x 15 (B x H x D) Leveransomfattning:  &#8211; 1 x set v\u00e4gghylla (2 hyllor) &#8211; 1 x set skruvar (4 x) och pluggar (4 x) f\u00f6r montering &#8211; 1 x bruksanvisning (DE, FR, EN, IT, ES) <\/p>\n","protected":false},"excerpt":{"rendered":"<p>SONGMICS v\u00e4gghylla, sv\u00e4vande hyllor, 2-pack, kubhylla, bokhylla, CD-hylla, barnrum, 71,5 cm, vit LWS67W<\/p>\n","protected":false},"featured_media":44395,"comment_status":"open","ping_status":"closed","template":"","meta":[],"product_brand":[],"product_cat":[33],"product_tag":[],"class_list":{"0":"post-16719","1":"product","2":"type-product","3":"status-publish","4":"has-post-thumbnail","6":"product_cat-okategoriserad","8":"first","9":"instock","10":"shipping-taxable","11":"purchasable","12":"product-type-simple"},"_links":{"self":[{"href":"https:\/\/nordicmart.andreevmaster.com\/sv\/wp-json\/wp\/v2\/product\/16719","targetHints":{"allow":["GET"]}}],"collection":[{"href":"https:\/\/nordicmart.andreevmaster.com\/sv\/wp-json\/wp\/v2\/product"}],"about":[{"href":"https:\/\/nordicmart.andreevmaster.com\/sv\/wp-json\/wp\/v2\/types\/product"}],"replies":[{"embeddable":true,"href":"https:\/\/nordicmart.andreevmaster.com\/sv\/wp-json\/wp\/v2\/comments?post=16719"}],"wp:featuredmedia":[{"embeddable":true,"href":"https:\/\/nordicmart.andreevmaster.com\/sv\/wp-json\/wp\/v2\/media\/44395"}],"wp:attachment":[{"href":"https:\/\/nordicmart.andreevmaster.com\/sv\/wp-json\/wp\/v2\/media?parent=16719"}],"wp:term":[{"taxonomy":"product_brand","embeddable":true,"href":"https:\/\/nordicmart.andreevmaster.com\/sv\/wp-json\/wp\/v2\/product_brand?post=16719"},{"taxonomy":"product_cat","embeddable":true,"href":"https:\/\/nordicmart.andreevmaster.com\/sv\/wp-json\/wp\/v2\/product_cat?post=16719"},{"taxonomy":"product_tag","embeddable":true,"href":"https:\/\/nordicmart.andreevmaster.com\/sv\/wp-json\/wp\/v2\/product_tag?post=16719"}],"curies":[{"name":"wp","href":"https:\/\/api.w.org\/{rel}","templated":true}]}}